{"id":55,"date":"2013-06-17T11:49:25","date_gmt":"2013-06-17T09:49:25","guid":{"rendered":"https:\/\/tejidosintejer-notejido.es\/?page_id=55"},"modified":"2021-09-21T16:21:53","modified_gmt":"2021-09-21T14:21:53","slug":"tst","status":"publish","type":"page","link":"https:\/\/tejidosintejer-notejido.es\/fr\/","title":{"rendered":"TST"},"content":{"rendered":"<p><div class=\"one_half\"><\/p>\n<div id=\"home_productos\">\n<div class=\"home_caja\">\n<h2>PRODUITS<\/h2>\n<p>Une grande offre de produits non-tiss\u00e9s, nous permet d&rsquo;offrir des solutions techniques adapt\u00e9es aux besoins de nos clients.<\/p>\n<p style=\"text-align: right; margin-bottom: 0;\">\n<\/div>\n<\/div>\n<p><\/div> <div class=\"one_half last\"><\/p>\n<div class=\"home_apartado\" id=\"home_aplicaciones\">\n<div class=\"home_caja\">\n<h2>APLICATIONS<\/h2>\n<p>C&rsquo;est avec le tissu non-tiss\u00e9 que vous allez trouver une solution ou bien nous vous invitons \u00e0 inventer ensemble une nouvelle application. La limite de son utilisation est dans votre imagination.<\/p>\n<p style=\"text-align: right; margin-bottom: 0;\">\n<\/div>\n<p><a href=\"https:\/\/tejidosintejer-notejido.es\/agricultura\/\"><img loading=\"lazy\" class=\"alignnone size-full wp-image-997\" alt=\"foto_aplicaciones\" src=\"https:\/\/tejidosintejer-notejido.es\/wp-content\/uploads\/foto_aplicaciones.jpg\" width=\"250\" height=\"250\" srcset=\"https:\/\/tejidosintejer-notejido.es\/wp-content\/uploads\/foto_aplicaciones.jpg 250w, https:\/\/tejidosintejer-notejido.es\/wp-content\/uploads\/foto_aplicaciones-150x150.jpg 150w\" sizes=\"(max-width: 250px) 100vw, 250px\" \/><\/a><\/p>\n<\/div>\n<div class=\"home_apartado\" id=\"home_empresa\">\n<div class=\"home_caja\">\n<h2>ENTREPRISE<\/h2>\n<p>Nous nous d\u00e9dions \u00e0 fournir du tissu non-tiss\u00e9 notamment dans le secteur industriel, en conseillant aux entreprises qui sont \u00e0 la recherche de nouvelles solutions.<\/p>\n<p style=\"text-align: right; margin-bottom: 0;\">\n<\/div>\n<p><a href=\"https:\/\/tejidosintejer-notejido.es\/empresa\/\"><img loading=\"lazy\" class=\"alignnone size-full wp-image-998\" alt=\"foto_empresa\" src=\"https:\/\/tejidosintejer-notejido.es\/wp-content\/uploads\/foto_empresa.jpg\" width=\"250\" height=\"250\" srcset=\"https:\/\/tejidosintejer-notejido.es\/wp-content\/uploads\/foto_empresa.jpg 250w, https:\/\/tejidosintejer-notejido.es\/wp-content\/uploads\/foto_empresa-150x150.jpg 150w\" sizes=\"(max-width: 250px) 100vw, 250px\" \/><\/a><\/p>\n<\/div>\n<p><\/div><div class=\"clear\"><\/div> <div class=\"one_half\"><\/p>\n<div class=\"home_caja caja_servicio\" id=\"home_tsttejidosintejer\">\n<h2>TST = TISSU NON TISS\u00c9<\/h2>\n<p>Le tissu non-tiss\u00e9 est un tissu form\u00e9 par des fibres unies moyennant des proc\u00e9d\u00e9s de fabrication thermiques, chimiques ou m\u00e9caniques.<\/p>\n<\/div>\n<p><\/div> <div class=\"one_half last\"><\/p>\n<div class=\"home_apartado\" id=\"home_contacto\">\n<div class=\"home_caja\">\n<h2>CONTACT<\/h2>\n<p>Pol. Ind. IP7 \u2013 Av. Francia, 5<br \/>\n46890 Agullent (VALENCIA)<br \/>\nT. (+34) <a href=\"tel:961116256\">961 116 256<\/a><\/p>\n<p style=\"text-align: right; margin-bottom: 0;\">\n<\/div>\n<p><a href=\"https:\/\/tejidosintejer-notejido.es\/contacto\/\"><img loading=\"lazy\" class=\"alignnone size-full wp-image-999\" alt=\"foto_contacto\" src=\"https:\/\/tejidosintejer-notejido.es\/wp-content\/uploads\/foto_contacto.jpg\" width=\"250\" height=\"250\" srcset=\"https:\/\/tejidosintejer-notejido.es\/wp-content\/uploads\/foto_contacto.jpg 250w, https:\/\/tejidosintejer-notejido.es\/wp-content\/uploads\/foto_contacto-150x150.jpg 150w\" sizes=\"(max-width: 250px) 100vw, 250px\" \/><\/a><\/p>\n<\/div>\n<p><\/div><div class=\"clear\"><\/div><\/p>\n<!-- AddThis Advanced Settings generic via filter on the_content --><!-- AddThis Share Buttons generic via filter on the_content -->","protected":false},"excerpt":{"rendered":"<p><!-- AddThis Advanced Settings generic via filter on get_the_excerpt --><!-- AddThis Share Buttons generic via filter on get_the_excerpt --><\/p>\n","protected":false},"author":1,"featured_media":0,"parent":0,"menu_order":0,"comment_status":"closed","ping_status":"closed","template":"","meta":{"_mi_skip_tracking":false},"_links":{"self":[{"href":"https:\/\/tejidosintejer-notejido.es\/fr\/wp-json\/wp\/v2\/pages\/55"}],"collection":[{"href":"https:\/\/tejidosintejer-notejido.es\/fr\/wp-json\/wp\/v2\/pages"}],"about":[{"href":"https:\/\/tejidosintejer-notejido.es\/fr\/wp-json\/wp\/v2\/types\/page"}],"author":[{"embeddable":true,"href":"https:\/\/tejidosintejer-notejido.es\/fr\/wp-json\/wp\/v2\/users\/1"}],"replies":[{"embeddable":true,"href":"https:\/\/tejidosintejer-notejido.es\/fr\/wp-json\/wp\/v2\/comments?post=55"}],"version-history":[{"count":42,"href":"https:\/\/tejidosintejer-notejido.es\/fr\/wp-json\/wp\/v2\/pages\/55\/revisions"}],"predecessor-version":[{"id":1786,"href":"https:\/\/tejidosintejer-notejido.es\/fr\/wp-json\/wp\/v2\/pages\/55\/revisions\/1786"}],"wp:attachment":[{"href":"https:\/\/tejidosintejer-notejido.es\/fr\/wp-json\/wp\/v2\/media?parent=55"}],"curies":[{"name":"wp","href":"https:\/\/api.w.org\/{rel}","templated":true}]}}