{"id":362,"date":"2013-07-11T17:54:55","date_gmt":"2013-07-11T15:54:55","guid":{"rendered":"https:\/\/tejidosintejer-notejido.es\/?page_id=362"},"modified":"2014-10-06T19:52:20","modified_gmt":"2014-10-06T17:52:20","slug":"sanitario","status":"publish","type":"page","link":"https:\/\/tejidosintejer-notejido.es\/fr\/sanitario\/","title":{"rendered":"Sanitaire"},"content":{"rendered":"<p><\/p>\n<div class=\"subnav-wrap\">\n<p><a style=\"margin-left: 0;\" href=\"#cultivos\">H\u00f4pitaux<\/a><span style=\"font-size: 20px;\"><span style=\"font-size: 20px;\">|<\/span><\/span><a href=\"#escuelas\">G\u00e9riatriques \/ Ecoles Maternelles <\/a>| <a href=\"#higiene\">Hygi\u00e8ne personnelle<\/a><\/p>\n<\/div>\n<p><div class=\"one_third\"><\/div><a name=\"cultivos\"><\/a><\/p>\n<h3><span style=\"color: #d05f5b;\">H\u00f4pitaux:<br \/>\n<\/span><\/h3>\n<p>Les v\u00eatements sanitaires traditionnels\u00a0 comme ceux en coton, peuvent plut\u00f4t aider \u00e0 une diss\u00e9mination de germes et \u00e0 des infections crois\u00e9es qu&rsquo;\u00e0 agir en tant que barri\u00e8re antibact\u00e9rienne, puis qu&rsquo;ils ont environ 60%\u00a0 de d\u00e9tachement de peluche et \u00e9tant donn\u00e9 qu&rsquo;il s&rsquo;agit d&rsquo;un tissu poreux, il laisse passer les nombreux microorganismes comme les bact\u00e9ries, les virus, les fongus, etc&#8230;<\/p>\n<p>Les v\u00eatements m\u00e9dicaux en tissu non tiss\u00e9 en polypropyl\u00e8ne comme le spunbond ou le sms, aide \u00e0 combattre ces possibles infections. En plus, le tissu non tiss\u00e9 en polypropyl\u00e8ne est une excellente barri\u00e8re antibact\u00e9rienne, avec une efficacit\u00e9 de filtration bact\u00e9rienne sup\u00e9rieure \u00e0 90%.<br \/>\nD&rsquo;une autre part, apr\u00e8s son usage, les v\u00eatements traditionnels en coton doivent \u00eatre lav\u00e9s \u00e0 hautes temp\u00e9ratures, d\u00e9sinfect\u00e9s \u00e0 l&rsquo;eau de javel, repass\u00e9s, pli\u00e9s, empoch\u00e9s, transport\u00e9s au centre et stock\u00e9s jusqu&rsquo;\u00e0 sa nouvelle utilisation. Tout un proc\u00e9d\u00e9 qui fait monter le prix du service par rapport au tissu non tiss\u00e9 jetable.<\/p>\n<p>En <strong>TST NON TISS\u00c9<\/strong> nous fournissons des tissus non tiss\u00e9s pour la confection de produits jetables sanitaires, en garantissant une optimale bios\u00e9curit\u00e9 selon la OMS. \u00c9tant donn\u00e9 les excellentes propri\u00e9t\u00e9s qu&rsquo;ils pr\u00e9sentent, les non tiss\u00e9s jetables se trouvent dans tous les domaines qui entourent la sant\u00e9, puisqu&rsquo;ils sont hypoallerg\u00e9niques, antistatiques, perm\u00e9ables \u00e0 la vapeur d&rsquo;eau, ou qu&rsquo;ils rejettent les liquides et les fluides polluants.<\/p>\n<p><\/div><div class=\"one_third\"><\/p>\n<h4>Blouses \/ Bonnets \/ Masques<\/h4>\n<p><a class=\"enl-aplic-producto\" href=\"https:\/\/tejidosintejer-notejido.es\/portfolio\/tst-bond\/\">TST BOND<\/a> <a class=\"enl-aplic-producto\" href=\"https:\/\/tejidosintejer-notejido.es\/portfolio\/tst-sms\/\">TST SMS<\/a><br \/>\nLes centres sanitaires, dentistes, kin\u00e9sith\u00e9rapeutes, h\u00f4pitaux, laboratoires de m\u00e9decine, etc., sont ceux qui quotidiennement et depuis bien des ann\u00e9es utilisent des mati\u00e8res jetables en tissu non tiss\u00e9, puisque de fa\u00e7on ind\u00e9pendante ou en combinaison \u00e0 d&rsquo;autres mati\u00e8res, ils proportionnent une barri\u00e8re de protection contre les infections et les maladies.<br \/>\nLe tissu non tiss\u00e9 TST BOND \u00e0 composition polypropyl\u00e8ne 100%, est hydrophobe et ne d\u00e9tache pas de poussi\u00e8re, c&rsquo;est pour cela qu&rsquo;il a des applications en m\u00e9decine telles que les blouses, les masques, les bonnets, les couvre chaussures, les couvre barbes, les taies d&rsquo;oreiller, les draps, les rouleaux pour civi\u00e8res&#8230;<br \/>\nLa diff\u00e9rence entre les tissus non tiss\u00e9s TST BOND et TST SMS est que ce dernier garantit une plus grande protection gr\u00e2ce \u00e0 la couche interm\u00e9diaire de sa structure lamin\u00e9e, laquelle agit comme barri\u00e8re bact\u00e9rienne en \u00e9vitant l&rsquo;infection crois\u00e9e, en bloquant effectivement les germes pathog\u00e8nes des fluides.<\/p>\n<p><img loading=\"lazy\" class=\"alignnone size-full wp-image-1217\" title=\"Sanitario. Batas, gorros, mascarillas\" alt=\"Sanitario. Batas, gorros, mascarillas\" src=\"https:\/\/tejidosintejer-notejido.es\/wp-content\/uploads\/sanitario_hospitalario.jpg\" width=\"309\" height=\"282\" srcset=\"https:\/\/tejidosintejer-notejido.es\/wp-content\/uploads\/sanitario_hospitalario.jpg 309w, https:\/\/tejidosintejer-notejido.es\/wp-content\/uploads\/sanitario_hospitalario-300x273.jpg 300w\" sizes=\"(max-width: 309px) 100vw, 309px\" \/><\/p>\n<p><\/div><div class=\"one_third last\"><\/p>\n<h4>Protecteurs de lit<\/h4>\n<p><a class=\"enl-aplic-producto\" href=\"https:\/\/tejidosintejer-notejido.es\/portfolio\/tst-bond\/\">TST BOND<\/a><br \/>\nLe protecteur de lit en \u00e9ponge est un produit sanitaire \u00e9labor\u00e9 dans le but de prot\u00e9ger les personnes \u00e2g\u00e9es contre l&rsquo;incontinence urinaire, les selles f\u00e9cales et les s\u00e9cr\u00e9tions lors du changement de v\u00eatements, la toilette et les soins.<br \/>\nLa couche sup\u00e9rieure des protecteurs est manufactur\u00e9e en tissu non tiss\u00e9 TST BOND en finition hydrophile, ce qui permet de filtrer l&rsquo;urine vers la couche suivante ultra-absorbante, en maintenant la peau s\u00e8che et sans irritation.<\/p>\n<h4>Draps protecteurs<\/h4>\n<p><a class=\"enl-aplic-producto\" href=\"https:\/\/tejidosintejer-notejido.es\/portfolio\/tst-laminado\/\">TST LAMIN\u00c9<\/a><br \/>\nLe tissu non tiss\u00e9 TST LAMIN\u00c9 se confectionne en tant que draps de protection pour les lits d&rsquo;h\u00f4pitaux. Sa condition de mati\u00e8re plastifi\u00e9e prot\u00e8ge le matelas \u00e9tant donn\u00e9 qu&rsquo;il ne laisse pas passer les liquides ou solides en forme de poussi\u00e8re.<br \/>\nLes fonctions protectrices du non tiss\u00e9 TST LAMIN\u00c9 le font appara\u00eetre dans d&rsquo;autres produits jetables des h\u00f4pitaux, tels que couvre-manches, tabliers, blouses ou protecteurs pour le visage.<\/p>\n<p><\/div><div class=\"clear\"><\/div><div class=\"one_third\"><a name=\"escuelas\"><\/a><\/p>\n<h3><span style=\"color: #d05f5b;\">G\u00e9riatriques \/ Ecoles Maternelles:<br \/>\n<\/span><\/h3>\n<p>L&rsquo;hygi\u00e8ne est une partie fondamentale dans nos vies dans le but de pr\u00e9venir la possible contagion et maladies. L&rsquo;ambiance dans les \u00e9coles maternelles, les centres de jour, centres pour handicap\u00e9s, \u00e9tablissements g\u00e9riatriques ou r\u00e9sidences, a habituellement de hauts niveaux microbiologiques, donc il est conseill\u00e9 l&rsquo;utilisation de produits hygi\u00e9niques fabriqu\u00e9s en tissu non tiss\u00e9.<br \/>\nRenforcer les mesures hygi\u00e9niques sanitaires de s\u00e9curit\u00e9 et de pr\u00e9caution, en utilisant des tissus non tiss\u00e9s jetables en Spunbond, aide \u00e0 combattre les maladies et les infections, en conservant de fa\u00e7on ad\u00e9quate un d\u00e9veloppement \u00e9ducatif, culturel et de sant\u00e9 mentale des usagers des centres.<\/p>\n<p><img loading=\"lazy\" class=\"alignnone size-full wp-image-1215\" title=\"Sanitario. Escuelas infantiles\" alt=\"Sanitario. Escuelas infantiles\" src=\"https:\/\/tejidosintejer-notejido.es\/wp-content\/uploads\/sanitario_escuelas_infantiles.jpg\" width=\"309\" height=\"282\" srcset=\"https:\/\/tejidosintejer-notejido.es\/wp-content\/uploads\/sanitario_escuelas_infantiles.jpg 309w, https:\/\/tejidosintejer-notejido.es\/wp-content\/uploads\/sanitario_escuelas_infantiles-300x273.jpg 300w\" sizes=\"(max-width: 309px) 100vw, 309px\" \/><\/p>\n<p><\/div><div class=\"one_third\"><\/p>\n<h4>Bavettes et bavoirs<\/h4>\n<p><a class=\"enl-aplic-producto\" href=\"https:\/\/tejidosintejer-notejido.es\/portfolio\/tst-bond\/\">TST BOND<\/a><br \/>\nLes bavoirs et les bavettes utilis\u00e9s tant pour les plus petits, comme pour les personnes \u00e2g\u00e9es, entra\u00eenent de lourds et chers proc\u00e9d\u00e9s de r\u00e9utilisation. Pour \u00e9viter le lavage, en \u00e9pargnant du temps et de l&rsquo;argent, nous utiliserons ces articles fabriqu\u00e9s en notre tissu non tiss\u00e9 jetable TST BOND.<br \/>\nLe TNT ou tissu non tiss\u00e9 est hypoallerg\u00e9nique et antibact\u00e9rien, il est donc sp\u00e9cialement indiqu\u00e9 pour \u00eatre utilis\u00e9 dans la confection de bavettes ou bavoirs.<\/p>\n<h4>Protecteurs de lits<\/h4>\n<p><a class=\"enl-aplic-producto\" href=\"https:\/\/tejidosintejer-notejido.es\/portfolio\/tst-bond\/\">TST BOND<\/a><br \/>\nLes protecteurs de lits sont des produits tr\u00e8s demand\u00e9s d\u00fb au double usage qu&rsquo;ils ont, d&rsquo;un c\u00f4t\u00e9 ils prot\u00e8gent de l&rsquo;humidit\u00e9 les b\u00e9b\u00e9s ou les personnes qui doivent demeurer au lit, dans les proc\u00e9d\u00e9s de changement de couches, changement de v\u00eatements ou bien lors de la toilette personnelle; d&rsquo;un autre c\u00f4t\u00e9 ils rejettent les t\u00e2ches qui pourraient se produire sur les lits, les chaises ou les sofas et qui d\u00e9gageraient de mauvaises odeurs.<br \/>\nLa couche sup\u00e9rieure du protecteur est manufactur\u00e9e en TST BOND, tissu non tiss\u00e9 \u00e0 finition hydrophile\u00a0 qui permet de filtrer l&rsquo;urine vers la couche absorbante, en conservant la peau s\u00e8che et sans irritations.<\/p>\n<p><\/div><div class=\"one_third last\"><\/p>\n<h4>Draps et protecteurs de lits<\/h4>\n<p><a class=\"enl-aplic-producto\" href=\"https:\/\/tejidosintejer-notejido.es\/portfolio\/tst-bond\/\">TST BOND<\/a> <a class=\"enl-aplic-producto\" href=\"https:\/\/tejidosintejer-notejido.es\/portfolio\/tst-laminado\/\">TST LAMINADO<\/a><br \/>\nDans les cr\u00e8ches il est recommand\u00e9 l&rsquo;utilisation de draps et taies d&rsquo;oreiller plastifi\u00e9s, en \u00e9vitant ainsi que l&rsquo;urine passe. Le lavage des tissus traditionnels repr\u00e9sente une usure rapide de ceux-ci, et en plus un co\u00fbt \u00e9lev\u00e9 par rapport \u00e0 l&#8217;emploi des tissus non tiss\u00e9s jetables TST BOND ou TST LAMIN\u00c9.<br \/>\nAvec l&rsquo;application du tissu non tiss\u00e9 TST LAMIN\u00c9 nous r\u00e9ussissons \u00e0 avoir une meilleure imperm\u00e9abilit\u00e9 par rapport au TST BOND. L&rsquo;application de n&rsquo;importe lequel de ces deux non tiss\u00e9s jetables \u00e9viterait les proc\u00e9d\u00e9s de lavage, s\u00e9chage, repassage&#8230;<\/p>\n<h4>Nappes, tabliers et bonnets<\/h4>\n<p><a class=\"enl-aplic-producto\" href=\"https:\/\/tejidosintejer-notejido.es\/portfolio\/tst-bond\/\">TST BOND<\/a><br \/>\nDans les cuisines des \u00e9coles maternelles et des centres de personnes \u00e2g\u00e9es, l&rsquo;utilisation de tabliers et de bonnets en polypropyl\u00e8ne 100% spunbond contribue \u00e0 la pratique des habitudes hygi\u00e9niques et saines. Ces produits fabriqu\u00e9s en tissu non tiss\u00e9 jetable se caract\u00e9risent parce qu&rsquo;ils sont anticontamination, ils sont hypoallerg\u00e9niques et atoxiques.<\/p>\n<h4>Sacs.<\/h4>\n<p><a class=\"enl-aplic-producto\" href=\"https:\/\/tejidosintejer-notejido.es\/portfolio\/tst-bond\/\">TST BOND<\/a><br \/>\nPersonnalisez vos sacs scolaires pour le go\u00fbter, les sacs \u00e0 chaussures, les sacs \u00e0 v\u00eatements de rechange ou les sacs \u00e0 dos avec votre logo corporatif sur le tissu non tiss\u00e9 en polypropyl\u00e8ne 100%. Les principales motivations pour l&rsquo;utilisation de sacs en tissu non tiss\u00e9 TST BOND dans les cr\u00e8ches et les \u00e9coles sont sa r\u00e9sistance, durabilit\u00e9 et bas co\u00fbt. Les sacs en tissu non tiss\u00e9 peuvent \u00eatre r\u00e9utilis\u00e9s pendant \u00e0 peu pr\u00e8s un cycle scolaire.<\/p>\n<p><\/div><div class=\"clear\"><\/div><div class=\"one_third\"><a name=\"higiene\"><\/a><\/p>\n<h3><span style=\"color: #d05f5b;\">Hygi\u00e8ne personnelle:<\/span><\/h3>\n<p>L&rsquo;utilisation du tissu non tiss\u00e9 dans le domaine de l&rsquo;hygi\u00e8ne personnelle devient indispensable d\u00fb aux propri\u00e9t\u00e9s telles que la grande capacit\u00e9 d&rsquo;absorption, la grande r\u00e9sistance ou la grande douceur. Sa condition de non tiss\u00e9 jetable fait son utilisation fr\u00e9quente dans le secteur hygi\u00e9nique.<\/p>\n<p><img loading=\"lazy\" class=\"alignnone size-full wp-image-1216\" title=\"Sanitario. Higiene personal\" alt=\"Sanitario. Higiene personal\" src=\"https:\/\/tejidosintejer-notejido.es\/wp-content\/uploads\/sanitario_higiene_personal.jpg\" width=\"309\" height=\"282\" srcset=\"https:\/\/tejidosintejer-notejido.es\/wp-content\/uploads\/sanitario_higiene_personal.jpg 309w, https:\/\/tejidosintejer-notejido.es\/wp-content\/uploads\/sanitario_higiene_personal-300x273.jpg 300w\" sizes=\"(max-width: 309px) 100vw, 309px\" \/><\/p>\n<p><\/div><div class=\"one_third\"><\/p>\n<h4>Lingettes humides<\/h4>\n<p><a class=\"enl-aplic-producto\" href=\"https:\/\/tejidosintejer-notejido.es\/portfolio\/tst-lace\/\">TST LACE<\/a><br \/>\nLes lingettes humides jetables fabriqu\u00e9es en tissu non tiss\u00e9 TST LACE ou spunlace, sont un composant base dans l&rsquo;hygi\u00e8ne personnelle, en substituant ou en compl\u00e9tant la toilette \u00e0 l&rsquo;eau et au savon.<br \/>\nLe non tiss\u00e9 Spunlace est excellent en r\u00e9sistance et douceur.<br \/>\nNotre tissu non tiss\u00e9 jetable TST LACE est amplement utilis\u00e9 pour la toilette des b\u00e9b\u00e9s et des personnes \u00e2g\u00e9es, pour l&rsquo;hygi\u00e8ne intime f\u00e9minine, pour le d\u00e9maquillage, pour le nettoyage des mains ou bien comme lingettes d\u00e9odorantes pour les restaurants.<\/p>\n<p><\/div><div class=\"one_third last\"><\/p>\n<h4>Couches<\/h4>\n<p><a class=\"enl-aplic-producto\" href=\"https:\/\/tejidosintejer-notejido.es\/portfolio\/tst-bond\/\">TST BOND<\/a> <a class=\"enl-aplic-producto\" href=\"https:\/\/tejidosintejer-notejido.es\/portfolio\/tst-sms\/\">TST SMS<\/a><br \/>\nLes couches sont des produits jetables compos\u00e9s par diff\u00e9rents tissus non tiss\u00e9s et par des mat\u00e9riaux sp\u00e9cialement con\u00e7us pour soigner et conserver la peau s\u00e8che, en la prot\u00e9geant des infections et escarres.<br \/>\nLes non tiss\u00e9s en polypropyl\u00e8ne 100% sont recommand\u00e9s pour le contacte avec la peau, \u00e9tant donn\u00e9 qu&rsquo;il s&rsquo;agit de mat\u00e9riaux doux, dermatologiquement test\u00e9s et qui ne produisent ni irritations ni \u00e9raflures.<br \/>\nLe tissu non tiss\u00e9 est employ\u00e9 pour la fabrication de tous les composants qui forment la couche. Nous trouverons donc les parties lat\u00e9rales qui \u00e9viteraient les fuites d&rsquo;urine fabriqu\u00e9es en non tiss\u00e9 TST SMS, la partie de derri\u00e8re de la couche compos\u00e9e par les non tiss\u00e9s TST SMS et TST BOND, et la partie du dessus qui serait en contact avec la peau se confectionnerait en tissu non tiss\u00e9 TST BOND hydrophile. En plus, l&rsquo;int\u00e9rieur de la couche compos\u00e9 par de la cellulose est recouvert par du Spunbond hydrophile, auquel il peut \u00eatre rajout\u00e9 sur la partie de derri\u00e8re une lame de non tiss\u00e9 TST SMS.<\/p>\n<p><\/div><div class=\"clear\"><\/div><div class=\"one_third\"><a name=\"bolsas\"><\/a><\/p>\n<!-- AddThis Advanced Settings generic via filter on the_content --><!-- AddThis Share Buttons generic via filter on the_content -->","protected":false},"excerpt":{"rendered":"<p>D\u00e9sol\u00e9, cet article est seulement disponible en Espagnol Europ\u00e9en.<!-- AddThis Advanced Settings generic via filter on get_the_excerpt --><!-- AddThis Share Buttons generic via filter on get_the_excerpt --><\/p>\n","protected":false},"author":1,"featured_media":0,"parent":0,"menu_order":0,"comment_status":"closed","ping_status":"closed","template":"","meta":{"_mi_skip_tracking":false},"_links":{"self":[{"href":"https:\/\/tejidosintejer-notejido.es\/fr\/wp-json\/wp\/v2\/pages\/362"}],"collection":[{"href":"https:\/\/tejidosintejer-notejido.es\/fr\/wp-json\/wp\/v2\/pages"}],"about":[{"href":"https:\/\/tejidosintejer-notejido.es\/fr\/wp-json\/wp\/v2\/types\/page"}],"author":[{"embeddable":true,"href":"https:\/\/tejidosintejer-notejido.es\/fr\/wp-json\/wp\/v2\/users\/1"}],"replies":[{"embeddable":true,"href":"https:\/\/tejidosintejer-notejido.es\/fr\/wp-json\/wp\/v2\/comments?post=362"}],"version-history":[{"count":36,"href":"https:\/\/tejidosintejer-notejido.es\/fr\/wp-json\/wp\/v2\/pages\/362\/revisions"}],"predecessor-version":[{"id":1810,"href":"https:\/\/tejidosintejer-notejido.es\/fr\/wp-json\/wp\/v2\/pages\/362\/revisions\/1810"}],"wp:attachment":[{"href":"https:\/\/tejidosintejer-notejido.es\/fr\/wp-json\/wp\/v2\/media?parent=362"}],"curies":[{"name":"wp","href":"https:\/\/api.w.org\/{rel}","templated":true}]}}