{"id":31,"date":"2013-06-17T10:31:39","date_gmt":"2013-06-17T08:31:39","guid":{"rendered":"https:\/\/tejidosintejer-notejido.es\/?page_id=31"},"modified":"2014-10-12T12:45:26","modified_gmt":"2014-10-12T10:45:26","slug":"industria","status":"publish","type":"page","link":"https:\/\/tejidosintejer-notejido.es\/fr\/industria\/","title":{"rendered":"Industrie"},"content":{"rendered":"<p><\/p>\n<div class=\"subnav-wrap\"><a style=\"margin-left: 0;\" href=\"#cultivos\">Automobilisme<\/a> <span style=\"font-size: 20px;\">|<\/span> <a href=\"#muebles\">Meubles et matelas <\/a>| <a href=\"#calzado\">Chaussures et maroquinerie <\/a>| <a href=\"#textil\">Textile s\u00e9curit\u00e9<\/a><\/div>\n<p><div class=\"one_third\"><a name=\"cultivos\"><\/a><\/p>\n<h3><span style=\"color: #d05f5b;\">Automobilisme:<\/span><\/h3>\n<p>L&rsquo;industrie automobile travaille continuellement en visant \u00e0 l&rsquo;am\u00e9lioration des designs int\u00e9rieurs et ext\u00e9rieurs des v\u00e9hicules, en cherchant des composants plus l\u00e9gers et efficients pour la r\u00e9duction du bruit; et c&rsquo;est l\u00e0 que les tissus non tiss\u00e9s trouvent leur place.<br \/>\nDes qualit\u00e9s comme la r\u00e9sistance \u00e0 la traction, l&rsquo;excellente d\u00e9formation, la l\u00e9g\u00e8ret\u00e9 ou la stabilit\u00e9 face aux agents chimiques, aux acarus et autres genres de substances, ont favoris\u00e9 que le tissu non tiss\u00e9 soit un produit garanti dans le secteur de l&rsquo;automobile.<\/p>\n<p><img loading=\"lazy\" class=\"alignnone size-full wp-image-1203\" title=\"Industria. Automoci\u00f3n\" alt=\"Industria. Automoci\u00f3n\" src=\"https:\/\/tejidosintejer-notejido.es\/wp-content\/uploads\/industria_automocion1.jpg\" width=\"309\" height=\"282\" srcset=\"https:\/\/tejidosintejer-notejido.es\/wp-content\/uploads\/industria_automocion1.jpg 309w, https:\/\/tejidosintejer-notejido.es\/wp-content\/uploads\/industria_automocion1-300x273.jpg 300w\" sizes=\"(max-width: 309px) 100vw, 309px\" \/><\/p>\n<p><\/div><div class=\"one_third\"><\/p>\n<h4>Revet\u00eaments<\/h4>\n<p><a href=\"https:\/\/tejidosintejer-notejido.es\/portfolio\/tst-bond\/\">TST BOND<\/a><br \/>\nLe non tiss\u00e9 TST CHEM est utilis\u00e9 comme couverture post\u00e9rieure et interm\u00e9diaire du rev\u00eatement de la toiture. Avec une finition ignifuge il serait appliqu\u00e9 pour recouvrir des pi\u00e8ces int\u00e9rieure du coffre.<\/p>\n<h4>Renforts<\/h4>\n<p><a class=\"enl-aplic-producto\" href=\"https:\/\/tejidosintejer-notejido.es\/portfolio\/tst-bond\/\">TST BOND<\/a><br \/>\nDans l&rsquo;habitacle de la voiture il est habituel d&rsquo;y poser des renforts de tissu non tiss\u00e9 TST BOND sur diff\u00e9rentes parties, comme sur les parties inf\u00e9rieures des tapis, le dos des si\u00e8ges, les plateaux du coffre ou m\u00eame dans la partie int\u00e9rieure de la bo\u00eete \u00e0 gants.<\/p>\n<h4>Filtres<\/h4>\n<p><a class=\"enl-aplic-producto\" href=\"https:\/\/tejidosintejer-notejido.es\/portfolio\/tst-bond\/\">TST BOND<\/a><br \/>\nDans le compartiment du moteur nous trouvons des filtres \u00e0 huile fabriqu\u00e9s en tissu non tiss\u00e9 spunbond, qui ont la fonction de barrer le passage aux particules vers les fluides qui circulent \u00e0 l&rsquo;int\u00e9rieur du moteur, en allongeant ainsi la vie utile de celui-ci.<br \/>\nFabriqu\u00e9s en non tiss\u00e9 nous trouvons aussi des filtres d&rsquo;air charg\u00e9s de retenir les particules qui peuvent \u00eatre contenues dans l&rsquo;air absorb\u00e9 par le moteur et qui assure une grande qualit\u00e9 de l&rsquo;air qui est respir\u00e9 \u00e0 l&rsquo;int\u00e9rieur du v\u00e9hicule.<br \/>\nTST BOND est un tissu non tiss\u00e9 qui permet l&rsquo;application d&rsquo;un traitement ignifuge.<\/p>\n<p><\/div><div class=\"one_third last\"><\/p>\n<h4>Housses<\/h4>\n<p><a class=\"enl-aplic-producto\" href=\"https:\/\/tejidosintejer-notejido.es\/portfolio\/tst-bond\/\">TST BOND<\/a><br \/>\nLe non tiss\u00e9 TST BOND est confectionn\u00e9 pour des housses de si\u00e8ges, des volants et des tapis, pour prot\u00e9ger de la poussi\u00e8re, de la salet\u00e9 ou des possibles t\u00e2ches qui pourraient se produire avant la finition du v\u00e9hicule, \u00e0 cons\u00e9quence du transport, ou bien parce que les v\u00e9hicules demeurent dans des expositions ou des ateliers.<br \/>\nDe la m\u00eame fa\u00e7on, le tissu non tiss\u00e9 est confectionn\u00e9 pour des housses de v\u00e9hicules, couvre roues et emballages d&rsquo;accessoires pour un transport et un stockage propre et s\u00e9curis\u00e9.<\/p>\n<h4>Sac \u00e0 d\u00e9chets<\/h4>\n<p><a class=\"enl-aplic-producto\" href=\"https:\/\/tejidosintejer-notejido.es\/portfolio\/tst-bond\/\">TST BOND<\/a><br \/>\nUne bonne mani\u00e8re de collaborer \u00e0 la protection de l&rsquo;environnement est d&rsquo;utiliser des sacs \u00e0 d\u00e9chets pour les leviers de vitesse des automobiles, confectionn\u00e9s en spunbond polypropyl\u00e8ne 100%, et con\u00e7us pour \u00eatre r\u00e9utilis\u00e9s, gr\u00e2ce \u00e0 la durabilit\u00e9 offerte par le non tiss\u00e9.<br \/>\nLe secteur papier est un objet publicitaire que les lavoirs, ateliers m\u00e9caniques, stations d&rsquo;essence et marques de voitures distribuent pour faire la promotion de leur marque ou leur entreprise, puisque le tissu non tiss\u00e9 TST BOND permet d&rsquo;\u00eatre brod\u00e9, imprim\u00e9 ou s\u00e9rigraphi\u00e9.<\/p>\n<p><\/div><div class=\"clear\"><\/div><div class=\"one_third\"><a name=\"muebles\"><\/a><\/p>\n<h3><span style=\"color: #d05f5b;\">Meubles et matelas colch\u00f3n:<\/span><\/h3>\n<p>Des propri\u00e9t\u00e9s comme l&rsquo;hydrophobie et la r\u00e9sistance \u00e0 l&rsquo;abrasion, \u00e0 l&rsquo;usure et au d\u00e9chirement, ainsi comme la facilit\u00e9 pour le soudage, la couture et l&rsquo;encollage, permettent au tissu non tiss\u00e9 TST BOND d&rsquo;\u00eatre un produit amplement utilis\u00e9 dans les industries du meuble, de la tapisserie et des matelas.<\/p>\n<p><img loading=\"lazy\" class=\"alignnone size-full wp-image-1205\" title=\"Industria. Muelles y colch\u00f3n\" alt=\"Industria. Muelles y colch\u00f3n\" src=\"https:\/\/tejidosintejer-notejido.es\/wp-content\/uploads\/industria_muelles_colchon.jpg\" width=\"309\" height=\"282\" srcset=\"https:\/\/tejidosintejer-notejido.es\/wp-content\/uploads\/industria_muelles_colchon.jpg 309w, https:\/\/tejidosintejer-notejido.es\/wp-content\/uploads\/industria_muelles_colchon-300x273.jpg 300w\" sizes=\"(max-width: 309px) 100vw, 309px\" \/><\/p>\n<p><\/div><div class=\"one_third\"><\/p>\n<h4>Revet\u00eaments<\/h4>\n<p><a class=\"enl-aplic-producto\" href=\"https:\/\/tejidosintejer-notejido.es\/portfolio\/tst-bond\/\">TST BOND<\/a><br \/>\nLe tissu non tiss\u00e9 TST BOND est utilis\u00e9 comme recouvrement de ressort \u00e0 la base et le dossier de chaises et sofas, ainsi que pour la partie post\u00e9rieure des coussins qui forment ledit sofa. Les qualit\u00e9s les plus remarquables de ce non-tiss\u00e9 pour cette application sont leur bonne action ignifuge et anti-acarus. La vari\u00e9t\u00e9 de couleurs et grammages disponibles aide au choix du non-tiss\u00e9 dans la phase de design du produit.<\/p>\n<h4>Gardepoussi\u00e8re et renfort<\/h4>\n<p><a class=\"enl-aplic-producto\" href=\"https:\/\/tejidosintejer-notejido.es\/portfolio\/tst-bond\/\">TST BOND<\/a><br \/>\nLa partie inf\u00e9rieure de fauteuils et sofa est scell\u00e9e moyennant le non-tiss\u00e9 TST BOND pour emp\u00eacher la poussi\u00e8re de se d\u00e9poser \u00e0 l&rsquo;int\u00e9rieur. Ce non-tiss\u00e9\u00a0 prend le dessus sur d&rsquo;autres solutions aux caract\u00e9ristiques similaires gr\u00e2ce \u00e0 sa bonne r\u00e9sistance au d\u00e9chirement et \u00e0 son bas co\u00fbt.<br \/>\nLe tissu non tiss\u00e9 TST BOND est utilis\u00e9 \u00e9galement comme renfort pour les chasse-pieds et diverses courroies.<\/p>\n<h4>Ressorts empoch\u00e9s<\/h4>\n<p><a href=\"https:\/\/tejidosintejer-notejido.es\/portfolio\/tst-bond\/\">TST BOND<\/a><br \/>\nLes matelas \u00e0 ressorts empoch\u00e9s ou mis en sacs, utilisent le tissu non tiss\u00e9 TST BOND de fa\u00e7on individuelle pour chacun des ressorts dans le but d&rsquo;\u00e9viter le frottement entre eux, en annulant le bruit qu&rsquo;ils pourraient produire et en allongeant la vie utile du matelas.<\/p>\n<p><\/div><div class=\"one_third last\"><\/p>\n<h4>Couche de s\u00e9paration<\/h4>\n<p><a class=\"enl-aplic-producto\" href=\"https:\/\/tejidosintejer-notejido.es\/portfolio\/tst-bond\/\">TST BOND<\/a><br \/>\nLe non tiss\u00e9 TST BOND est utilis\u00e9 comme couche de s\u00e9paration interne pour les matelas, ou sur la partie sup\u00e9rieure de ceux-ci comme rev\u00eatement. De la m\u00eame fa\u00e7on il est utilis\u00e9 dans d&rsquo;autres \u00e9l\u00e9ments comme doublure de platebande, tissu jupe, renfort du capitonn\u00e9, faux dessus du matelas ou centre de la plinthe.<\/p>\n<h4>Taie d\u00b4oreiller<\/h4>\n<p><a class=\"enl-aplic-producto\" href=\"https:\/\/tejidosintejer-notejido.es\/portfolio\/tst-bond\/\">TST BOND<\/a><br \/>\nL haute r\u00e9sistance \u00e0 la traction, l&rsquo;hydrophobie et le bas co\u00fbt, entre autres propri\u00e9t\u00e9s, font que le non tiss\u00e9 TST BOND soit l&rsquo;option indiqu\u00e9e pour confectionner la doublure de la capsule du coussin. Sa condition hydrophobe emp\u00eache que la sueur corporelle ou le versement d&rsquo;un liquide salisse l&rsquo;int\u00e9rieur du coussin, en \u00e9vitant les odeurs que ceci pourrait causer.<\/p>\n<h4>Support pour le matelass\u00e9<\/h4>\n<p><a class=\"enl-aplic-producto\" href=\"https:\/\/tejidosintejer-notejido.es\/portfolio\/tst-bond\/\">TST BOND<\/a><br \/>\nLes caract\u00e9ristiques r\u00e9sistantes du non tiss\u00e9 TST BOND le font apte comme support pour matelass\u00e9s.<\/p>\n<p><\/div><div class=\"clear\"><\/div><div class=\"one_third\"><a name=\"calzado\"><\/a><\/p>\n<h3><span style=\"color: #d05f5b;\">Chaussures et maroquinerie:<\/span><\/h3>\n<p>La forte concurrence qui existe tant dans le secteur de la chaussure comme dans la maroquinerie, donne lieu \u00e0 ce que l&rsquo;on vise \u00e0 rechercher des mat\u00e9riaux qui puissent apporter de la qualit\u00e9 au produit \u00e0 un prix raisonnable. Et c&rsquo;est l\u00e0 o\u00f9 le tissu non tiss\u00e9 TST BOND trouve sa place gr\u00e2ce aux excellentes qualit\u00e9s qu&rsquo;il poss\u00e8de.<\/p>\n<p><img loading=\"lazy\" class=\"alignnone size-full wp-image-1204\" title=\"Industria. Calzado y marroquiner\u00eda\" alt=\"Industria. Calzado y marroquiner\u00eda\" src=\"https:\/\/tejidosintejer-notejido.es\/wp-content\/uploads\/industria_calzado-y-marroquineria.jpg\" width=\"309\" height=\"282\" srcset=\"https:\/\/tejidosintejer-notejido.es\/wp-content\/uploads\/industria_calzado-y-marroquineria.jpg 309w, https:\/\/tejidosintejer-notejido.es\/wp-content\/uploads\/industria_calzado-y-marroquineria-300x273.jpg 300w\" sizes=\"(max-width: 309px) 100vw, 309px\" \/><\/p>\n<p><\/div><div class=\"one_third\"><\/p>\n<h4>Doublure int\u00e9rieure<\/h4>\n<p><a href=\"https:\/\/tejidosintejer-notejido.es\/portfolio\/tst-bond\/\">TST BOND<\/a><br \/>\nLe non tiss\u00e9 TST BOND est utilis\u00e9 comme doublure int\u00e9rieure de sacs \u00e0 main, valises, portefeuilles, agendas et chaussures. La texture du non tiss\u00e9 proportionne un aspect \u00e9l\u00e9gant \u00e0 la doublure et, en union aux propri\u00e9t\u00e9s comme la r\u00e9sistance \u00e0 la traction, au d\u00e9chirement et \u00e0 l&rsquo;usage, fait qu&rsquo;il devienne un mat\u00e9riel chaque fois plus utilis\u00e9.<\/p>\n<h4>Renfort<\/h4>\n<p><a class=\"enl-aplic-producto\" href=\"https:\/\/tejidosintejer-notejido.es\/portfolio\/tst-bond\/\">TST BOND<\/a><br \/>\n\u00c0 nouveau c&rsquo;est la r\u00e9sistance \u00e0 la traction qui va \u00eatre un facteur d\u00e9terminant pour que le non tiss\u00e9 TST BOND soit utilis\u00e9 comme renfort dans les chaussures. La perm\u00e9abilit\u00e9 \u00e0 l&rsquo;air que pr\u00e9sente le tissu non tiss\u00e9 laisse transpirer le pied, en \u00e9vitant de suer.<\/p>\n<p><\/div><div class=\"one_third last\"><\/p>\n<h4>Housses emballage<\/h4>\n<p><a class=\"enl-aplic-producto\" href=\"https:\/\/tejidosintejer-notejido.es\/\">TST BOND<\/a><br \/>\nLe tissu non tiss\u00e9 TST BOND est \u00e9galement utilis\u00e9 pour la confection des housses d&#8217;emballage de chaussures et sacs \u00e0 mains, pour les prot\u00e9ger des \u00e9gratignures et des coups, en m\u00eame temps qu&rsquo;il proportionne une image soign\u00e9e et \u00e9l\u00e9gante.<\/p>\n<h4>Confecci\u00f3n de prendas<\/h4>\n<p><a class=\"enl-aplic-producto\" href=\"https:\/\/tejidosintejer-notejido.es\/portfolio\/tst-bond\/\">TST BOND<\/a><br \/>\nEl tejido sin tejer TST BOND es adecuado para la confecci\u00f3n de todo tipo de prendas, como petos identificativos para los ni\u00f1os, bolsas de merienda, bolsas de zapatos, baberos, delantales, caretas, disfraces\u2026.<\/p>\n<p>Las cualidades t\u00e9cnicas del tejido no tejido admiten que \u00e9ste sea lavado unas dos o tres veces, por lo que su reutilizaci\u00f3n es posible.<br \/>\n<\/div><div class=\"clear\"><\/div><div class=\"one_third\"><a name=\"textil\"><\/a><\/p>\n<h3><span style=\"color: #d05f5b;\">Textile s\u00e9curit\u00e9:<\/span><\/h3>\n<p>Les raisons pour lesquelles l&rsquo;on utilise les tissus non tiss\u00e9s pour la confection de v\u00eatements et de compl\u00e9ments de s\u00e9curit\u00e9 sont nombreuses, entre autres\u00a0 \u00e9tant donn\u00e9\u00a0 qu&rsquo;ils sont hypoallerg\u00e9niques, hydrophobes, ils ont un bas niveau d&rsquo;inflammabilit\u00e9, et ils sont r\u00e9sistants au d\u00e9chirement, \u00e0 l&rsquo;abrasion, aux acides, aux bases, aux solvants organiques et aux bact\u00e9ries.<\/p>\n<p><img loading=\"lazy\" class=\"alignnone size-full wp-image-1206\" title=\"Industria. Textil seguridad\" alt=\"Industria. Textil seguridad\" src=\"https:\/\/tejidosintejer-notejido.es\/wp-content\/uploads\/Industria_textil-seguridad.jpg\" width=\"309\" height=\"282\" \/><\/p>\n<p><\/div><div class=\"one_third\"><\/p>\n<h4>V\u00eatements de protection<\/h4>\n<p><a class=\"enl-aplic-producto\" href=\"https:\/\/tejidosintejer-notejido.es\/portfolio\/tst-bond\/\">TST BOND<\/a> <a class=\"enl-aplic-producto\" href=\"https:\/\/tejidosintejer-notejido.es\/portfolio\/tst-laminado\/\">TST LAMIN\u00c9<\/a> <a class=\"enl-aplic-producto\" href=\"https:\/\/tejidosintejer-notejido.es\/portfolio\/tst-sms\/\">TST SMS <\/a><br \/>\nLa douceur pour le confort du travailleur et qui ne bouloche pas, sont d&rsquo;autres caract\u00e9ristiques importantes offertes par les non tiss\u00e9s TST SMS et TST BOND pour en \u00eatre les plus utilis\u00e9s dans la fabrication de v\u00eatements de protection.<br \/>\nSi les exigences par rapport \u00e0 la s\u00e9curit\u00e9 sont tr\u00e8s \u00e9lev\u00e9es, nous utiliserons le non tiss\u00e9 TST SMS face au non tiss\u00e9 TST BOND, qui pr\u00e9sente une plus grande perm\u00e9abilit\u00e9 \u00e0 l&rsquo;air, qui r\u00e9duit le niveau de protection, quoiqu&rsquo;il donne lieu \u00e0 ce que le v\u00eatement soit plus confortable.<br \/>\nLors de l&rsquo;utilisation des v\u00eatements de protection dans des ambiances plus pollu\u00e9es, il faut sp\u00e9cialement faire attention aux coutures pratiqu\u00e9es sur le non tiss\u00e9 TST SMS, et \u00e9viter que celles-ci se fassent en cousant, puisque par un effet de succion les particules polluantes pourraient p\u00e9n\u00e9trer \u00e0 l&rsquo;int\u00e9rieur du v\u00eatement.<\/p>\n<p><\/div><div class=\"one_third last\"><\/p>\n<h4>Masques<\/h4>\n<p><a href=\"https:\/\/tejidosintejer-notejido.es\/portfolio\/tst-bond\/\">TST BOND <\/a> <a href=\"https:\/\/tejidosintejer-notejido.es\/portfolio\/tst-sms\/\">TST SMS<\/a><br \/>\nNotre gamme de\u00a0 produits non tiss\u00e9s TST BOND et TST SMS permet d&rsquo;adapter les masques au niveau de protection n\u00e9cessaire, \u00e9tant donn\u00e9 que ce sont des tissus facilement adaptable au visage.<\/p>\n<h4>Protection de l\u00b4amiante<\/h4>\n<p><a class=\"enl-aplic-producto\" href=\"https:\/\/tejidosintejer-notejido.es\/portfolio\/tst-sms\/\">TST SMS<\/a><br \/>\nLe non tiss\u00e9 TST SMS est la solution la plus ad\u00e9quate \u00e0 la protection contre les particules ou substances hautement polluante, comme l&rsquo;amiante. Malgr\u00e9 l&rsquo;anti statisme du tissu non tiss\u00e9 TST SMS, un traitement anti statique additionnel peut \u00eatre r\u00e9alis\u00e9 dans le but d&rsquo;\u00e9viter l&rsquo;adh\u00e9rence de fibres ou de particules qui soient nuisibles \u00e0 la sant\u00e9<\/p>\n<p><\/div><div class=\"clear\"><\/div><\/p>\n<!-- AddThis Advanced Settings generic via filter on the_content --><!-- AddThis Share Buttons generic via filter on the_content -->","protected":false},"excerpt":{"rendered":"<p>Automobilisme | Meubles et matelas | Chaussures et maroquinerie | Textile s\u00e9curit\u00e9<!-- AddThis Advanced Settings generic via filter on get_the_excerpt --><!-- AddThis Share Buttons generic via filter on get_the_excerpt --><\/p>\n","protected":false},"author":1,"featured_media":0,"parent":0,"menu_order":0,"comment_status":"closed","ping_status":"closed","template":"","meta":{"_mi_skip_tracking":false},"_links":{"self":[{"href":"https:\/\/tejidosintejer-notejido.es\/fr\/wp-json\/wp\/v2\/pages\/31"}],"collection":[{"href":"https:\/\/tejidosintejer-notejido.es\/fr\/wp-json\/wp\/v2\/pages"}],"about":[{"href":"https:\/\/tejidosintejer-notejido.es\/fr\/wp-json\/wp\/v2\/types\/page"}],"author":[{"embeddable":true,"href":"https:\/\/tejidosintejer-notejido.es\/fr\/wp-json\/wp\/v2\/users\/1"}],"replies":[{"embeddable":true,"href":"https:\/\/tejidosintejer-notejido.es\/fr\/wp-json\/wp\/v2\/comments?post=31"}],"version-history":[{"count":38,"href":"https:\/\/tejidosintejer-notejido.es\/fr\/wp-json\/wp\/v2\/pages\/31\/revisions"}],"predecessor-version":[{"id":1845,"href":"https:\/\/tejidosintejer-notejido.es\/fr\/wp-json\/wp\/v2\/pages\/31\/revisions\/1845"}],"wp:attachment":[{"href":"https:\/\/tejidosintejer-notejido.es\/fr\/wp-json\/wp\/v2\/media?parent=31"}],"curies":[{"name":"wp","href":"https:\/\/api.w.org\/{rel}","templated":true}]}}