{"id":28,"date":"2013-06-17T10:31:05","date_gmt":"2013-06-17T08:31:05","guid":{"rendered":"https:\/\/tejidosintejer-notejido.es\/?page_id=28"},"modified":"2014-10-12T18:29:59","modified_gmt":"2014-10-12T16:29:59","slug":"construccion","status":"publish","type":"page","link":"https:\/\/tejidosintejer-notejido.es\/fr\/construccion\/","title":{"rendered":"Construction"},"content":{"rendered":"<p><\/p>\n<div class=\"subnav-wrap\"><a style=\"margin-left: 0;\" href=\"#cultivos\">Construction<\/a><span style=\"font-size: 20px;\">|<\/span><\/div>\n<p><div class=\"one_third\"><\/div><a name=\"cultivos\"><\/a><\/p>\n<h3><span style=\"color: #d05f5b;\">Construction:<\/span><\/h3>\n<p><strong>Le tissu non tiss\u00e9 TST BV<\/strong> poss\u00e8de d&rsquo;excellentes propri\u00e9t\u00e9s m\u00e9caniques et de perm\u00e9abilit\u00e9 \u00e0 l&rsquo;eau, ce qui lui permet d&rsquo;accomplir les exigences de la barri\u00e8re de vapeur et du contr\u00f4le d&rsquo;humidit\u00e9s du Code Technique du B\u00e2timent.<\/p>\n<p>Selon ce qui est \u00e9tabli par le Document Base de l&rsquo;\u00c9pargne d&rsquo;\u00c9nergie du CTB, toutes les constructions qui prot\u00e8gent leur contour avec une barri\u00e8re de vapeur, vont \u00eatre \u00e0 l&rsquo;abri du calcul de condensations.<\/p>\n<p><img loading=\"lazy\" class=\"alignnone size-full wp-image-1199\" title=\"Construcci\u00f3n. Edificaci\u00f3n\" alt=\"Construcci\u00f3n. Edificaci\u00f3n\" src=\"https:\/\/tejidosintejer-notejido.es\/wp-content\/uploads\/construccion_edificaci\u00f3n.jpg\" width=\"309\" height=\"282\" srcset=\"https:\/\/tejidosintejer-notejido.es\/wp-content\/uploads\/construccion_edificaci\u00f3n.jpg 309w, https:\/\/tejidosintejer-notejido.es\/wp-content\/uploads\/construccion_edificaci\u00f3n-300x273.jpg 300w\" sizes=\"(max-width: 309px) 100vw, 309px\" \/><\/p>\n<p><\/div><div class=\"one_third\"><\/p>\n<h4>Barri\u00e8re de vapeur.<\/h4>\n<p style=\"text-align: left;\"><a class=\"enl-aplic-producto\" href=\"https:\/\/tejidosintejer-notejido.es\/portfolio\/tst-bv\/\">TST BV<\/a><br \/>\nLa barri\u00e8re de vapeur du tissu non tiss\u00e9 TST BV est un \u00e9l\u00e9ment constructif utilis\u00e9 pour \u00e9viter le risque de condensations superficielles et interstitielles dans les zones froides de cl\u00f4tures et toitures.<\/p>\n<p style=\"text-align: left;\">Les barri\u00e8res de vapeur ne sont pas un \u00e9l\u00e9ment compl\u00e8tement imperm\u00e9able \u00e0 la vapeur d&rsquo;eau, elles ont un taux de perm\u00e9abilit\u00e9 bas. Il est consid\u00e9r\u00e9 une barri\u00e8re de vapeur une lame quelle qu&rsquo;elle soit permettant une r\u00e9sistance \u00e0 la vapeur d&rsquo;eau sup\u00e9rieure \u00e0 0,1 MN s\/g<\/p>\n<p style=\"text-align: left;\">La pose du non tiss\u00e9 TST BV comme barri\u00e8re de vapeur doit \u00eatre r\u00e9alis\u00e9e sur la face int\u00e9rieure de l&rsquo;isolement pour les climats froids, tandis que pour les climats chauds elle sera mise sur la partie ext\u00e9rieure.<\/p>\n<p><strong>Pose de la barri\u00e8re de vapeur TST BV<br \/>\n<\/strong><br \/>\nToiture pour climat chaud<\/p>\n<p><img loading=\"lazy\" class=\"alignnone size-full wp-image-1196\" title=\"Construcci\u00f3n. Barrera de vapor\" alt=\"Construcci\u00f3n. Barrera de vapor\" src=\"https:\/\/tejidosintejer-notejido.es\/wp-content\/uploads\/construccion_barrera_vapor1.jpg\" width=\"309\" height=\"282\" srcset=\"https:\/\/tejidosintejer-notejido.es\/wp-content\/uploads\/construccion_barrera_vapor1.jpg 309w, https:\/\/tejidosintejer-notejido.es\/wp-content\/uploads\/construccion_barrera_vapor1-300x273.jpg 300w\" sizes=\"(max-width: 309px) 100vw, 309px\" \/><\/p>\n<p style=\"text-align: left;\">Fa\u00e7ade pour climat chaud<\/p>\n<p><img loading=\"lazy\" class=\"alignnone size-full wp-image-1197\" title=\"Construcci\u00f3n. Barrera de vapor\" alt=\"Construcci\u00f3n. Barrera de vapor\" src=\"https:\/\/tejidosintejer-notejido.es\/wp-content\/uploads\/construccion_barrera_vapor2.jpg\" width=\"309\" height=\"282\" srcset=\"https:\/\/tejidosintejer-notejido.es\/wp-content\/uploads\/construccion_barrera_vapor2.jpg 309w, https:\/\/tejidosintejer-notejido.es\/wp-content\/uploads\/construccion_barrera_vapor2-300x273.jpg 300w\" sizes=\"(max-width: 309px) 100vw, 309px\" \/><\/p>\n<p><\/div><div class=\"one_third last\"><\/p>\n<h4>Imperm\u00e9abilisation de dalles.<\/h4>\n<p><a class=\"enl-aplic-producto\" href=\"https:\/\/tejidosintejer-notejido.es\/portfolio\/tst-bv\/\">TST BV<\/a><br \/>\nPour les dalles et les cimentations nous poserons le non tiss\u00e9 TST BV pour \u00e9viter que, \u00e0 cons\u00e9quence du ph\u00e9nom\u00e8ne de capillarit\u00e9, l&rsquo;eau qui vient du sol monte et provoque des humidit\u00e9s.<\/p>\n<p>Pose de la Barri\u00e8re Antihumidit\u00e9 TST BV sur Dalles<\/p>\n<p><img loading=\"lazy\" class=\"alignnone size-full wp-image-1200\" title=\"Construcci\u00f3n. Impermeabilizaci\u00f3n de soleras\" alt=\"Construcci\u00f3n. Impermeabilizaci\u00f3n de soleras\" src=\"https:\/\/tejidosintejer-notejido.es\/wp-content\/uploads\/construccion_impermeabilizacion.jpg\" width=\"309\" height=\"282\" \/><\/p>\n<h4>R\u00e9formes.<\/h4>\n<p><a class=\"enl-aplic-producto\" href=\"https:\/\/tejidosintejer-notejido.es\/portfolio\/tst-protec\/\">TST PROTEC<\/a><br \/>\nTout au long d&rsquo;une r\u00e9forme ou r\u00e9paration, le sol ainsi que parfois d&rsquo;autres surfaces ou \u00e9l\u00e9ments d&rsquo;un immeuble, sont vuln\u00e9rables aux nombreux m\u00e9tiers de la construction qui interviennent dans le proc\u00e9d\u00e9. L&rsquo;utilisation du tissu non tiss\u00e9 TST PROTEC pour les sols, murs, plafonds, portes, cadres ou meubles, garantit leur conservation en bonne \u00e9tat contre les rayures, versement de liquides, coups, poussi\u00e8re et salet\u00e9.<\/p>\n<p>Le non tiss\u00e9 TST PROTEC est autocollant, imperm\u00e9able et totalement \u00e9tanche \u00e0 la poussi\u00e8re; c&rsquo;est pour cela qu&rsquo;il pourra \u00eatre pos\u00e9 sans avoir besoin de d\u00e9crocher les tableaux des murs ni d&rsquo;enlever les livres des \u00e9tag\u00e8res.<\/p>\n<p><\/div><div class=\"clear\"><\/div><div class=\"one_third\"><a name=\"bolsas\"><\/a><\/p>\n<!-- AddThis Advanced Settings generic via filter on the_content --><!-- AddThis Share Buttons generic via filter on the_content -->","protected":false},"excerpt":{"rendered":"<p>D\u00e9sol\u00e9, cet article est seulement disponible en Espagnol Europ\u00e9en.<!-- AddThis Advanced Settings generic via filter on get_the_excerpt --><!-- AddThis Share Buttons generic via filter on get_the_excerpt --><\/p>\n","protected":false},"author":1,"featured_media":0,"parent":0,"menu_order":0,"comment_status":"closed","ping_status":"closed","template":"","meta":{"_mi_skip_tracking":false},"_links":{"self":[{"href":"https:\/\/tejidosintejer-notejido.es\/fr\/wp-json\/wp\/v2\/pages\/28"}],"collection":[{"href":"https:\/\/tejidosintejer-notejido.es\/fr\/wp-json\/wp\/v2\/pages"}],"about":[{"href":"https:\/\/tejidosintejer-notejido.es\/fr\/wp-json\/wp\/v2\/types\/page"}],"author":[{"embeddable":true,"href":"https:\/\/tejidosintejer-notejido.es\/fr\/wp-json\/wp\/v2\/users\/1"}],"replies":[{"embeddable":true,"href":"https:\/\/tejidosintejer-notejido.es\/fr\/wp-json\/wp\/v2\/comments?post=28"}],"version-history":[{"count":38,"href":"https:\/\/tejidosintejer-notejido.es\/fr\/wp-json\/wp\/v2\/pages\/28\/revisions"}],"predecessor-version":[{"id":618,"href":"https:\/\/tejidosintejer-notejido.es\/fr\/wp-json\/wp\/v2\/pages\/28\/revisions\/618"}],"wp:attachment":[{"href":"https:\/\/tejidosintejer-notejido.es\/fr\/wp-json\/wp\/v2\/media?parent=28"}],"curies":[{"name":"wp","href":"https:\/\/api.w.org\/{rel}","templated":true}]}}