{"id":23,"date":"2013-06-17T10:30:39","date_gmt":"2013-06-17T08:30:39","guid":{"rendered":"https:\/\/tejidosintejer-notejido.es\/?page_id=23"},"modified":"2014-10-12T18:26:07","modified_gmt":"2014-10-12T16:26:07","slug":"comercial","status":"publish","type":"page","link":"https:\/\/tejidosintejer-notejido.es\/fr\/comercial\/","title":{"rendered":"Commercial"},"content":{"rendered":"<p><\/p>\n<div class=\"subnav-wrap\"><a style=\"margin-left: 0;\" href=\"#cultivos\">Boutiques \/ Publicit\u00e9<\/a> <span style=\"font-size: 20px;\">|<\/span> <a href=\"#bolsas\">Bonneteries<\/a> <span style=\"font-size: 20px;\">|<\/span> <a href=\"#floristerias\">Fleuristes<\/a><\/div>\n<p><div class=\"one_third\"><\/div><a name=\"cultivos\"><\/a><\/p>\n<h3><span style=\"color: #d05f5b;\">Boutiques\/ Publicit\u00e9:<\/span><\/h3>\n<p>La qualit\u00e9, l&rsquo;\u00e9l\u00e9gance, et le bas co\u00fbt sont les facteurs les plus d\u00e9terminants qui font du tissu non-tiss\u00e9, et notamment du TST BOND, un des mat\u00e9riaux le plus utilis\u00e9 dans la confection de sacs publicitaires pour boulangeries, p\u00e2tisseries, commerces, buanderies, marchands de chaussures&#8230; en plus d&rsquo;une vaste gamme de produits publicitaires.<br \/>\nCe qu&rsquo;il y a de plus remarquable dans le non tiss\u00e9 en polypropyl\u00e8ne 100% est que c&rsquo;est un produit durable, puisqu&rsquo;il peut \u00eatre r\u00e9utilis\u00e9 plusieurs fois de suite et en plus il est recyclable.<\/p>\n<p><img loading=\"lazy\" class=\"alignnone size-full wp-image-1195\" title=\"Comercial. Tiendas y publicidad\" alt=\"Comercial. Tiendas y publicidad\" src=\"https:\/\/tejidosintejer-notejido.es\/wp-content\/uploads\/comercial_tiendas_-publicidad.jpg\" width=\"309\" height=\"282\" srcset=\"https:\/\/tejidosintejer-notejido.es\/wp-content\/uploads\/comercial_tiendas_-publicidad.jpg 309w, https:\/\/tejidosintejer-notejido.es\/wp-content\/uploads\/comercial_tiendas_-publicidad-300x273.jpg 300w\" sizes=\"(max-width: 309px) 100vw, 309px\" \/><\/p>\n<p><\/div><div class=\"one_third\"><\/p>\n<h4>Sacs publicitaires.<\/h4>\n<p><a class=\"enl-aplic-producto\" href=\"https:\/\/tejidosintejer-notejido.es\/portfolio\/tst-bond\/\">TST BOND <\/a> <a class=\"enl-aplic-producto\" href=\"https:\/\/tejidosintejer-notejido.es\/portfolio\/tst-laminado\/\">TST LAMINADO<\/a><br \/>\nLe tissu non tiss\u00e9 TST BOND permet l&rsquo;impression et la s\u00e9rigraphie, en donnant une image distingu\u00e9e et attrayante pour votre n\u00e9goce. Il s&rsquo;agit d&rsquo;un non-tiss\u00e9 recyclable, c&rsquo;est pour cela qu&rsquo;il est consid\u00e9r\u00e9 en tant que rempla\u00e7ant id\u00e9al des sacs en plastiques traditionnels. En outre, la forte r\u00e9sistance \u00e0 la traction du tissu non tiss\u00e9 permet d&rsquo;allonger la vie utile du sac.<br \/>\nNotre non-tiss\u00e9 ou friseline est tr\u00e8s utilis\u00e9 dans la fabrication de sacs publicitaires, comme par exemple des sacs pour le pain, sacs de boutiques, sacs pour les chaussures, pour les sacs \u00e0 main, sacs \u00e0 d\u00e9chets pour les voitures, petits sacs pour robinetterie dans le but d&rsquo;\u00e9viter les \u00e9gratignures&#8230;<\/p>\n<h4>Housses porte customes.<\/h4>\n<p><a class=\"enl-aplic-producto\" href=\"https:\/\/tejidosintejer-notejido.es\/portfolio\/tst-bond\/\">TST BOND <\/a> <a class=\"enl-aplic-producto\" href=\"https:\/\/tejidosintejer-notejido.es\/portfolio\/tst-laminado\/\">TST LAMIN\u00c9<\/a><br \/>\nDe grandes griffes du monde de la mode se sont unies pour l&rsquo;utilisation du tissu non tiss\u00e9 TST BOND pour la confection de leurs housses porte costumes, en faisant confiance \u00e0 l&rsquo;\u00e9l\u00e9gance et \u00e0 la distinction que le non tiss\u00e9 transmet \u00e0 leurs clients. Il s&rsquo;agit de la meilleure des promotions que vous pouvez faire dans votre n\u00e9goce.<br \/>\nLes housses porte costumes confectionn\u00e9es en non tiss\u00e9 en spunbond se caract\u00e9risent par \u00eatre perm\u00e9ables \u00e0 la vapeur d&rsquo;eau et ne pas laisser passer la poussi\u00e8re, en prot\u00e9geant ainsi des acarus.<\/p>\n<p><\/div><div class=\"one_third last\"><\/p>\n<h4>Vitrines.<\/h4>\n<p><a class=\"enl-aplic-producto\" href=\"https:\/\/tejidosintejer-notejido.es\/portfolio\/tst-bond\/\">TST BOND<\/a> <a class=\"enl-aplic-producto\" href=\"https:\/\/tejidosintejer-notejido.es\/portfolio\/tst-chem\/\">TST CHEM <\/a> <a class=\"enl-aplic-producto\" href=\"https:\/\/tejidosintejer-notejido.es\/portfolio\/tst-decor\/\">TST DECOR<\/a><br \/>\nAussi bien\u00a0 les grands magasins comme les petits commerces utilisent nos non tiss\u00e9s TST BOND, TST CHEM et TST DECOR en tant que fond de d\u00e9cor pour leurs vitrines.<br \/>\nNos tissus non tiss\u00e9s TST sont l&rsquo;un des principaux choix des \u00e9talagistes, puisqu&rsquo;ils offrent une grande versatilit\u00e9 pour les d\u00e9cors, comme par exemple la combinaison entre tissus opaques et voiles transparents. Les dessins et la large gamme de couleurs du tissu non tiss\u00e9, permet de r\u00e9aliser des combinaisons en nombre infini, en adaptant les d\u00e9cors aux diff\u00e9rentes saisons de l&rsquo;ann\u00e9e.<\/p>\n<p><\/div><div class=\"clear\"><\/div><div class=\"one_third\"><a name=\"bolsas\"><\/a><\/p>\n<h3><span style=\"color: #d05f5b;\">Bonneteries:<\/span><\/h3>\n<p>Des commerces comme les bonneteries ou les quincailleries livrent de petites quantit\u00e9s de tissu non tiss\u00e9 TST BOND, en approchant le produit aux personnes priv\u00e9es, lesquelles finiront par utiliser le tissu non tiss\u00e9, aussi bien en uni comme en imprim\u00e9, pour de nombreuses applications.<\/p>\n<p><img loading=\"lazy\" class=\"alignnone size-full wp-image-1194\" title=\"Comercial. Mercer\u00edas\" alt=\"Comercial. Mercer\u00edas\" src=\"https:\/\/tejidosintejer-notejido.es\/wp-content\/uploads\/comercial_mercerias.jpg\" width=\"309\" height=\"282\" srcset=\"https:\/\/tejidosintejer-notejido.es\/wp-content\/uploads\/comercial_mercerias.jpg 309w, https:\/\/tejidosintejer-notejido.es\/wp-content\/uploads\/comercial_mercerias-300x273.jpg 300w\" sizes=\"(max-width: 309px) 100vw, 309px\" \/><\/p>\n<p><\/div><div class=\"one_third\"><\/p>\n<h4>Patchwork<\/h4>\n<p><a class=\"enl-aplic-producto\" href=\"https:\/\/tejidosintejer-notejido.es\/portfolio\/tst-bond\/\">TST BOND<\/a> <a class=\"enl-aplic-producto\" href=\"https:\/\/tejidosintejer-notejido.es\/portfolio\/tst-decor\/\">TST DECOR<\/a><br \/>\nDans le domaine de l&rsquo;artisanat textile, les tissus non tiss\u00e9s TST BOND et TST DECOR sont utilis\u00e9s en tant que fragments qui vont \u00eatre assembl\u00e9s \u00e0 d&rsquo;autres tissus. Des textures caract\u00e9ristiques octroient aux non tiss\u00e9s un aspect qui les diff\u00e9rentie d&rsquo;un autre type de tissus. Vous pourrez r\u00e9aliser vos propres cr\u00e9ations en utilisant nos produits dans la confection de sacs, couvre-lits, bavettes, poup\u00e9es, coussins&#8230;<\/p>\n<h4>Bougran<\/h4>\n<p><a class=\"enl-aplic-producto\" href=\"https:\/\/tejidosintejer-notejido.es\/portfolio\/tst-bond\/\">TST BOND<\/a><br \/>\nLe non tiss\u00e9 TST BOND est utilis\u00e9 comme renfort dans la confection de v\u00eatements, tels comme des robes, des chemises, des vestes, des d\u00e9guisements&#8230; comme tissus de base pour les brod\u00e9s, \u00e9pauli\u00e8res ou soutien-gorges. Nos\u00a0 non tiss\u00e9s am\u00e9liorent et maintiennent l&rsquo;image, en m\u00eame temps qu&rsquo;ils donnent de la consistance aux v\u00eatements.<\/p>\n<p><\/div><div class=\"one_third last\"><\/p>\n<h4>Nappes<\/h4>\n<p><a class=\"enl-aplic-producto\" href=\"https:\/\/tejidosintejer-notejido.es\/portfolio\/tst-bond\/\">TST BOND <\/a><a class=\"enl-aplic-producto\" href=\"https:\/\/tejidosintejer-notejido.es\/portfolio\/tst-decor\/\">TST DECOR<\/a><br \/>\nIl est d\u00e9sormais possible de d\u00e9corer la table en la prot\u00e9geant gr\u00e2ce aux non tiss\u00e9s TST BOND et TST DECOR. Il s&rsquo;agit de tissus qui se d\u00e9coupent facilement et avec lesquels vous pourrez faire des nappes, des chemins de table, des surnappes et \u00e9toles, tr\u00e8s pratiques pour la c\u00e9l\u00e9bration de f\u00eates, d\u00eeners ou \u00e9v\u00e9nements, et qui conf\u00e8rent une touche d&rsquo;\u00e9l\u00e9gance \u00e0 un prix r\u00e9duit. Le tissu non tiss\u00e9 est un mat\u00e9riel hydrophobe c&rsquo;est-\u00e0-dire qu&rsquo;il rejette les liquides.<\/p>\n<h4>Emballages<\/h4>\n<p><a href=\"https:\/\/tejidosintejer-notejido.es\/portfolio\/tst-bond\/\">TST BOND<\/a> <a href=\"https:\/\/tejidosintejer-notejido.es\/portfolio\/tst-decor\/\">TST DECOR<\/a><br \/>\nAvec nos non-tiss\u00e9s TST DECOR, TST CHEM et TST BOND vous pouvez soigner la pr\u00e9sentation de chaque d\u00e9tail pour les unions, bapt\u00eame, communions, etc. Vous pouvez personnaliser et d\u00e9corer \u00e0 votre go\u00fbt chaque cadeau en le faisant sp\u00e9cial.<br \/>\nAppliquez vos id\u00e9es originelles d&#8217;emballage avec nos tissus non tiss\u00e9s en r\u00e9alisant des paquets de toute sorte pour des objets de merchandising comme des petits sachets, des bo\u00eetes, des rubans, etc.<\/p>\n<p><\/div><div class=\"clear\"><\/div><div class=\"one_third\"><a name=\"floristerias\"><\/a><\/p>\n<h3><span style=\"color: #d05f5b;\">Fleuristes:<\/span><\/h3>\n<p>L&rsquo;intensit\u00e9 et la vari\u00e9t\u00e9 de couleurs de nos non tiss\u00e9s, ainsi que leurs diff\u00e9rentes textures, font que ceux-ci soient tr\u00e8s utilis\u00e9s comme ornement de bouquets de fleurs et centres, pour la d\u00e9coration d&rsquo;\u00e9glises, de jardins et de restaurants pour la c\u00e9l\u00e9bration d&rsquo;unions, de f\u00eates et d&rsquo;\u00e9v\u00e9nements.<\/p>\n<p><img loading=\"lazy\" class=\"alignnone size-full wp-image-1193\" title=\"Comercial. Florister\u00edas\" alt=\"Comercial. Florister\u00edas\" src=\"https:\/\/tejidosintejer-notejido.es\/wp-content\/uploads\/comercial_floristerias.jpg\" width=\"309\" height=\"282\" srcset=\"https:\/\/tejidosintejer-notejido.es\/wp-content\/uploads\/comercial_floristerias.jpg 309w, https:\/\/tejidosintejer-notejido.es\/wp-content\/uploads\/comercial_floristerias-300x273.jpg 300w\" sizes=\"(max-width: 309px) 100vw, 309px\" \/><\/p>\n<p><\/div><div class=\"one_third\"><\/p>\n<h4>Bouquets de fleurs et centres.<\/h4>\n<p><a class=\"enl-aplic-producto\" href=\"https:\/\/tejidosintejer-notejido.es\/portfolio\/tst-decor\/\">TST DECOR <\/a> <a class=\"enl-aplic-producto\" href=\"https:\/\/tejidosintejer-notejido.es\/\">TST CHEM<\/a><br \/>\nPour des occasions sp\u00e9ciales, les bouquets de fleurs sont consid\u00e9r\u00e9s comme un cadeau sentimental. Envelopper des fleurs fra\u00eeches avec notre vari\u00e9t\u00e9 de tissus non tiss\u00e9s TST DECOR et TST CHEM aide \u00e0 transmettre des \u00e9motions. En outre, ils donnent des solutions selon la saison de l&rsquo;ann\u00e9e ou le go\u00fbt du consommateur.<br \/>\nDes arrangements de d\u00e9coration florale peuvent \u00eatre r\u00e9alis\u00e9s avec des non tiss\u00e9s \u00e0 l&rsquo;apparence de tissu en permettant de les modeler \u00e0 votre go\u00fbt et de les remplir de cr\u00e9ativit\u00e9.<\/p>\n<p><\/div><div class=\"one_third last\"><\/p>\n<h4>Ornements<\/h4>\n<p><a class=\"enl-aplic-producto\" href=\"https:\/\/tejidosintejer-notejido.es\/portfolio\/tst-decor\/\">TST DECOR <\/a> <a class=\"enl-aplic-producto\" href=\"https:\/\/tejidosintejer-notejido.es\/portfolio\/tst-bond\/\">TST BOND<\/a><br \/>\nD\u00e9couvrez les possibilit\u00e9s offertes par le non tiss\u00e9 en polypropyl\u00e8ne pour la d\u00e9coration dans les c\u00e9r\u00e9monies, f\u00eates ou \u00e9v\u00e9nements. Les articles les plus utilis\u00e9s sont les grands n\u0153uds pour les chaises, les nappes ou les d\u00e9cors.<br \/>\nD\u00e9corez des espaces int\u00e9rieurs et ext\u00e9rieurs \u00e0 l&rsquo;aide du voile en TST, en profitant de la large gamme de couleurs disponibles, vous pourrez coordonner\u00a0 avec des nuances rustiques,\u00a0 voyantes, \u00e9l\u00e9gantes&#8230;<br \/>\n<\/div><div class=\"clear\"><\/div><div class=\"one_third\"><a name=\"bolsas\"><\/a><\/p>\n<!-- AddThis Advanced Settings generic via filter on the_content --><!-- AddThis Share Buttons generic via filter on the_content -->","protected":false},"excerpt":{"rendered":"<p>D\u00e9sol\u00e9, cet article est seulement disponible en Espagnol Europ\u00e9en.<!-- AddThis Advanced Settings generic via filter on get_the_excerpt --><!-- AddThis Share Buttons generic via filter on get_the_excerpt --><\/p>\n","protected":false},"author":1,"featured_media":0,"parent":0,"menu_order":0,"comment_status":"closed","ping_status":"closed","template":"","meta":{"_mi_skip_tracking":false},"_links":{"self":[{"href":"https:\/\/tejidosintejer-notejido.es\/fr\/wp-json\/wp\/v2\/pages\/23"}],"collection":[{"href":"https:\/\/tejidosintejer-notejido.es\/fr\/wp-json\/wp\/v2\/pages"}],"about":[{"href":"https:\/\/tejidosintejer-notejido.es\/fr\/wp-json\/wp\/v2\/types\/page"}],"author":[{"embeddable":true,"href":"https:\/\/tejidosintejer-notejido.es\/fr\/wp-json\/wp\/v2\/users\/1"}],"replies":[{"embeddable":true,"href":"https:\/\/tejidosintejer-notejido.es\/fr\/wp-json\/wp\/v2\/comments?post=23"}],"version-history":[{"count":28,"href":"https:\/\/tejidosintejer-notejido.es\/fr\/wp-json\/wp\/v2\/pages\/23\/revisions"}],"predecessor-version":[{"id":1848,"href":"https:\/\/tejidosintejer-notejido.es\/fr\/wp-json\/wp\/v2\/pages\/23\/revisions\/1848"}],"wp:attachment":[{"href":"https:\/\/tejidosintejer-notejido.es\/fr\/wp-json\/wp\/v2\/media?parent=23"}],"curies":[{"name":"wp","href":"https:\/\/api.w.org\/{rel}","templated":true}]}}