{"id":2,"date":"2013-06-14T11:29:32","date_gmt":"2013-06-14T09:29:32","guid":{"rendered":"https:\/\/tejidosintejer-notejido.es\/?page_id=2"},"modified":"2021-09-21T16:16:08","modified_gmt":"2021-09-21T14:16:08","slug":"empresa","status":"publish","type":"page","link":"https:\/\/tejidosintejer-notejido.es\/fr\/empresa\/","title":{"rendered":"Entreprise"},"content":{"rendered":"<p><div class=\"one_third\"><\/p>\n<p><span style=\"color: #ffffff;\">TST est une entreprise espagnole qui commercialise du tissu non tiss\u00e9 pour diff\u00e9rentes applications, en d\u00e9veloppant avec ses collaborateurs des solutions adapt\u00e9es aux besoins des clients.<\/span><\/p>\n<p><span style=\"color: #ffffff;\">D\u00e8s ses d\u00e9buts, TST s&rsquo;est charg\u00e9 de garantir un service rapide et de qualit\u00e9, \u00e9tant le point d&rsquo;union entre le fabricant, le finisseur et le client final.<\/span><\/p>\n<p><span style=\"color: #ffffff;\">TST concentre tous ses efforts dans le secteur industriel, en conseillant les entreprises \u00e0 la recherche de nouvelles solutions, et en s&rsquo;engageant \u00e0 donner un service dans les d\u00e9lais accord\u00e9s. Dans ce but nous comptons sur des techniciens sp\u00e9cialis\u00e9s dans le secteur avec une exp\u00e9rience de 12 ans<\/span><\/p>\n<p><\/div><\/p>\n<div class=\"one_third\"><\/p>\n<p><span style=\"color: #ffffff;\">Tant nos fournisseurs comme les mati\u00e8res premi\u00e8res que nous utilisons sont d&rsquo;une grande qualit\u00e9. Nous disposons de non-tiss\u00e9s techniques qui s&rsquo;adaptent aux requ\u00eates les plus exigeantes dans des secteurs tels que l&rsquo;automobilisme, la construction, l&rsquo;hygi\u00e8ne, l&#8217;emballage ou l&rsquo;alimentation.<\/span><\/p>\n<p><span style=\"color: #ffffff;\">Nous comptons sur un stock qui se trouve dans un grand entrep\u00f4t \u00e0 Agullent (Valence), \u00e0 partir duquel nous distribuons tant \u00e0 niveau national comme international.<\/span><\/p>\n<p><\/div>\n<div class=\"one_third last\">\n<p><a href=\"https:\/\/tejidosintejer-notejido.es\/wp-content\/uploads\/EMPRESA.jpg\" data-rel=\"prettyPhoto[this_page]\" title=\"\"><img loading=\"lazy\" class=\"alignnone size-full wp-image-1353\" src=\"https:\/\/tejidosintejer-notejido.es\/wp-content\/uploads\/EMPRESA.jpg\" alt=\"tst empresa\" width=\"309\" height=\"282\" srcset=\"https:\/\/tejidosintejer-notejido.es\/wp-content\/uploads\/EMPRESA.jpg 309w, https:\/\/tejidosintejer-notejido.es\/wp-content\/uploads\/EMPRESA-300x273.jpg 300w\" sizes=\"(max-width: 309px) 100vw, 309px\" \/><\/a><\/p>\n<p><\/div><div class=\"clear\"><\/div><\/p>\n<!-- AddThis Advanced Settings generic via filter on the_content --><!-- AddThis Share Buttons generic via filter on the_content -->","protected":false},"excerpt":{"rendered":"<p><!-- AddThis Advanced Settings generic via filter on get_the_excerpt --><!-- AddThis Share Buttons generic via filter on get_the_excerpt --><\/p>\n","protected":false},"author":1,"featured_media":0,"parent":0,"menu_order":0,"comment_status":"closed","ping_status":"closed","template":"","meta":{"_mi_skip_tracking":false},"_links":{"self":[{"href":"https:\/\/tejidosintejer-notejido.es\/fr\/wp-json\/wp\/v2\/pages\/2"}],"collection":[{"href":"https:\/\/tejidosintejer-notejido.es\/fr\/wp-json\/wp\/v2\/pages"}],"about":[{"href":"https:\/\/tejidosintejer-notejido.es\/fr\/wp-json\/wp\/v2\/types\/page"}],"author":[{"embeddable":true,"href":"https:\/\/tejidosintejer-notejido.es\/fr\/wp-json\/wp\/v2\/users\/1"}],"replies":[{"embeddable":true,"href":"https:\/\/tejidosintejer-notejido.es\/fr\/wp-json\/wp\/v2\/comments?post=2"}],"version-history":[{"count":47,"href":"https:\/\/tejidosintejer-notejido.es\/fr\/wp-json\/wp\/v2\/pages\/2\/revisions"}],"predecessor-version":[{"id":2121,"href":"https:\/\/tejidosintejer-notejido.es\/fr\/wp-json\/wp\/v2\/pages\/2\/revisions\/2121"}],"wp:attachment":[{"href":"https:\/\/tejidosintejer-notejido.es\/fr\/wp-json\/wp\/v2\/media?parent=2"}],"curies":[{"name":"wp","href":"https:\/\/api.w.org\/{rel}","templated":true}]}}