{"id":1102,"date":"2013-10-17T09:21:01","date_gmt":"2013-10-17T07:21:01","guid":{"rendered":"https:\/\/tejidosintejer-notejido.es\/?page_id=1102"},"modified":"2014-10-06T19:35:01","modified_gmt":"2014-10-06T17:35:01","slug":"servicios","status":"publish","type":"page","link":"https:\/\/tejidosintejer-notejido.es\/fr\/servicios\/","title":{"rendered":"Services"},"content":{"rendered":"<p><\/p>\n<div class=\"subnav-wrap\"><a style=\"margin-left: 0;\" href=\"#cultivos\">Restauration \/ h\u00f4tellerie<\/a><span style=\"font-size: 20px;\">|<\/span> <a href=\"#bolsas\">Transports<\/a>| <a href=\"#funerario\">Funerair\u00e9 <\/a>| <a href=\"#belleza\">Beaut\u00e9<\/a> | <a href=\"#clubs\">Clubs\/ Auberges<\/a> | <a href=\"#veterinario\">V\u00e9t\u00e9rinaire<\/a><\/div>\n<p><div class=\"one_third\"><a name=\"cultivos\"><\/a><\/p>\n<h3><span style=\"color: #d05f5b;\">Restauration \/ h\u00f4tellerie:<\/span><\/h3>\n<p>L&#8217;emploi de tissus non tiss\u00e9s devient chaque fois plus habituel dans le secteur de la restauration et de l&rsquo;h\u00f4tellerie, parce qu&rsquo;ils offrent la possibilit\u00e9 de fabriquer des articles jetables \u00e0 bas co\u00fbt en garantissant une hygi\u00e8ne maximale.<\/p>\n<p><img loading=\"lazy\" class=\"alignnone size-full wp-image-1222\" title=\"Servicios. Restauraci\u00f3n y hosteler\u00eda\" alt=\"Servicios. Restauraci\u00f3n y hosteler\u00eda\" src=\"https:\/\/tejidosintejer-notejido.es\/wp-content\/uploads\/servicios_restauraci\u00f3n_hosteleria.jpg\" width=\"309\" height=\"282\" srcset=\"https:\/\/tejidosintejer-notejido.es\/wp-content\/uploads\/servicios_restauraci\u00f3n_hosteleria.jpg 309w, https:\/\/tejidosintejer-notejido.es\/wp-content\/uploads\/servicios_restauraci\u00f3n_hosteleria-300x273.jpg 300w\" sizes=\"(max-width: 309px) 100vw, 309px\" \/><\/p>\n<p><\/div><div class=\"one_third\"><\/p>\n<h4>Nappes, chemins de table, bavoirs<\/h4>\n<p><a class=\"enl-aplic-producto\" href=\"https:\/\/tejidosintejer-notejido.es\/portfolio\/tst-bond\/\">TST BOND<\/a><br \/>\nLes nappes jetables\u00a0 en tissu non tiss\u00e9 donnent de l&rsquo;\u00e9l\u00e9gance et de la couleur \u00e0 l&rsquo;ambiance de votre bar, restaurant ou caf\u00e9t\u00e9ria. Ce tissu non tiss\u00e9 vous permet de cr\u00e9er des combinaison de couleur avec des contrastes entre les nappes et les chemins de table, ou les \u00ab\u00a0You &#038; I\u00a0\u00bb.<br \/>\nLe non tiss\u00e9 jetable TST BOND est apte \u00e0 imprimer des anagrammes, des images ou des messages, donc beaucoup de restaurants l&rsquo;utilisent pour donner une touche amusante ou bien se faire de la publicit\u00e9, en offrant \u00e0 leurs clients des bavettes jetables en tissu non tiss\u00e9 pour la d\u00e9gustation de plateaux de fruits de mer, pot au feu, cal\u00e7ots, banquets et c\u00e9l\u00e9brations.<\/p>\n<h4>Bonnets, tabliers<\/h4>\n<p><a class=\"enl-aplic-producto\" href=\"https:\/\/tejidosintejer-notejido.es\/portfolio\/tst-bond\/\">TST BOND<\/a><br \/>\nDans toute cuisine o\u00f9 l&rsquo;on travaille dans le but de servir le public, l&rsquo;hygi\u00e8ne est un aspect fondamental. En utilisant notre tissu non tiss\u00e9 TST BOND pour la fabrication de bonnets et de tabliers\u00a0 vous r\u00e9ussirez \u00e0 maintenir les meilleures conditions hygi\u00e9niques.<\/p>\n<h4>Peignoirs de bain, serviettes \u00e9ponge<\/h4>\n<h4><a class=\"enl-aplic-producto\" href=\"https:\/\/tejidosintejer-notejido.es\/portfolio\/tst-lace\/\">TST LACE<\/a><\/h4>\n<p>Le peignoir de bain et les serviettes \u00e9ponge sont des produits d&rsquo;usage tr\u00e8s habituel dans les h\u00f4tels, les baln\u00e9aires, spas, piscines ou salles de massages, et qui entra\u00eenent de longs et co\u00fbteux proc\u00e9d\u00e9s de recyclage entre un service et un autre. La possibilit\u00e9 d&rsquo;utiliser ces produits fabriqu\u00e9s en tissu non tiss\u00e9 jetable TST LACE ou Spunlace, permet d&rsquo;\u00e9pargner des co\u00fbts et facilite le travail.<br \/>\nLes serviettes \u00e9ponge et les peignoirs confectionn\u00e9s en tissu non tiss\u00e9s Spunlace sont doux au toucher et offrent une grande quantit\u00e9 d&rsquo;absorption. Cette capacit\u00e9 absorbante d\u00e9pend de la composition du tissu non tiss\u00e9 Spunlace devenant majeure \u00e0 plus grande quantit\u00e9 de viscose par rapport au polyester.<\/p>\n<p><\/div><div class=\"one_third last\"><\/p>\n<h4>Chaussons, housses de buanderie<\/h4>\n<p><a class=\"enl-aplic-producto\" href=\"https:\/\/tejidosintejer-notejido.es\/portfolio\/tst-bond\/\">TST BOND<\/a><br \/>\nOffrez du confort \u00e0 vos clients pour qu&rsquo;ils se sentent comme chez eux avec les chaussons jetables fabriqu\u00e9s en tissu non tiss\u00e9.<br \/>\nSi vous comptez entre vos priorit\u00e9s d&rsquo;offrir un service de qualit\u00e9, utilisez notre tissus non tiss\u00e9 TST BOND pour confectionner vos sacs de buanderie.<\/p>\n<h4>Lingettes humides<\/h4>\n<p><a href=\"https:\/\/tejidosintejer-notejido.es\/portfolio\/tst-lace\/\">TST LACE<\/a><br \/>\nSoignez la qualit\u00e9 et l&rsquo;hygi\u00e8ne dont vos clients m\u00e9ritent en leur offrant des lingettes humides nettoyantes ou parfum\u00e9es fabriqu\u00e9es avec notre tissu non tiss\u00e9 TST LACE.<br \/>\nLes lingettes s\u00e8ches et humides jetables en Spunlace, imbib\u00e9es de produits de nettoyage d\u00e9sinfectants, peuvent \u00e9viter de se laver les mains.<\/p>\n<h4>Filtres.<\/h4>\n<p><a class=\"enl-aplic-producto\" href=\"https:\/\/tejidosintejer-notejido.es\/portfolio\/tst-lace\/\">TST LACE<\/a><br \/>\nDans la restauration, le tissu non tiss\u00e9 TST LACE Spunlace est d&rsquo;application sur divers ustensiles et produits, comme les sacs et les filtres pour aspirateurs, filtres \u00e0 eau, th\u00e9 ou caf\u00e9. Le tissu non tiss\u00e9 est un composant de\u00a0 microfibres r\u00e9sistant aux mites et la traction m\u00e9canique, en outre d&rsquo;\u00eatre perm\u00e9able \u00e0 la vapeur d&rsquo;eau et antibact\u00e9rien.<\/p>\n<p><\/div><div class=\"clear\"><\/div><div class=\"one_third\"><a name=\"bolsas\"><\/a><\/p>\n<h3><span style=\"color: #d05f5b;\">Transports:<\/span><\/h3>\n<p>Les transports publics sont une alternative au transport priv\u00e9, et visent \u00e0 maintenir et \u00e0 fid\u00e9liser les clients. Offrir un espace agr\u00e9able, hygi\u00e9nique et de satisfaction du voyageur sur le r\u00e9seau des transports publics devient plus facile en utilisant des produits fongibles fabriqu\u00e9s en tissu non tiss\u00e9 en spunbond PP 100%.<br \/>\nL&rsquo;utilisation de tissus non tiss\u00e9s dans le secteur des transports publics exige l&rsquo;application d&rsquo;un traitement ignifuge sp\u00e9cifique, selon ce qui est \u00e9tabli par la loi.<\/p>\n<p><img loading=\"lazy\" class=\"alignnone size-full wp-image-1223\" title=\"Servicios. Transporte\" alt=\"Servicios. Transporte\" src=\"https:\/\/tejidosintejer-notejido.es\/wp-content\/uploads\/servicios_transporte.jpg\" width=\"309\" height=\"282\" srcset=\"https:\/\/tejidosintejer-notejido.es\/wp-content\/uploads\/servicios_transporte.jpg 309w, https:\/\/tejidosintejer-notejido.es\/wp-content\/uploads\/servicios_transporte-300x273.jpg 300w\" sizes=\"(max-width: 309px) 100vw, 309px\" \/><\/p>\n<p><\/div><div class=\"one_third\"><\/p>\n<h4>D\u00e9m\u00e9nagements<\/h4>\n<p><a class=\"enl-aplic-producto\" href=\"https:\/\/tejidosintejer-notejido.es\/portfolio\/tst-protec\/\">TST PROTEC<\/a><br \/>\nLors d&rsquo;un d\u00e9m\u00e9nagement, prot\u00e9gez vos meubles des coups, de la poussi\u00e8re et des \u00e9gratignures avec le tissu non tiss\u00e9 TST PROTEC. Celui-ci s&rsquo;adapte facilement \u00e0 toute sorte de surface et de reliefs.<\/p>\n<h4>Housses pour appui-t\u00eate<\/h4>\n<p><a class=\"enl-aplic-producto\" href=\"https:\/\/tejidosintejer-notejido.es\/portfolio\/tst-protec\/\">TST PROTEC<\/a><br \/>\nLeurs propri\u00e9t\u00e9s hygi\u00e9niques, ainsi que leurs possibilit\u00e9s comme support publicitaire, font du tissu non tiss\u00e9 jetable TST BOND qu&rsquo;il soit utilis\u00e9 comme housse pour appui-t\u00eate sur les si\u00e8ges de compagnies a\u00e9riennes, de chemins de fer, de\u00a0 navigation ou d&rsquo;autobus.<\/p>\n<h4>Taies d\u00b4oreillers<\/h4>\n<p><a class=\"enl-aplic-producto\" href=\"https:\/\/tejidosintejer-notejido.es\/portfolio\/tst-bond\/\">TST BOND<\/a><br \/>\nLes lignes a\u00e9riennes, le transport ferroviaire, les autobus et les compagnies de navigation sont \u00e0 la recherche du plus grand confort pour leurs clients sur les longs trajets, c&rsquo;est pour cela qu&rsquo;ils leurs offrent\u00a0 clients des coussins rev\u00eatus de housses protectrices en tissu non tiss\u00e9\u00a0 en polypropyl\u00e8ne TST BOND, qui garantit les meilleures conditions hygi\u00e9niques du coussin, en emp\u00eachant la sueur de passer \u00e0 l&rsquo;int\u00e9rieur.<\/p>\n<p><\/div><div class=\"one_third last\"><\/p>\n<h4>Dessous de verre<\/h4>\n<p><a class=\"enl-aplic-producto\" href=\"https:\/\/tejidosintejer-notejido.es\/portfolio\/tst-bond\/\">TST BOND <\/a><a class=\"enl-aplic-producto\" href=\"https:\/\/tejidosintejer-notejido.es\/portfolio\/tst-sms\/\">TST SMS<\/a><br \/>\nLes petits d\u00e9tails marquent la diff\u00e9rence, r\u00e9aliser un dessous de verre en tissu non tiss\u00e9 \u00e9vite de laisser des ronds sur les tables. En plus vous pouvez les personnaliser avec le logo de votre entreprise \u00e0 un bas co\u00fbt.<\/p>\n<p><\/div><div class=\"clear\"><\/div><div class=\"one_third\"><a name=\"funerario\"><\/a><\/p>\n<h3><span style=\"color: #d05f5b;\">Fun\u00e9raire:<\/span><\/h3>\n<p>Les services fun\u00e9raires, pr\u00e9sentent un risque \u00e9lev\u00e9 d&rsquo;infections par la manipulation de cadavres, puisqu&rsquo;ils sont expos\u00e9s \u00e0 des agents biologiques. En cons\u00e9quence, il est n\u00e9cessaire de prendre des mesures pr\u00e9ventives afin de minimiser les risques, en utilisant des produits fabriqu\u00e9s avec nos tissus non tiss\u00e9s TST BOND, TST SMS, TST LACE ou TST LAMIN\u00c9. Ceux-ci admettent diff\u00e9rents traitements et finitions, comme l&rsquo;ignifuge, l&rsquo;ultraviolet ou le lamin\u00e9 en poly\u00e9thyl\u00e8ne, en s&rsquo;adaptant ainsi aux plus strictes exigences.<\/p>\n<p><img loading=\"lazy\" class=\"alignnone size-full wp-image-1221\" title=\"Servicios. Funerario\" alt=\"Servicios. Funerario\" src=\"https:\/\/tejidosintejer-notejido.es\/wp-content\/uploads\/servicios_funerario.jpg\" width=\"309\" height=\"282\" srcset=\"https:\/\/tejidosintejer-notejido.es\/wp-content\/uploads\/servicios_funerario.jpg 309w, https:\/\/tejidosintejer-notejido.es\/wp-content\/uploads\/servicios_funerario-300x273.jpg 300w\" sizes=\"(max-width: 309px) 100vw, 309px\" \/><\/p>\n<p><\/div><div class=\"one_third\"><\/p>\n<h4>Housses, linceuls, sacs<\/h4>\n<p><a class=\"enl-aplic-producto\" href=\"https:\/\/tejidosintejer-notejido.es\/portfolio\/tst-bond\/\">TST BOND <\/a> <a class=\"enl-aplic-producto\" href=\"https:\/\/tejidosintejer-notejido.es\/portfolio\/tst-laminado\/\">TST LAMIN\u00c9<\/a><br \/>\nLes housses de r\u00e9ception pour le transport de cadavres et restes humains doivent \u00eatre r\u00e9sistantes, imperm\u00e9ables et avoir des mesures ad\u00e9quates. Ces housse \u00e0 restes, linceuls et sacs \u00e0 cadavres se fabriquent en tissus non tiss\u00e9s TST BOND et TST LAMIN\u00c9, \u00e9tant donn\u00e9 que ces mat\u00e9riaux sont thermoplastiques \u00e0 grande stabilit\u00e9 face aux solvants et acides. Quand il s\u2019agit de rapatrier un cadavre par voie a\u00e9rienne on utilise le non tiss\u00e9 \u00e0 traitement ignifuge en respectant la normative de rigueur.<\/p>\n<h4>\u00c9quipos de protection<\/h4>\n<p><a class=\"enl-aplic-producto\" href=\"https:\/\/tejidosintejer-notejido.es\/portfolio\/tst-bond\/\">TST BOND <\/a><a class=\"enl-aplic-producto\" style=\"top: 51px;\" href=\"https:\/\/tejidosintejer-notejido.es\/portfolio\/tst-sms\/\">TST SMS<\/a><br \/>\nLa protection de travail est indispensable s&rsquo;il s&rsquo;agit de travailler avec des cadavres car ceci r\u00e9percute sur la sant\u00e9 et le bien\u00eatre du travailleur. L&rsquo;utilisation de produits fabriqu\u00e9s avec nos non tiss\u00e9s garantit les meilleures conditions techniques sanitaires. C&rsquo;est avec le tissu non tiss\u00e9 en polypropyl\u00e8ne jetable que vous pourrez confectionner des blouses, des bleus de travail ou des combinaisons, des couvre-chaussures, des masques anti-odeur, des masques anti-vapeur, etc.<\/p>\n<p><\/div><div class=\"one_third last\"><\/p>\n<h4>Housses \u00e0 cercueils \/ urnes<\/h4>\n<h4><a class=\"enl-aplic-producto\" href=\"https:\/\/tejidosintejer-notejido.es\/portfolio\/tst-bond\/\">TST BOND<\/a><\/h4>\n<p>Les housses protectrices sont d&rsquo;une grande utilit\u00e9 pour \u00e9viter les dommages qui pourraient se produire lors du stockage, du transport et la manipulation d&rsquo;urnes et de cercueils. Lesdites housses pour couvrir les cercueils se fabriquent en divers mat\u00e9riaux, entre lesquels nous trouvons celles faites en tissu non tiss\u00e9 en polypropyl\u00e8ne, qui sont plus l\u00e9g\u00e8res que celles en nylon. Les sacs pour le transport d&rsquo;urnes, peuvent \u00eatre \u00e9galement fabriqu\u00e9s en tissu non tiss\u00e9 spunbond,\u00a0 en respectant toutes les conditions hygi\u00e9niques.<\/p>\n<h4>Serviettes jetables<\/h4>\n<p><a class=\"enl-aplic-producto\" href=\"https:\/\/tejidosintejer-notejido.es\/portfolio\/tst-lace\/\">TST LACE<\/a><br \/>\nPour la thanatopraxie il est indispensable d&rsquo;utiliser des serviettes jetables fabriqu\u00e9es en tissu non tiss\u00e9 TST LACE Spunlance, ceci garantira une hygi\u00e8ne maximale apr\u00e8s les soins esth\u00e9tiques du cadavre. Les non tiss\u00e9s sont des produits jetables qui \u00e9vitent la propagation de bact\u00e9ries et les infections.<br \/>\n<\/div><div class=\"clear\"><\/div><div class=\"one_third\"><a name=\"belleza\"><\/a><\/p>\n<h3><span style=\"color: #d05f5b;\">Beaut\u00e9:<\/span><\/h3>\n<p>Le tissu non tiss\u00e9 est un mat\u00e9riau indispensable dans les cabinets d&rsquo;esth\u00e9tique, les centres de beaut\u00e9, les salons de coiffure, les solariums&#8230; car c&rsquo;est avec le non tiss\u00e9 que vous pourrez confectionner divers produits jetables voire des serviettes, sous-v\u00eatements, chaussons, tapis, couvre civi\u00e8res, etc. Ces produits, n\u00e9cessaires et fonctionnels, sont pr\u00e9sents sur le march\u00e9 professionnel depuis d\u00e9j\u00e0 tr\u00e8s longtemps dans le but de satisfaire le confort du client et d&rsquo;\u00e9pargner de l&rsquo;argent en lavages \u00e0 l&rsquo;entrepreneur.<\/p>\n<p><img loading=\"lazy\" class=\"alignnone size-full wp-image-1218\" title=\"Servicios. Belleza\" alt=\"Servicios. Belleza\" src=\"https:\/\/tejidosintejer-notejido.es\/wp-content\/uploads\/servicios_belleza.jpg\" width=\"309\" height=\"282\" srcset=\"https:\/\/tejidosintejer-notejido.es\/wp-content\/uploads\/servicios_belleza.jpg 309w, https:\/\/tejidosintejer-notejido.es\/wp-content\/uploads\/servicios_belleza-300x273.jpg 300w\" sizes=\"(max-width: 309px) 100vw, 309px\" \/><\/p>\n<p><\/div><div class=\"one_third\"><\/p>\n<h4>Bandes depilation<\/h4>\n<p><a class=\"enl-aplic-producto\" href=\"https:\/\/tejidosintejer-notejido.es\/portfolio\/tst-chem\/\">TST CHEM<\/a><br \/>\nLes professionnels du secteur de la cosm\u00e9tique savent bien que les bandes d&rsquo;\u00e9pilation fabriqu\u00e9es en tissu non tiss\u00e9 en polyester et viscose sont les plus appropri\u00e9es pour retirer les poils ind\u00e9sirables, en laissant une peau douce et lisse. Nos bandes d&rsquo;\u00e9pilation en tissu non tiss\u00e9 sont douces, r\u00e9sistantes et de haute qualit\u00e9,\u00a0 elles garantissent le retrait effectif des poils, sans y laisser de traces de cire coll\u00e9es \u00e0 la peau. Les bandes d&rsquo;\u00e9pilation en non tiss\u00e9 TST CHEM sont aptes pour la cire ti\u00e8de avec roll-on et pour la cire chaude d&rsquo;appareil \u00e9pilateur.<\/p>\n<h4>Capes et blouses<\/h4>\n<p><a class=\"enl-aplic-producto\" href=\"https:\/\/tejidosintejer-notejido.es\/portfolio\/tst-bond\/\">TST BOND<\/a><br \/>\nDans les salons de coiffure, les capes pour la coupe, les peignoirs ou les blouses jetables, sont des v\u00eatements r\u00e9alis\u00e9s avec notre tissu non tiss\u00e9 TST BOND lamin\u00e9, dans le but de garantir la protection des v\u00eatements de l&rsquo;utilisateur contre les gouttes de teinture. Il s&rsquo;agit d&rsquo;une solution bon march\u00e9 qui\u00a0 rend service aux besoins du technicien, et malgr\u00e9 \u00eatre un produit jetable, il peut \u00eatre r\u00e9utilis\u00e9\u00a0 plusieurs fois de suite. En outre, le non tiss\u00e9 en polypropyl\u00e8ne va vous permettre d&rsquo;y imprimer l&rsquo;anagramme de votre commerce.<\/p>\n<h4>V\u00eatements<\/h4>\n<p><a class=\"enl-aplic-producto\" href=\"https:\/\/tejidosintejer-notejido.es\/portfolio\/tst-bond\/\">TST BOND<\/a><br \/>\nDans les \u00e9tablissements de beaut\u00e9, massages, baln\u00e9aires, spas ou bien cliniques, nous trouverons des sous-v\u00eatements jetables tels que des petites culottes, des slips, des strings, des hauts ou des bonnets, fabriqu\u00e9s en tissu non tiss\u00e9 jetable en polypropyl\u00e8ne 100%,\u00a0 y qui garantissent une hygi\u00e8ne maximale.<br \/>\nLes produits jetables en tissu non tiss\u00e9 pour des centres de spa ou cliniques de beaut\u00e9 et esth\u00e9tique, permettent que les professionnels r\u00e9alisent leur travail confortablement, en \u00e9vitant des impr\u00e9vus au dernier moment et offrent un confort maximum au consommateur.<\/p>\n<p><\/div><div class=\"one_third last\"><\/p>\n<h4>Serviettes<\/h4>\n<p><a class=\"enl-aplic-producto\" href=\"https:\/\/tejidosintejer-notejido.es\/portfolio\/tst-lace\/\">TST LACE<\/a><br \/>\nDans les centres de coiffure et esth\u00e9tique, la nouvelle serviette jetable fabriqu\u00e9e en tissu non tiss\u00e9 TST LACE, prend la place de l&rsquo;ancienne serviette \u00e9ponge, en conservant un grand pouvoir d&rsquo;absorption et un doux toucher.<br \/>\nAvec les serviettes jetables en tissu non tiss\u00e9 vous n&rsquo;avez pas \u00e0 vous inqui\u00e9ter des t\u00e2ches de teinture, puisqu&rsquo;elles sont jetables et elles iront directement \u00e0 la poubelle.<br \/>\n\u00c9vitez-vous de longs et co\u00fbteux proc\u00e9d\u00e9s de lavage de serviettes pour pouvoir les r\u00e9utiliser, avec le tissu non tiss\u00e9 Spunlace vous allez \u00e9pargner du temps et de l&rsquo;argent.<\/p>\n<h4>Tapis<\/h4>\n<p><a class=\"enl-aplic-producto\" href=\"https:\/\/tejidosintejer-notejido.es\/portfolio\/tst-bond\/\">TST BOND<\/a><br \/>\nDans les salons de coiffure, salles de gym et centres esth\u00e9tiques pourvus de cabines de bronzage, il est d\u00e9conseill\u00e9 d&rsquo;utiliser des tapis non jetables, puisque ceux-ci peuvent produire des contagions entre les clients. L&rsquo;utilisation de tapis fabriqu\u00e9s avec notre non tiss\u00e9 en polypropyl\u00e8ne TST BOND garantit une hygi\u00e8ne maximale dans votre commerce.<\/p>\n<h4>Draps couvre civi\u00e8res<\/h4>\n<p><a class=\"enl-aplic-producto\" href=\"https:\/\/tejidosintejer-notejido.es\/portfolio\/tst-bond\/\">TST BOND<\/a> <a class=\"enl-aplic-producto\" href=\"https:\/\/tejidosintejer-notejido.es\/portfolio\/tst-laminado\/\">TST LAMIN\u00c9<\/a><br \/>\nLes baln\u00e9aires, les centres de physioth\u00e9rapie, ost\u00e9opathie, m\u00e9decine ou esth\u00e9tique, doivent respecter des exigences indispensables dans le but d&rsquo;\u00e9viter des infections ou des contagions microbiennes. C&rsquo;est pour cela qu&rsquo;il est conseill\u00e9 de renouveler le couvre civi\u00e8res jetable en voile de polypropyl\u00e8ne entre un usager et le suivant, devenant un produit \u00e0 n&rsquo;utiliser qu&rsquo;une seule fois.<\/p>\n<p><\/div><div class=\"clear\"><\/div><div class=\"one_third\"><a name=\"clubs\"><\/a><\/p>\n<h3><span style=\"color: #d05f5b;\">Clubs\/auberges de jeunesse :<\/span><\/h3>\n<p>Les \u00e9tablissements qui offrent des services d&rsquo;h\u00e9bergement exigent certaines mesures hygi\u00e9niques, dans le but de pr\u00e9venir et d&rsquo;\u00e9viter de transmettre des maladies. L&rsquo;utilisation de nos tissus non tiss\u00e9s sur des produits \u00e0 usage unique,\u00a0 est fondamentale pour atteindre les meilleurs standards hygi\u00e9niques.<\/p>\n<p><img loading=\"lazy\" class=\"alignnone size-full wp-image-1219\" title=\"Servicios. Clubs y albergues\" alt=\"Servicios. Clubs y albergues\" src=\"https:\/\/tejidosintejer-notejido.es\/wp-content\/uploads\/servicios_clubs_albergues.jpg\" width=\"309\" height=\"282\" srcset=\"https:\/\/tejidosintejer-notejido.es\/wp-content\/uploads\/servicios_clubs_albergues.jpg 309w, https:\/\/tejidosintejer-notejido.es\/wp-content\/uploads\/servicios_clubs_albergues-300x273.jpg 300w\" sizes=\"(max-width: 309px) 100vw, 309px\" \/><\/p>\n<p><\/div><div class=\"one_third\"><\/p>\n<h4>Draps<\/h4>\n<p><a class=\"enl-aplic-producto\" href=\"https:\/\/tejidosintejer-notejido.es\/portfolio\/tst-bond\/\">TST BOND <\/a> <a class=\"enl-aplic-producto\" href=\"https:\/\/tejidosintejer-notejido.es\/portfolio\/tst-sms\/\">TST SMS<\/a><br \/>\nLes draps jetables confectionn\u00e9s avec notre tissu non tiss\u00e9 en Spunbond ou SMS, sont essentiels dans les clubs, les maisons closes ou auberges de jeunesse. \u00c9pargnez\u00a0 donc du temps et de l&rsquo;argent en lavages, au m\u00eame temps que vous garantissez les meilleures conditions hygi\u00e9niques.<\/p>\n<p><\/div><div class=\"one_third last\"><\/p>\n<h4>Serviettes \/ Lingettes humides<\/h4>\n<p><a class=\"enl-aplic-producto\" href=\"https:\/\/tejidosintejer-notejido.es\/portfolio\/tst-lace\/\">TST LACE<\/a><br \/>\nDans des espaces o\u00f9 la propret\u00e9 est primordiale, il est indispensable d&rsquo;utiliser des produits jetables fabriqu\u00e9s en tissu non tiss\u00e9 TST LACE, pour garantir une haute efficacit\u00e9 contre des virus quels qu&rsquo;ils soient, des fongus, des bact\u00e9ries ou des parasites qui pourraient se propager dans des lieux ferm\u00e9s et tr\u00e8s fr\u00e9quent\u00e9s.<br \/>\nUtilisez donc des serviettes jetables ou des lingettes humides nettoyantes fabriqu\u00e9es en tissu non tiss\u00e9 TST LACE ou Spunlace, car en outre d&rsquo;\u00eatre consid\u00e9rablement pratiques, elles ont une grande capacit\u00e9 d&rsquo;absorption de liquides. Avec celles-ci vous allez arr\u00eater de laver, d\u00e9sinfecter, assouplir, s\u00e9cher et repasser. Il s&rsquo;agit simplement de remettre et jeter.<\/p>\n<p><\/div><div class=\"clear\"><\/div><\/p>\n<p><div class=\"one_third\"><a name=\"veterinario\"><\/a><\/p>\n<h3><span style=\"color: #d05f5b;\">V\u00e9t\u00e9rinaire:<\/span><\/h3>\n<p>L&rsquo;\u00e9ducation sanitaire en m\u00eame temps qu&rsquo;une ad\u00e9quate utilisation de produits aide \u00e0\u00a0 r\u00e9duire les risques d&rsquo;infections dans les cliniques v\u00e9t\u00e9rinaires, cabinets et h\u00f4pitaux v\u00e9t\u00e9rinaires. Les barri\u00e8res physiques ad\u00e9quates, moyennant nos tissus non tiss\u00e9s, utilis\u00e9es en m\u00eame temps que des syst\u00e8mes d&rsquo;hygi\u00e8ne sont la combinaison la plus s\u00e9cure et efficace pour le contr\u00f4le de maladies de zoonose.<\/p>\n<p><img loading=\"lazy\" class=\"alignnone size-full wp-image-1224\" title=\"Servicios. Veterinario\" alt=\"Servicios. Veterinario\" src=\"https:\/\/tejidosintejer-notejido.es\/wp-content\/uploads\/servicios_veterinario.jpg\" width=\"309\" height=\"282\" srcset=\"https:\/\/tejidosintejer-notejido.es\/wp-content\/uploads\/servicios_veterinario.jpg 309w, https:\/\/tejidosintejer-notejido.es\/wp-content\/uploads\/servicios_veterinario-300x273.jpg 300w\" sizes=\"(max-width: 309px) 100vw, 309px\" \/><\/p>\n<p><\/div><div class=\"one_third\"><\/p>\n<h4>Masques<\/h4>\n<p><a class=\"enl-aplic-producto\" href=\"https:\/\/tejidosintejer-notejido.es\/portfolio\/tst-sms\/\">TST SMS<\/a><br \/>\nL&rsquo;inhalation de bio-a\u00e9rosols, de spores l\u00e2ch\u00e9es dans l&rsquo;air ou de poussi\u00e8re de mat\u00e9riaux f\u00e9caux d&rsquo;oiseaux, sont quelques-uns des probl\u00e8mes qui puissent affecter le v\u00e9t\u00e9rinaire en alt\u00e9rant l&rsquo;\u00e9tat ontologique de la sant\u00e9. Comme mesure de pr\u00e9vention, les professionnels doivent utiliser r\u00e9guli\u00e8rement\u00a0 des masques ou des respirateurs fabriqu\u00e9s avec nos tissus non tiss\u00e9s TST SMS,\u00a0 selon le niveau de protection \u00e0 atteindre.<\/p>\n<h4>Couvre civi\u00e8res<\/h4>\n<p><a class=\"enl-aplic-producto\" href=\"https:\/\/tejidosintejer-notejido.es\/portfolio\/tst-sms\/\">TST SMS <\/a><a class=\"enl-aplic-producto\" href=\"https:\/\/tejidosintejer-notejido.es\/portfolio\/tst-laminado\/\">TST LAMIN\u00c9<\/a><br \/>\nQuand on fait entrer un animal dans une clinique v\u00e9t\u00e9rinaire ou un h\u00f4pital, celui-ci a besoin de soins ad\u00e9quats \u00e0 son esp\u00e8ce et son \u00e9tat de sant\u00e9. Parfois, ces animaux sont porteurs de maladies infectieuses,\u00a0 il est donc conseill\u00e9 d&rsquo;utiliser un couvre civi\u00e8re fabriqu\u00e9 en tissu non tiss\u00e9,\u00a0 ou bien du type SMS ou bien LAMIN\u00c9 en fonction des besoins de protection.<\/p>\n<p><\/div><div class=\"one_third last\"><\/p>\n<h4>V\u00eatements<\/h4>\n<p><a class=\"enl-aplic-producto\" href=\"https:\/\/tejidosintejer-notejido.es\/portfolio\/tst-sms\/\">TST SMS <\/a> <a class=\"enl-aplic-producto\" href=\"https:\/\/tejidosintejer-notejido.es\/portfolio\/tst-laminado\/\">TST LAMIN\u00c9<\/a><br \/>\nLes v\u00e9t\u00e9rinaires sont la plupart du temps expos\u00e9s aux maladies de transmission et aux polluants biologiques, il est donc conseill\u00e9 de rev\u00eatir des v\u00eatements de protection ad\u00e9quats, lesquels il devra jeter au moment de quitter le laboratoire. Un grand nombre des dits v\u00eatements de protection de travail est fabriqu\u00e9 avec nos tissus non tiss\u00e9s TST SMS et TST LAMIN\u00c9, voire des uniformes, des bonnets, des couvre manches, des peignoirs, des gu\u00eatres et plusieurs articles en plus.<\/p>\n<p><\/div><div class=\"clear\"><\/div><\/p>\n<!-- AddThis Advanced Settings generic via filter on the_content --><!-- AddThis Share Buttons generic via filter on the_content -->","protected":false},"excerpt":{"rendered":"<p>Restauration \/ h\u00f4tellerie| Transports| Funerair\u00e9 | Beaut\u00e9 | Clubs\/ Auberges | V\u00e9t\u00e9rinaire<!-- AddThis Advanced Settings generic via filter on get_the_excerpt --><!-- AddThis Share Buttons generic via filter on get_the_excerpt --><\/p>\n","protected":false},"author":1,"featured_media":0,"parent":0,"menu_order":0,"comment_status":"closed","ping_status":"closed","template":"","meta":{"_mi_skip_tracking":false},"_links":{"self":[{"href":"https:\/\/tejidosintejer-notejido.es\/fr\/wp-json\/wp\/v2\/pages\/1102"}],"collection":[{"href":"https:\/\/tejidosintejer-notejido.es\/fr\/wp-json\/wp\/v2\/pages"}],"about":[{"href":"https:\/\/tejidosintejer-notejido.es\/fr\/wp-json\/wp\/v2\/types\/page"}],"author":[{"embeddable":true,"href":"https:\/\/tejidosintejer-notejido.es\/fr\/wp-json\/wp\/v2\/users\/1"}],"replies":[{"embeddable":true,"href":"https:\/\/tejidosintejer-notejido.es\/fr\/wp-json\/wp\/v2\/comments?post=1102"}],"version-history":[{"count":37,"href":"https:\/\/tejidosintejer-notejido.es\/fr\/wp-json\/wp\/v2\/pages\/1102\/revisions"}],"predecessor-version":[{"id":1801,"href":"https:\/\/tejidosintejer-notejido.es\/fr\/wp-json\/wp\/v2\/pages\/1102\/revisions\/1801"}],"wp:attachment":[{"href":"https:\/\/tejidosintejer-notejido.es\/fr\/wp-json\/wp\/v2\/media?parent=1102"}],"curies":[{"name":"wp","href":"https:\/\/api.w.org\/{rel}","templated":true}]}}