{"id":1096,"date":"2013-10-17T09:13:39","date_gmt":"2013-10-17T07:13:39","guid":{"rendered":"https:\/\/tejidosintejer-notejido.es\/?page_id=1096"},"modified":"2014-10-12T18:43:12","modified_gmt":"2014-10-12T16:43:12","slug":"ocio","status":"publish","type":"page","link":"https:\/\/tejidosintejer-notejido.es\/fr\/ocio\/","title":{"rendered":"Loisirs"},"content":{"rendered":"<p><\/p>\n<div class=\"subnav-wrap\"><a style=\"margin-left: 0;\" href=\"#cultivos\">\u00c9v\u00e9nements et festivit\u00e9s<\/a> <span style=\"font-size: 20px;\">|<\/span> <a href=\"#bolsas\">Mus\u00e9es et galleries d\u00b4art<\/a> | <a href=\"#colegios\">\u00c9coles et cr\u00e8ches<\/a><\/div>\n<p><div class=\"one_third\"><a name=\"cultivos\"><\/a><\/p>\n<h3><span style=\"color: #d05f5b;\">\u00c9v\u00e9nements et festivit\u00e9s:<\/span><\/h3>\n<p>La grande vari\u00e9t\u00e9 de couleurs, ainsi que l&rsquo;\u00e9l\u00e9gance et le bas co\u00fbt, font que nos tissus non tiss\u00e9s soient tr\u00e8s utilis\u00e9s comme \u00e9l\u00e9ments d\u00e9coratifs d&rsquo;ambiance pour des \u00e9v\u00e9nements sportifs, culturels, musicaux ou gastronomiques, ainsi que pour les f\u00eates populaires, podiums ou foires. Des organismes publiques, \u00e9coles, entreprises priv\u00e9es, th\u00e9\u00e2tres, associations et organisations utilisent nos tissus non tiss\u00e9s comme support pour l&rsquo;impression publicitaire.<\/p>\n<p><img loading=\"lazy\" class=\"alignnone size-full wp-image-1212\" title=\"Ocio. Eventos y festejos\" alt=\"Ocio. Eventos y festejos\" src=\"https:\/\/tejidosintejer-notejido.es\/wp-content\/uploads\/ocio_eventos_-festejos.jpg\" width=\"309\" height=\"282\" srcset=\"https:\/\/tejidosintejer-notejido.es\/wp-content\/uploads\/ocio_eventos_-festejos.jpg 309w, https:\/\/tejidosintejer-notejido.es\/wp-content\/uploads\/ocio_eventos_-festejos-300x273.jpg 300w\" sizes=\"(max-width: 309px) 100vw, 309px\" \/><\/p>\n<p><\/div><div class=\"one_third\"><\/p>\n<h4>Recouvrement<\/h4>\n<p><a class=\"enl-aplic-producto\" href=\"https:\/\/tejidosintejer-notejido.es\/portfolio\/tst-bond\/\">TST BOND<\/a><br \/>\nLe tissu non tiss\u00e9 TST BOND est utilis\u00e9 comme \u00e9l\u00e9ment de recouvrement pour recouvrir des objets qui ne doivent pas \u00eatre visibles, voire cl\u00f4tures, carrosses ou bien le dessous d&rsquo;une table. Il peut \u00eatre utilis\u00e9 comme nappe jetable.<br \/>\n\u00c0 l&rsquo;occasion d&rsquo;\u00e9v\u00e9nements sportifs, le tissu non tiss\u00e9 pr\u00e9 coup\u00e9 permet de cr\u00e9er des mosa\u00efques, ainsi que de le disposer en grandes bandes en guise de drapeau, ou bien en tant que base pour de grandes affiches et pancartes.<\/p>\n<h4>D\u00e9coration.<\/h4>\n<p><a class=\"enl-aplic-producto\" href=\"https:\/\/tejidosintejer-notejido.es\/portfolio\/tst-decor\/\">TST DECOR<\/a><br \/>\nL&rsquo;utilisation des tissus non tiss\u00e9s pour la d\u00e9coration va vous permettre de d\u00e9corer des plafonds, rev\u00eatir des murs, des chaises, des carpes, des carrosses, etc&#8230; Nous disposons de non tiss\u00e9s \u00e0 diff\u00e9rentes compositions, couleurs et apparences.<br \/>\nDes compositions de TST en polypropyl\u00e8ne, viscose et polyester, offrent diff\u00e9rentes possibilit\u00e9s cr\u00e9atives.<\/p>\n<p><\/div><div class=\"one_third last\"><\/p>\n<h4>D\u00e9guisements<\/h4>\n<p><a class=\"enl-aplic-producto\" href=\"https:\/\/tejidosintejer-notejido.es\/portfolio\/tst-bond\/\">TST BOND<\/a><br \/>\nLe tissu non tiss\u00e9 TST BOND est bon march\u00e9, non toxique et r\u00e9sistent au d\u00e9chirement. Il est disponible en une vaste gamme de couleurs et grammages, en cons\u00e9quence il est id\u00e9al pour la fabrication de d\u00e9guisements pour les \u00e9coles, cr\u00e8ches, th\u00e9\u00e2tres, carnavals, f\u00eates ou anniversaires.<br \/>\nNotre non tiss\u00e9 est appropri\u00e9 pour l&rsquo;\u00e9laboration de d\u00e9guisements et de compl\u00e9ments, puisque le polypropyl\u00e8ne est facile \u00e0 d\u00e9couper, et il peut \u00eatre cousu sans difficult\u00e9.<\/p>\n<p><img loading=\"lazy\" class=\"alignnone size-full wp-image-1211\" title=\"Ocio. Disfraces\" alt=\"Ocio. Disfraces\" src=\"https:\/\/tejidosintejer-notejido.es\/wp-content\/uploads\/ocio_disfraces.jpg\" width=\"309\" height=\"282\" srcset=\"https:\/\/tejidosintejer-notejido.es\/wp-content\/uploads\/ocio_disfraces.jpg 309w, https:\/\/tejidosintejer-notejido.es\/wp-content\/uploads\/ocio_disfraces-300x273.jpg 300w\" sizes=\"(max-width: 309px) 100vw, 309px\" \/><\/p>\n<p><\/div><div class=\"clear\"><\/div><div class=\"one_third\"><a name=\"bolsas\"><\/a><\/p>\n<h3><span style=\"color: #d05f5b;\">Mus\u00e9es et galleries d\u00b4art:<\/span><\/h3>\n<p><a class=\"enl-aplic-producto\" href=\"https:\/\/tejidosintejer-notejido.es\/portfolio\/tst-protec\/\">TST PROTEC<\/a><br \/>\nTST PROTEC est un non tiss\u00e9 utilis\u00e9 comme emballage de protection de chefs-d&rsquo;\u0153uvre\u00a0 lors de leur transport terrestre et a\u00e9rien; ceci est gr\u00e2ce aux grandes propri\u00e9t\u00e9s qu&rsquo;il pr\u00e9sente comme la r\u00e9sistance \u00e0 la p\u00e9n\u00e9tration et au d\u00e9chirement, hydrophobie de protection de l&rsquo;eau ou autres substance liquides, protection de la lumi\u00e8re solaire, perm\u00e9abilit\u00e9 \u00e0 la vapeur d&rsquo;eau pour \u00e9viter de possibles condensations, etc. Son traitement ignifuge lui permet d&rsquo;accomplir les plus strictes exigences lors du transport a\u00e9rien.<\/p>\n<p><img loading=\"lazy\" class=\"alignnone size-full wp-image-1213\" title=\"Ocio. Museos y galer\u00edas\" alt=\"Ocio. Museos y galer\u00edas\" src=\"https:\/\/tejidosintejer-notejido.es\/wp-content\/uploads\/ocio_museos_-galerias.jpg\" width=\"309\" height=\"282\" srcset=\"https:\/\/tejidosintejer-notejido.es\/wp-content\/uploads\/ocio_museos_-galerias.jpg 309w, https:\/\/tejidosintejer-notejido.es\/wp-content\/uploads\/ocio_museos_-galerias-300x273.jpg 300w\" sizes=\"(max-width: 309px) 100vw, 309px\" \/><\/p>\n<p><\/div><div class=\"one_third\"><\/p>\n<h4>Emballage de tableaux<\/h4>\n<p><a class=\"enl-aplic-producto\" href=\"https:\/\/tejidosintejer-notejido.es\/portfolio\/tst-protec\/\">TST PROTEC<\/a><br \/>\nLe non tiss\u00e9 est un mat\u00e9riel l\u00e9ger et tr\u00e8s doux, id\u00e9al pour la protection de tableaux contemporains sans cadre.<br \/>\nSi nous voulons enrouler deux ou plusieurs chefs-d&rsquo;\u0153uvres de grandes dimensions, nous devons utiliser le tissu non tiss\u00e9 TST PROTEC comme couche interm\u00e9diaire de protection, en \u00e9vitant ainsi de possibles frictions entre une toile et l&rsquo;autre.<br \/>\nLe non tiss\u00e9 TST PROTEC permet les traitements ignifuge et antistatique, c&rsquo;est pour cela qu&rsquo;il s&rsquo;agit d&rsquo;un produit qui s&rsquo;ajuste aux demandes les plus exigeantes du client.<\/p>\n<p><\/div><div class=\"one_third last\"><\/p>\n<h4>Housse protectrice de sculptures<\/h4>\n<p><a class=\"enl-aplic-producto\" href=\"https:\/\/tejidosintejer-notejido.es\/portfolio\/tst-protec\/\">TST PROTEC<\/a><br \/>\nLe non tiss\u00e9 TST PROTEC peut \u00eatre manipul\u00e9 facilement et permet diff\u00e9rentes option d&rsquo;union, c&rsquo;est-\u00e0-dire qu&rsquo;il peut \u00eatre cousu, thermofix\u00e9 ou trait\u00e9 par ultrason, c&rsquo;est pour cela qu&rsquo;il est tr\u00e8s indiqu\u00e9 pour la confection sur mesure de housses protectrices de sculptures. Notre tissu non tiss\u00e9 peut vous garantir la meilleure conservation des chefs-d&rsquo;\u0153uvres lors de leurs d\u00e9placements.<\/p>\n<p><\/div><div class=\"clear\"><\/div><div class=\"one_third\"><a name=\"colegios\"><\/a><\/p>\n<h3><span style=\"color: #d05f5b;\">\u00c9coles et cr\u00e8ches<\/span><\/h3>\n<p>Le co\u00fbt \u00e9lev\u00e9 des cartons bristol fait que le non tiss\u00e9 TST BOND, \u00e9galement connu comme friseline, soit chaque fois plus utilis\u00e9 pour les travaux manuels dans les cr\u00e8ches, les \u00e9coles et les \u00e9coles maternelles. Nos non tiss\u00e9s s&rsquo;ajustent \u00e0 des t\u00e2ches basiques comme dessiner, d\u00e9couper, coudre ou plier, requises par les travaux manuels, la d\u00e9coration ou la confection de v\u00eatements.<\/p>\n<p><img loading=\"lazy\" class=\"alignnone size-full wp-image-1208\" title=\"Ocio. Colegios y guarder\u00edas\" alt=\"Ocio. Colegios y guarder\u00edas\" src=\"https:\/\/tejidosintejer-notejido.es\/wp-content\/uploads\/ocio_colegios_guarderias.jpg\" width=\"309\" height=\"282\" srcset=\"https:\/\/tejidosintejer-notejido.es\/wp-content\/uploads\/ocio_colegios_guarderias.jpg 309w, https:\/\/tejidosintejer-notejido.es\/wp-content\/uploads\/ocio_colegios_guarderias-300x273.jpg 300w\" sizes=\"(max-width: 309px) 100vw, 309px\" \/><\/p>\n<p><\/div><div class=\"one_third\"><\/p>\n<h4>Travaux manuels<\/h4>\n<p><a class=\"enl-aplic-producto\" href=\"https:\/\/tejidosintejer-notejido.es\/portfolio\/tst-bond\/\">TST BOND<\/a><br \/>\nLes travaux manuels augmentent le d\u00e9veloppement cr\u00e9atif, artistique et \u00e9motionnel des enfants, puis qu&rsquo;ils permettent d&rsquo;appliquer des id\u00e9es, des \u00e9motions ou des sentiments. L&rsquo;utilisation de notre non tiss\u00e9 TST BOND aide \u00e0 imaginer de nouvelles fa\u00e7ons de mat\u00e9rialiser des id\u00e9es.<br \/>\nTST BOND est un produit non tiss\u00e9 qui pr\u00e9sente une grande diversit\u00e9 de couleurs, c&rsquo;est pour cela que dans la plupart des cas il peut substituer le carton bristol.<\/p>\n<h4>Tapis muraux et d\u00e9cors<\/h4>\n<p><a class=\"enl-aplic-producto\" href=\"https:\/\/tejidosintejer-notejido.es\/portfolio\/tst-bond\/\">TST BOND<\/a><br \/>\nLe grand format de notre tissu non tiss\u00e9 fait qu&rsquo;il soit sp\u00e9cialement indiqu\u00e9 pour la composition de tapis muraux ou de d\u00e9cors. La r\u00e9alisation de ce genre d&rsquo;activit\u00e9s, g\u00e9n\u00e9ralement en groupe, d\u00e9veloppe la relation sociale entre les enfants.<br \/>\nLe non tiss\u00e9 en friseline est employ\u00e9 dans les d\u00e9cors pour les f\u00eates de fin d&rsquo;ann\u00e9e scolaire, les th\u00e9\u00e2tres, les carnavals et autres activit\u00e9s ludiques.<\/p>\n<p><\/div><div class=\"one_third last\"><\/p>\n<h4>Confection de v\u00eatements<\/h4>\n<p><a class=\"enl-aplic-producto\" href=\"https:\/\/tejidosintejer-notejido.es\/portfolio\/tst-bond\/\">TST BOND<\/a><br \/>\nLe tissu non tiss\u00e9 TST BOND est ad\u00e9quat pour la confection de v\u00eatements en tout genre, comme des salopettes d&rsquo;identit\u00e9 pour les enfants, des sachets pour le go\u00fbter, des sacs pour les chaussures, des bavettes, des tabliers, des masques, des d\u00e9guisements&#8230;<br \/>\nLes qualit\u00e9s techniques du tissu non tiss\u00e9 admettent qu&rsquo;il puisse \u00eatre laver deux ou trois fois, c&rsquo;est-\u00e0-dire que sa r\u00e9utilisation est possible.<\/p>\n<p><img loading=\"lazy\" class=\"alignnone size-full wp-image-1210\" title=\"Ocio. Murales y decorados\" alt=\"Ocio. Murales y decorados\" src=\"https:\/\/tejidosintejer-notejido.es\/wp-content\/uploads\/ocio_colegios_guarderias_murales.jpg\" width=\"309\" height=\"282\" srcset=\"https:\/\/tejidosintejer-notejido.es\/wp-content\/uploads\/ocio_colegios_guarderias_murales.jpg 309w, https:\/\/tejidosintejer-notejido.es\/wp-content\/uploads\/ocio_colegios_guarderias_murales-300x273.jpg 300w\" sizes=\"(max-width: 309px) 100vw, 309px\" \/><\/p>\n<!-- AddThis Advanced Settings generic via filter on the_content --><!-- AddThis Share Buttons generic via filter on the_content -->","protected":false},"excerpt":{"rendered":"<p>\u00c9v\u00e9nements et festivit\u00e9s | Mus\u00e9es et galleries d\u00b4art | \u00c9coles et cr\u00e8ches<!-- AddThis Advanced Settings generic via filter on get_the_excerpt --><!-- AddThis Share Buttons generic via filter on get_the_excerpt --><\/p>\n","protected":false},"author":1,"featured_media":0,"parent":0,"menu_order":0,"comment_status":"closed","ping_status":"closed","template":"","meta":{"_mi_skip_tracking":false},"_links":{"self":[{"href":"https:\/\/tejidosintejer-notejido.es\/fr\/wp-json\/wp\/v2\/pages\/1096"}],"collection":[{"href":"https:\/\/tejidosintejer-notejido.es\/fr\/wp-json\/wp\/v2\/pages"}],"about":[{"href":"https:\/\/tejidosintejer-notejido.es\/fr\/wp-json\/wp\/v2\/types\/page"}],"author":[{"embeddable":true,"href":"https:\/\/tejidosintejer-notejido.es\/fr\/wp-json\/wp\/v2\/users\/1"}],"replies":[{"embeddable":true,"href":"https:\/\/tejidosintejer-notejido.es\/fr\/wp-json\/wp\/v2\/comments?post=1096"}],"version-history":[{"count":26,"href":"https:\/\/tejidosintejer-notejido.es\/fr\/wp-json\/wp\/v2\/pages\/1096\/revisions"}],"predecessor-version":[{"id":1121,"href":"https:\/\/tejidosintejer-notejido.es\/fr\/wp-json\/wp\/v2\/pages\/1096\/revisions\/1121"}],"wp:attachment":[{"href":"https:\/\/tejidosintejer-notejido.es\/fr\/wp-json\/wp\/v2\/media?parent=1096"}],"curies":[{"name":"wp","href":"https:\/\/api.w.org\/{rel}","templated":true}]}}