{"id":1090,"date":"2013-10-17T09:07:55","date_gmt":"2013-10-17T07:07:55","guid":{"rendered":"https:\/\/tejidosintejer-notejido.es\/?page_id=1090"},"modified":"2015-03-31T16:26:33","modified_gmt":"2015-03-31T14:26:33","slug":"agricultura","status":"publish","type":"page","link":"https:\/\/tejidosintejer-notejido.es\/fr\/agricultura\/","title":{"rendered":"Agriculture"},"content":{"rendered":"<p><\/span><\/p>\n<p><span style=\"color: #ffffff;\"><div class=\"one_third\"><\/span><\/p>\n<div><span style=\"color: #ffffff;\"><a style=\"color: #ffffff;\" href=\"#cultivos\">Cultures ext\u00e9rieures<\/a> | <a style=\"color: #ffffff;\" href=\"#bolsas\">Cultivos int\u00e9rieures<\/a><\/span><\/div>\n<p><span style=\"color: #ffffff;\"><\/div><div class=\"one_third\"> <\/div><div class=\"one_third last\"><\/div><div class=\"clear\"><\/div><div class=\"one_third\"><a style=\"color: #ffffff;\" name=\"cultivos\"><\/a><\/span><\/p>\n<h3><span style=\"color: #ffffff;\">Cultures ext\u00e9rieures:<\/span><\/h3>\n<p><span style=\"color: #ffffff;\">Sur les grandes \u00e9tendues, telles que les champs de culture de v\u00e9g\u00e9taux, herbac\u00e9s, jardins et zones vertes, les non-tiss\u00e9s aident \u00e0 la croissance de fruits et plantes, et augmentent la production. La couverture thermique de tissu non-tiss\u00e9 TST UV contient un traitement stabilis\u00e9 aux rayons ultraviolets qui cr\u00e9e une barri\u00e8re climatique, en permettant une augmentation de la temp\u00e9rature par rapport \u00e0 l&rsquo;ext\u00e9rieur d&rsquo;entre 3 et 5 degr\u00e9s. Pour l&rsquo;agriculture, le tissu non tiss\u00e9 TST UV est un produit qui apporte une grande valeur ajout\u00e9e, \u00e9tant donn\u00e9 qu&rsquo;il aide a \u00e9pargner du temps et de l&rsquo;argent face aux fl\u00e9aux et aux gel\u00e9es. <img loading=\"lazy\" title=\"Agricultura. Cultivos exterior\" src=\"https:\/\/tejidosintejer-notejido.es\/wp-content\/uploads\/agricultura_cultivos_exterior1.jpg\" alt=\"Agricultura. Cultivos exterior\" width=\"309\" height=\"282\" \/> <\/div><div class=\"one_third\"><\/span><\/p>\n<h4><span style=\"color: #ffffff;\">Cultures sur terrain<\/span><\/h4>\n<p><span style=\"color: #ffffff;\"><a style=\"color: #ffffff;\" href=\"https:\/\/tejidosintejer-notejido.es\/portfolio\/tst-uv\/\">TST UV<\/a> Notre voile thermique de non-tiss\u00e9 TST UV est pr\u00e9par\u00e9 pour augmenter la temp\u00e9rature des vergers d&rsquo;arbres fruitiers et des potagers de l\u00e9gumes. Il s&rsquo;agit d&rsquo;un filet thermique qui prot\u00e8ge contre les agents externes tels que le vent, le froid, le givre, la mouche blanche et les insectes; en minimisant les dommages caus\u00e9s par la gr\u00eale, surtout dans les cultures sensibles comme celles des laitues, \u00e9pinards, past\u00e8ques, betteraves, melons, etc. Le tissu non-tiss\u00e9 TST UV est un produit micro-poreux, translucide et perm\u00e9able \u00e0 l&rsquo;eau, ce qui fait que l&rsquo;on puisse utiliser le 100% de l&rsquo;eau de pluie. La couverture thermique augmente la production, b\u00e9n\u00e9ficie une croissance optimale et donne lieu \u00e0 une plus efficace pr\u00e9cocit\u00e9 pour la r\u00e9colte de cultures.<\/span><\/p>\n<h4><span style=\"color: #ffffff;\">Cultures d\u00b4arbres<\/span><\/h4>\n<p><span style=\"color: #ffffff;\"><a style=\"color: #ffffff;\" href=\"https:\/\/tejidosintejer-notejido.es\/portfolio\/tst-uv\/\">TST UV<\/a> On peut fabriquer \u00e0 partir du filet thermique de non-tiss\u00e9 en polypropyl\u00e8ne TST UV des sacs ou des sachets de diff\u00e9rentes tailles adapt\u00e9s aux besoins du fruit, en fonction de son utilisation pour des grappes de raisin, des p\u00eaches, des bananes, des corossolliers, etc. Ces sachets thermiques pr\u00e9par\u00e9s pour isoler et prot\u00e9ger le fruit des insectes et des plaies, contribuent \u00e0 minimiser les effets m\u00e9t\u00e9orologiques, ce qui se r\u00e9percute en d&rsquo;exceptionnelles qualit\u00e9s du fruit, telles qu&rsquo;une plus grande quantit\u00e9 de parfums, de sucres et un m\u00fbrissement sain. La mise en sacs de fa\u00e7on manuelle augmente les co\u00fbts de production \u00e0 cause du temps pris par la main d&rsquo;\u0153uvre, quoiqu&rsquo;il existe la possibilit\u00e9 de les r\u00e9utiliser pour baisser le prix des co\u00fbts. En tout cas, son utilisation se r\u00e9percute favorablement sur la production et sur l&rsquo;\u00e9conomie. <\/div><div class=\"one_third last\"><\/span><\/p>\n<h4><span style=\"color: #ffffff;\">Protection de la pelouse.<\/span><\/h4>\n<p><span style=\"color: #ffffff;\"><a style=\"color: #ffffff;\" href=\"https:\/\/tejidosintejer-notejido.es\/portfolio\/tst-uv\/\">TST UV<\/a> Dans le but de garantir les meilleures conditions du terrain de jeu, en le prot\u00e9geant des gel\u00e9es, chaque fois plus de clubs font confiance aux qualit\u00e9s techniques du non-tiss\u00e9 thermique TST UV. Au long des nouvelles semailles, ce voile thermique prot\u00e8ge des plaies de champignons et am\u00e9liore la densit\u00e9 du champ, en acc\u00e9l\u00e9rant le proc\u00e9d\u00e9 de germination des semences et en \u00e9vitant en plus le co\u00fbt d&rsquo;avoir des oiseaux rapaces pour faire fuir les pigeons. En outre, de possibles condensations sur le tissu non-tiss\u00e9 sont \u00e9vit\u00e9es gr\u00e2ce \u00e0 son a\u00e9ration naturelle.<\/span><\/p>\n<h4><span style=\"color: #ffffff;\">Anti mauvaises herbes dans les jardins.<\/span><\/h4>\n<p><span style=\"color: #ffffff;\"><a style=\"color: #ffffff;\" href=\"https:\/\/tejidosintejer-notejido.es\/portfolio\/tst-bond\/\">TST BOND<\/a> En couleur fonc\u00e9e, le non-tiss\u00e9 contre les mauvaises herbes en polypropyl\u00e8ne \u00e9vite que les mauvaises herbes poussent, \u00e9tant donn\u00e9 qu&rsquo;il prot\u00e8ge de la lumi\u00e8re solaire. Dans le but d&rsquo;obtenir une plus grande durabilit\u00e9 du non-tiss\u00e9, on appliquera le traitement ultraviolet. En jardinerie, le tissu non-tiss\u00e9 contre les mauvaises herbes s&rsquo;utilise normalement comme matelass\u00e9 sous des gravies, des granulats, cro\u00fbtes et autres. Notre tissu non tiss\u00e9 TST BOND est appliqu\u00e9 tant par des jardiniers professionnels pour des activit\u00e9s paysagistes, comme par des particuliers pour des usages domestiques, \u00e9tant donn\u00e9 qu&rsquo;il permet d&rsquo;\u00e9conomiser en \u00e9vitant les travaux de d\u00e9sherbage.<\/span><\/p>\n<h4><span style=\"color: #ffffff;\">Antigivre pour les jardines.<\/span><\/h4>\n<p><span style=\"color: #ffffff;\"><a style=\"color: #ffffff;\" href=\"https:\/\/tejidosintejer-notejido.es\/portfolio\/tst-uv\/\">TST UV<\/a> Pendant l&rsquo;hiver, des esp\u00e8ces faibles telles que l&rsquo;aloe vera ou le citronnier restent expos\u00e9es aux conditions m\u00e9t\u00e9orologiques les plus adverses. La meilleure fa\u00e7on de prot\u00e9ger les arbres, les arbustes ou les fleurs au long de cette saison est de les recouvrir d&rsquo;un voile thermique TST UV. Notre non-tiss\u00e9 d&rsquo;action \u00e9cran thermique UV contr\u00f4le les gel\u00e9es et les vents froids, il a une fonction antigivre et il est pr\u00e9par\u00e9 pour supporter de forts changements de temp\u00e9rature. Ce manteau non-tiss\u00e9 est ventil\u00e9 et laisse passer la pluie, en cons\u00e9quence la ventilation int\u00e9rieure est constante.<\/div><div class=\"clear\"><\/div><div class=\"one_third\"><a style=\"color: #ffffff;\" name=\"bolsas\"><\/a><\/span><\/p>\n<h3><span style=\"color: #ffffff;\">Cultures Int\u00e9rieures:<\/span><\/h3>\n<p><span style=\"color: #ffffff;\">La temp\u00e9rature affecte directement le proc\u00e9d\u00e9 de photosynth\u00e8se, tant par rapport \u00e0 sa dur\u00e9e, comme par rapport \u00e0 son intensit\u00e9, en influant aussi sur la transpiration et sur l&rsquo;absorption de l&rsquo;\u00e9nergie solaire. Notre voile thermique en polypropyl\u00e8ne TST UV augmente la temp\u00e9rature des plantes, en contribuant \u00e0 la fonction de la photosynth\u00e8se. Quelques avantages obtenus gr\u00e2ce \u00e0 la couverture thermique sont la perm\u00e9abilit\u00e9 \u00e0 la lumi\u00e8re solaire, la protection des fl\u00e9aux, insectes et gel\u00e9es, ou la floraison rapide. <img loading=\"lazy\" title=\"Agricultura. Cultivos interior\" src=\"https:\/\/tejidosintejer-notejido.es\/wp-content\/uploads\/agricultura_cultivos_interior2.jpg\" alt=\"Agricultura. Cultivos interior\" width=\"309\" height=\"282\" \/> <\/div><div class=\"one_third\"><\/span><\/p>\n<h4><span style=\"color: #ffffff;\">P\u00e9pini\u00e8res<\/span><\/h4>\n<p><span style=\"color: #ffffff;\"><a style=\"color: #ffffff;\" href=\"https:\/\/tejidosintejer-notejido.es\/portfolio\/tst-uv\/\">TST UV<\/a> En hiver, la couverture thermique en non-tiss\u00e9 TST UV s&rsquo;utilise dans les p\u00e9pini\u00e8res dans le but de cr\u00e9er un microclimat pour contr\u00f4ler thermiquement et biologiquement les plantes. Le manteau thermique est l\u00e9ger, perm\u00e9able \u00e0 l&rsquo;air, \u00e0 l&rsquo;eau et \u00e0 la lumi\u00e8re, elle acc\u00e9l\u00e8re la floraison des plantes ornementales, et augmente la vari\u00e9t\u00e9 d&rsquo;esp\u00e8ces et saisons de culture. L&rsquo;utilisation du tissu non-tiss\u00e9 UV rentabilise la production, la pr\u00e9cocit\u00e9, le poids et la concentration de la r\u00e9colte. <\/div><div class=\"one_third last\"><\/span><\/p>\n<h4><span style=\"color: #ffffff;\">Serres<\/span><\/h4>\n<p><span style=\"color: #ffffff;\"><a style=\"color: #ffffff;\" href=\"https:\/\/tejidosintejer-notejido.es\/portfolio\/tst-uv\/\">TST UV<\/a> Tandis qu&rsquo;une ambiance de serre avantage la croissance de tomates, poivrons, aubergines et autres v\u00e9g\u00e9taux, les hautes temp\u00e9ratures et l&rsquo;humidit\u00e9 provoquent la propagation d&rsquo;insectes et de maladies, en cons\u00e9quence il est conseill\u00e9 de les prot\u00e9ger moyennant un voile thermique en polypropyl\u00e8ne TST UV. En m\u00eame temps, cette couverture thermique permet de contr\u00f4ler les temp\u00e9ratures les plus intenses, l&rsquo;humidit\u00e9 et la lumi\u00e8re. Le tissu non tiss\u00e9 en polypropyl\u00e8ne UV provoque une augmentation par rapport \u00e0 la quantit\u00e9 et \u00e0 la qualit\u00e9 de la production.<\/div><div class=\"clear\"><\/div><\/span><\/p>\n<p><span style=\"color: #ffffff;\"><\/p>\n<!-- AddThis Advanced Settings generic via filter on the_content --><!-- AddThis Share Buttons generic via filter on the_content -->","protected":false},"excerpt":{"rendered":"<p><!-- AddThis Advanced Settings generic via filter on get_the_excerpt --><!-- AddThis Share Buttons generic via filter on get_the_excerpt --><\/p>\n","protected":false},"author":1,"featured_media":0,"parent":0,"menu_order":0,"comment_status":"closed","ping_status":"closed","template":"","meta":{"_mi_skip_tracking":false},"_links":{"self":[{"href":"https:\/\/tejidosintejer-notejido.es\/fr\/wp-json\/wp\/v2\/pages\/1090"}],"collection":[{"href":"https:\/\/tejidosintejer-notejido.es\/fr\/wp-json\/wp\/v2\/pages"}],"about":[{"href":"https:\/\/tejidosintejer-notejido.es\/fr\/wp-json\/wp\/v2\/types\/page"}],"author":[{"embeddable":true,"href":"https:\/\/tejidosintejer-notejido.es\/fr\/wp-json\/wp\/v2\/users\/1"}],"replies":[{"embeddable":true,"href":"https:\/\/tejidosintejer-notejido.es\/fr\/wp-json\/wp\/v2\/comments?post=1090"}],"version-history":[{"count":28,"href":"https:\/\/tejidosintejer-notejido.es\/fr\/wp-json\/wp\/v2\/pages\/1090\/revisions"}],"predecessor-version":[{"id":2001,"href":"https:\/\/tejidosintejer-notejido.es\/fr\/wp-json\/wp\/v2\/pages\/1090\/revisions\/2001"}],"wp:attachment":[{"href":"https:\/\/tejidosintejer-notejido.es\/fr\/wp-json\/wp\/v2\/media?parent=1090"}],"curies":[{"name":"wp","href":"https:\/\/api.w.org\/{rel}","templated":true}]}}