{"id":31,"date":"2013-06-17T10:31:39","date_gmt":"2013-06-17T08:31:39","guid":{"rendered":"https:\/\/tejidosintejer-notejido.es\/?page_id=31"},"modified":"2014-10-12T12:45:26","modified_gmt":"2014-10-12T10:45:26","slug":"industria","status":"publish","type":"page","link":"https:\/\/tejidosintejer-notejido.es\/en\/industria\/","title":{"rendered":"Industria"},"content":{"rendered":"<p><\/p>\n<div class=\"subnav-wrap\"><a style=\"margin-left: 0;\" href=\"#cultivos\">Automotive<\/a> <span style=\"font-size: 20px;\">|<\/span> <a href=\"#muebles\">Furniture and matress <\/a>| <a href=\"#calzado\">Shoes and leather products <\/a>| <a href=\"#textil\">Security textile<\/a><\/div>\n<p><div class=\"one_third\"><a name=\"cultivos\"><\/a><\/p>\n<h3><span style=\"color: #d05f5b;\">Automotive:<\/span><\/h3>\n<p>The automotive industry is continually working on improving the interior and exterior designs of their vehicles, looking for lighter and more efficient components for noise reduction, where nonwovens are used. \u2028Qualities such as high tensile strength, excellent strain, lightness or stability against chemicals, mites and other substances, have led the nonwoven fabric to a product which gives guarantees in the automotive sector.<\/p>\n<p><img loading=\"lazy\" class=\"alignnone size-full wp-image-1203\" title=\"Industria. Automoci\u00f3n\" alt=\"Industria. Automoci\u00f3n\" src=\"https:\/\/tejidosintejer-notejido.es\/wp-content\/uploads\/industria_automocion1.jpg\" width=\"309\" height=\"282\" srcset=\"https:\/\/tejidosintejer-notejido.es\/wp-content\/uploads\/industria_automocion1.jpg 309w, https:\/\/tejidosintejer-notejido.es\/wp-content\/uploads\/industria_automocion1-300x273.jpg 300w\" sizes=\"(max-width: 309px) 100vw, 309px\" \/><\/p>\n<p><\/div><div class=\"one_third\"><\/p>\n<h4>Coating.<\/h4>\n<p><a href=\"https:\/\/tejidosintejer-notejido.es\/portfolio\/tst-bond\/\">TST BOND<\/a><br \/>\nTST CHEM is used as a back and intermediate roof\u2019s coating. With a fire retardant finish it would be applied to cover internal parts of the hood.<\/p>\n<h4>Reinforcements.<\/h4>\n<p><a class=\"enl-aplic-producto\" href=\"https:\/\/tejidosintejer-notejido.es\/portfolio\/tst-bond\/\">TST BOND<\/a><br \/>\nInside the car\u2019s cabin it is usual to place reinforcements of TST BOND in different places: below the carpets, at the seat backs, in the trunk\u2019s trays or even in the inside part of the glove compartment.<\/p>\n<h4>Filters.<\/h4>\n<p><a class=\"enl-aplic-producto\" href=\"https:\/\/tejidosintejer-notejido.es\/portfolio\/tst-bond\/\">TST BOND<\/a><br \/>\nIn the engine compartment we find oil filters manufactured with spunbond, with the function of preventing the passage of particles to the fluids flowing through the interior of the engine, so they extend the life of the car.\u2028We also find air filters made of nonwoven. They are in charge of retaining the particles that may contain the air that the engine sucks and it ensures a high quality of the air that we breathe inside the vehicle. \u2028TST BOND allows a fireproofing treatment.<\/p>\n<p><\/div><div class=\"one_third last\"><\/p>\n<h4>Covers.<\/h4>\n<p><a class=\"enl-aplic-producto\" href=\"https:\/\/tejidosintejer-notejido.es\/portfolio\/tst-bond\/\">TST BOND<\/a><br \/>\nTST BOND is made for seat covers, steering wheels and floor mats to protect from dust, dirt and possible stains caused before the completion of the vehicle, resulting from its transport, or for vehicles remaining in exhibitions or garages. \u2028Likewise, the nonwoven fabric is made \u200b\u200bfor vehicle covers, wheel covers and packaging accessories for a clean and safe transport and storage.<\/p>\n<h4>Waste bags.<\/h4>\n<p><a class=\"enl-aplic-producto\" href=\"https:\/\/tejidosintejer-notejido.es\/portfolio\/tst-bond\/\">TST BOND<\/a><br \/>\nA good way to work with the environment is to use waste bags for car levers, made \u200b\u200bof 100% polypropylene spunbond, and designed to be reused, thanks to the durability this nonwoven fabric offers. \u2028The paper is an advertising object that laundries, garages, service stations and car brands distribute to promote their brand or company, as the TST BOND can be embroidered, printed or screen printed.<\/p>\n<p><\/div><div class=\"clear\"><\/div><div class=\"one_third\"><a name=\"muebles\"><\/a><\/p>\n<h3><span style=\"color: #d05f5b;\">Furniture and matress:<\/span><\/h3>\n<p>Properties such as hydrophobia and abrasion, tearing and wear resistance, easy to weld, sew and stick make TST BOND a product widely used in the furniture, upholstery and matress industries.<\/p>\n<p><img loading=\"lazy\" class=\"alignnone size-full wp-image-1205\" title=\"Industria. Muelles y colch\u00f3n\" alt=\"Industria. Muelles y colch\u00f3n\" src=\"https:\/\/tejidosintejer-notejido.es\/wp-content\/uploads\/industria_muelles_colchon.jpg\" width=\"309\" height=\"282\" srcset=\"https:\/\/tejidosintejer-notejido.es\/wp-content\/uploads\/industria_muelles_colchon.jpg 309w, https:\/\/tejidosintejer-notejido.es\/wp-content\/uploads\/industria_muelles_colchon-300x273.jpg 300w\" sizes=\"(max-width: 309px) 100vw, 309px\" \/><\/p>\n<p><\/div><div class=\"one_third\"><\/p>\n<h4>Coating<\/h4>\n<p><a class=\"enl-aplic-producto\" href=\"https:\/\/tejidosintejer-notejido.es\/portfolio\/tst-bond\/\">TST BOND<\/a><br \/>\nTST BOND is used as a coating in both the base and back of armchairs and sofas, and at the back side of cushions which form the sofa itself. Some of the most remarkable properties of the nonwoven for this application are its great fireproof and anti-mites properties.<br \/>\nIts great diversity of colours and weights makes easier the election of the nonwoven during the design phase.<\/p>\n<h4>Dust covers and reinforcement<\/h4>\n<p><a class=\"enl-aplic-producto\" href=\"https:\/\/tejidosintejer-notejido.es\/portfolio\/tst-bond\/\">TST BOND<\/a><br \/>\nThe bottom side of armcharis and sofas is sealed with TST BOND nonwoven to avoid dust deposits in the inner side. Its great resistence to tear and its low cost made it the best option in front of other solutions with similar characteristics.<br \/>\nTST BOND is also used as a reinforcement in side skirts and as a pull stripe.<\/p>\n<h4>Wrapped springs<\/h4>\n<p><a href=\"https:\/\/tejidosintejer-notejido.es\/portfolio\/tst-bond\/\">TST BOND<\/a><br \/>\nWrapped or pocket springs mattresses use TST BOND for each of their springs to avoid friction between them, cancelling the noise they can produce and extending its useful life.<\/p>\n<p><\/div><div class=\"one_third last\"><\/p>\n<h4>Separation layer<\/h4>\n<p><a class=\"enl-aplic-producto\" href=\"https:\/\/tejidosintejer-notejido.es\/portfolio\/tst-bond\/\">TST BOND<\/a><br \/>\nTST BOND is used as an inner separation layer in mattresses or at the top side as a coating. Thus, it is also used in other elements such as border linings, side skirts cloth, quilted reinforcement, matress false cover or inner skirting-board.<\/p>\n<h4>Cushion cover<\/h4>\n<p><a class=\"enl-aplic-producto\" href=\"https:\/\/tejidosintejer-notejido.es\/portfolio\/tst-bond\/\">TST BOND<\/a><br \/>\nHigh tensile strenght, hydrophobia and low cost, among other properties, make the TST BOND a perfect option to confectionate the cushion\u2019s lining. Its hydrophobic condition prevents the absorption of body\u2019s sweat or liquids spills avoiding dirt inside of the cushion and avoiding odours this can cause.<\/p>\n<h4>Padding base<\/h4>\n<p><a class=\"enl-aplic-producto\" href=\"https:\/\/tejidosintejer-notejido.es\/portfolio\/tst-bond\/\">TST BOND<\/a><br \/>\nTST BOND resistant feactures made it suitable as a padding base.<\/p>\n<p><\/div><div class=\"clear\"><\/div><div class=\"one_third\"><a name=\"calzado\"><\/a><\/p>\n<h3><span style=\"color: #d05f5b;\">Shoes and leather products:<\/span><\/h3>\n<p>The strong competition present both at the shoe sector and leather products sectors lead into a research of materials with a reasonable cost which also bring quality to the product.\u00a0 Here is where we can use TST BOND due to its excellent properties.<\/p>\n<p><img loading=\"lazy\" class=\"alignnone size-full wp-image-1204\" title=\"Industria. Calzado y marroquiner\u00eda\" alt=\"Industria. Calzado y marroquiner\u00eda\" src=\"https:\/\/tejidosintejer-notejido.es\/wp-content\/uploads\/industria_calzado-y-marroquineria.jpg\" width=\"309\" height=\"282\" srcset=\"https:\/\/tejidosintejer-notejido.es\/wp-content\/uploads\/industria_calzado-y-marroquineria.jpg 309w, https:\/\/tejidosintejer-notejido.es\/wp-content\/uploads\/industria_calzado-y-marroquineria-300x273.jpg 300w\" sizes=\"(max-width: 309px) 100vw, 309px\" \/><\/p>\n<p><\/div><div class=\"one_third\"><\/p>\n<h4>Inside lining<\/h4>\n<p><a href=\"https:\/\/tejidosintejer-notejido.es\/portfolio\/tst-bond\/\">TST BOND<\/a><br \/>\nTST BOND is used as interior lining in bags, suitcases, wallets, diaries and shoes. Nonwoven texture provides an elegant look to the lining which together with the high tear, tensile and wear resistance makes this product a very useful material.<\/p>\n<h4>Reinforcement<\/h4>\n<p><a class=\"enl-aplic-producto\" href=\"https:\/\/tejidosintejer-notejido.es\/portfolio\/tst-bond\/\">TST BOND<\/a><br \/>\nTST BOND is used as a reinforcement in shoes due to its high tensile resistance. Air permeability present in the nonwoven materials allow feet transpiration avoiding sweating.<\/p>\n<p><\/div><div class=\"one_third last\"><\/p>\n<h4>Packaging covers<\/h4>\n<p><a class=\"enl-aplic-producto\" href=\"https:\/\/tejidosintejer-notejido.es\/\">TST BOND<\/a><br \/>\nTST BOND is also used in the confection of packing\/wrapping bags for shoes and bags, protecting them from scratches and shocks and giving them a cared and elegant image.<\/p>\n<h4>Confecci\u00f3n de prendas<\/h4>\n<p><a class=\"enl-aplic-producto\" href=\"https:\/\/tejidosintejer-notejido.es\/portfolio\/tst-bond\/\">TST BOND<\/a><br \/>\nEl tejido sin tejer TST BOND es adecuado para la confecci\u00f3n de todo tipo de prendas, como petos identificativos para los ni\u00f1os, bolsas de merienda, bolsas de zapatos, baberos, delantales, caretas, disfraces\u2026.<\/p>\n<p>Las cualidades t\u00e9cnicas del tejido no tejido admiten que \u00e9ste sea lavado unas dos o tres veces, por lo que su reutilizaci\u00f3n es posible.<br \/>\n<\/div><div class=\"clear\"><\/div><div class=\"one_third\"><a name=\"textil\"><\/a><\/p>\n<h3><span style=\"color: #d05f5b;\">Security Textile:<\/span><\/h3>\n<p>There are many reasons why nonwovens are used in the confection of clothes and security complements: they are hypoallergenic, hydrophobic, low level of flammability, resistant to: tear, abrassion, acids, bases, organic solvents and bacteria<\/p>\n<p><img loading=\"lazy\" class=\"alignnone size-full wp-image-1206\" title=\"Industria. Textil seguridad\" alt=\"Industria. Textil seguridad\" src=\"https:\/\/tejidosintejer-notejido.es\/wp-content\/uploads\/Industria_textil-seguridad.jpg\" width=\"309\" height=\"282\" \/><\/p>\n<p><\/div><div class=\"one_third\"><\/p>\n<h4>Protection clothes<\/h4>\n<p><a class=\"enl-aplic-producto\" href=\"https:\/\/tejidosintejer-notejido.es\/portfolio\/tst-bond\/\">TST BOND<\/a> <a class=\"enl-aplic-producto\" href=\"https:\/\/tejidosintejer-notejido.es\/portfolio\/tst-laminado\/\">TST LAMINADO<\/a> <a class=\"enl-aplic-producto\" href=\"https:\/\/tejidosintejer-notejido.es\/portfolio\/tst-sms\/\">TST SMS <\/a><br \/>\nSotfness for workers comfort and no fuzzing are other important features of TST SMS and TST BOND to be the most used in rotection clothes.<br \/>\nIf security requirements are very strict we will use TST BOND which presents more permeability to air, it decreases the protection level but it makes a more comfortable item.<br \/>\nWhen protection clothes are going to be used in highly contaminated environments, we must pay attention to the seams on the TST SMS and we must avoid them to be sewed since the inner side of the garment could suck the contaminated particles.<\/p>\n<p><\/div><div class=\"one_third last\"><\/p>\n<h4>Masks<\/h4>\n<p><a href=\"https:\/\/tejidosintejer-notejido.es\/portfolio\/tst-bond\/\">TST BOND <\/a> <a href=\"https:\/\/tejidosintejer-notejido.es\/portfolio\/tst-sms\/\">TST SMS<\/a><br \/>\nOur TST BOND and TST SMS products allow us to adapt the masks to the required protection level, being fabrics easily adapted to any face.<\/p>\n<h4>\u00a0Asbestos protection<\/h4>\n<p><a class=\"enl-aplic-producto\" href=\"https:\/\/tejidosintejer-notejido.es\/portfolio\/tst-sms\/\">TST SMS<\/a><br \/>\nTST SMS is the best solution against higlhy contaminating particles or substances as it is asbestos. Even TST SMS is anti-static itself, we can give it an additional anti-static treatment to avoid the adhesion of fibers or particles which are detrimental to health.<\/p>\n<p><\/div><div class=\"clear\"><\/div><\/p>\n<!-- AddThis Advanced Settings generic via filter on the_content --><!-- AddThis Share Buttons generic via filter on the_content -->","protected":false},"excerpt":{"rendered":"<p>Automotive | Furniture and matress | Shoes and leather products | Security textile<!-- AddThis Advanced Settings generic via filter on get_the_excerpt --><!-- AddThis Share Buttons generic via filter on get_the_excerpt --><\/p>\n","protected":false},"author":1,"featured_media":0,"parent":0,"menu_order":0,"comment_status":"closed","ping_status":"closed","template":"","meta":{"_mi_skip_tracking":false},"_links":{"self":[{"href":"https:\/\/tejidosintejer-notejido.es\/en\/wp-json\/wp\/v2\/pages\/31"}],"collection":[{"href":"https:\/\/tejidosintejer-notejido.es\/en\/wp-json\/wp\/v2\/pages"}],"about":[{"href":"https:\/\/tejidosintejer-notejido.es\/en\/wp-json\/wp\/v2\/types\/page"}],"author":[{"embeddable":true,"href":"https:\/\/tejidosintejer-notejido.es\/en\/wp-json\/wp\/v2\/users\/1"}],"replies":[{"embeddable":true,"href":"https:\/\/tejidosintejer-notejido.es\/en\/wp-json\/wp\/v2\/comments?post=31"}],"version-history":[{"count":26,"href":"https:\/\/tejidosintejer-notejido.es\/en\/wp-json\/wp\/v2\/pages\/31\/revisions"}],"predecessor-version":[{"id":1845,"href":"https:\/\/tejidosintejer-notejido.es\/en\/wp-json\/wp\/v2\/pages\/31\/revisions\/1845"}],"wp:attachment":[{"href":"https:\/\/tejidosintejer-notejido.es\/en\/wp-json\/wp\/v2\/media?parent=31"}],"curies":[{"name":"wp","href":"https:\/\/api.w.org\/{rel}","templated":true}]}}