{"id":2217,"date":"2025-01-15T13:06:58","date_gmt":"2025-01-15T12:06:58","guid":{"rendered":"https:\/\/tejidosintejer-notejido.es\/?page_id=2217"},"modified":"2025-01-15T13:06:58","modified_gmt":"2025-01-15T12:06:58","slug":"mas-informacion-inncad-2024-72","status":"publish","type":"page","link":"https:\/\/tejidosintejer-notejido.es\/en\/mas-informacion-inncad-2024-72\/","title":{"rendered":"M\u00e1s informaci\u00f3n INNCAD\/2024\/72"},"content":{"rendered":"\n<p>El proyecto INNCAD\/2024\/72 realizado por TST No Tejido, S.L., con t\u00edtulo \u201cDesarrollo de nuevos materiales de tejido no tejido antimicrobiano basados en biopol\u00edmeros y compuestos activos biobasados para aplicaciones en agricultura e infraestructuras sanitarias. TSTCiDe\u201d tiene como objetivo principal del proyecto es el desarrollo de dos nuevas gamas de tejidos no tejidos (TNT) altamente innovadoras con propiedades bactericidas, viricidas, fungicidas y bioestimulantes para aplicaciones en el \u00e1mbito hospitalario y agr\u00edcola. Los materiales a desarrollar en el proyecto aportar\u00e1n una&nbsp;<strong>nueva soluci\u00f3n tecnol\u00f3gica basada en la combinaci\u00f3n de biorecubrimientos activos y compuestos activos biobasados optimizados a partir de t\u00e9cnicas de bioinform\u00e1ticas&nbsp;<\/strong>(din\u00e1mica molecular y \u201cdocking\u201d).&nbsp;<\/p>\n\n\n\n<p>En concreto, el proyecto TSTCide pretende abordar dos aspectos clave:&nbsp;&nbsp;<\/p>\n\n\n\n<ol type=\"1\"><li>Investigaci\u00f3n y desarrollo de una nueva gama de tejido no tejido de altas prestaciones, orientada a aplicaciones agr\u00edcolas, conformada a partir de en un nuevo&nbsp;<strong>biorecubrimiento basado en nanoc\u00e1psulas de quitosano para la liberaci\u00f3n prolongada de activos fitoqu\u00edmicos<\/strong>&nbsp;con propiedades antif\u00fangicas y bioestimulantes.&nbsp;&nbsp;<\/li><\/ol>\n\n\n\n<ol type=\"1\" start=\"2\"><li>Investigaci\u00f3n y desarrollo de una nueva gama de tejido no tejido de alta capacidad antimicrobiana, orientado a la producci\u00f3n de aplicaciones para el sector sanitario, conformada a partir de un nuevo&nbsp;<strong>masterbatch basado en aditivos nanoestructurados dopados, y sintetizados a trav\u00e9s de procesos de qu\u00edmica verde.&nbsp;<\/strong>&nbsp;<\/li><\/ol>\n\n\n\n<p>Fruto de la ejecuci\u00f3n del proyecto se espera el desarrollo de dos nuevas gamas de tejido no tejido de altas prestaciones y sostenibles, dirigidas a dos mercados clave de los materiales de tejido no tejido, agricultura y salud. En detalle, los resultados del proyecto ser\u00e1n los siguientes:\u202f\u202f\u202f&nbsp;<\/p>\n\n\n\n<ol type=\"1\"><li><strong>Nueva gama agrotextil de tejidos no tejidos<\/strong>&nbsp;con propiedades&nbsp;<strong>antif\u00fangicas y bioestimulantes<\/strong>&nbsp;basadas en la aplicaci\u00f3n de un nuevo biorecubrimiento desarrollado a partir de nanoc\u00e1psulas de quitosano optimizadas para la liberaci\u00f3n prolongada y controlada de fitoqu\u00edmicos con propiedades antif\u00fangicas y sustancias bioestimulantes.&nbsp;<\/li><\/ol>\n\n\n\n<ol type=\"1\" start=\"2\"><li><strong>Nueva gama de tejido no tejido sanitario&nbsp;<\/strong>con alta eficiencia<strong>&nbsp;viricida, bactericida y fungicida&nbsp;<\/strong>basado en la incorporaci\u00f3n al masterbatch de poliolefinas de aditivos nanoestructurados dopados y sintetizados a trav\u00e9s de procesos de qu\u00edmica verde<strong>.&nbsp;<\/strong>&nbsp;<\/li><\/ol>\n\n\n\n<p>Este proyecto ha recibido una subvenci\u00f3n de 133.519,75 \u20ac gracias al apoyo econ\u00f3mico de Ivace+i Innovacci\u00f3n y la Uni\u00f3n Europea<\/p>\n\n\n\n<figure class=\"wp-block-image\"><img src=\"https:\/\/projects.zoho.eu\/viewInlineAttachment\/image?file=projects-5817ee00c7f77108b76b4db5e08139e671bfb9322975a590fe72c7826838e9d49636cc82c9cb6fdc94ab74e080a37893\" alt=\"\"\/><\/figure>\n<!-- AddThis Advanced Settings generic via filter on the_content --><!-- AddThis Share Buttons generic via filter on the_content -->","protected":false},"excerpt":{"rendered":"<p>El proyecto INNCAD\/2024\/72 realizado por TST No Tejido, S.L., con t\u00edtulo \u201cDesarrollo de nuevos materiales de tejido no tejido antimicrobiano basados en biopol\u00edmeros y compuestos activos biobasados para aplicaciones en agricultura e infraestructuras sanitarias. TSTCiDe\u201d tiene como objetivo principal del proyecto es el desarrollo de dos nuevas gamas de tejidos no tejidos (TNT) altamente innovadoras con propiedades bactericidas, viricidas, fungicidas y bioestimulantes para aplicaciones en el \u00e1mbito hospitalario y agr\u00edcola. &hellip;<a class=\"excerpt\" href=\"https:\/\/tejidosintejer-notejido.es\/en\/mas-informacion-inncad-2024-72\/\">Read More<\/a><!-- AddThis Advanced Settings generic via filter on get_the_excerpt --><!-- AddThis Share Buttons generic via filter on get_the_excerpt --><\/p>\n","protected":false},"author":1,"featured_media":0,"parent":0,"menu_order":0,"comment_status":"closed","ping_status":"closed","template":"","meta":{"_mi_skip_tracking":false},"_links":{"self":[{"href":"https:\/\/tejidosintejer-notejido.es\/en\/wp-json\/wp\/v2\/pages\/2217"}],"collection":[{"href":"https:\/\/tejidosintejer-notejido.es\/en\/wp-json\/wp\/v2\/pages"}],"about":[{"href":"https:\/\/tejidosintejer-notejido.es\/en\/wp-json\/wp\/v2\/types\/page"}],"author":[{"embeddable":true,"href":"https:\/\/tejidosintejer-notejido.es\/en\/wp-json\/wp\/v2\/users\/1"}],"replies":[{"embeddable":true,"href":"https:\/\/tejidosintejer-notejido.es\/en\/wp-json\/wp\/v2\/comments?post=2217"}],"version-history":[{"count":1,"href":"https:\/\/tejidosintejer-notejido.es\/en\/wp-json\/wp\/v2\/pages\/2217\/revisions"}],"predecessor-version":[{"id":2219,"href":"https:\/\/tejidosintejer-notejido.es\/en\/wp-json\/wp\/v2\/pages\/2217\/revisions\/2219"}],"wp:attachment":[{"href":"https:\/\/tejidosintejer-notejido.es\/en\/wp-json\/wp\/v2\/media?parent=2217"}],"curies":[{"name":"wp","href":"https:\/\/api.w.org\/{rel}","templated":true}]}}