{"id":55,"date":"2013-06-17T11:49:25","date_gmt":"2013-06-17T09:49:25","guid":{"rendered":"https:\/\/tejidosintejer-notejido.es\/?page_id=55"},"modified":"2021-09-21T16:21:53","modified_gmt":"2021-09-21T14:21:53","slug":"tst","status":"publish","type":"page","link":"https:\/\/tejidosintejer-notejido.es\/ca\/","title":{"rendered":"TST"},"content":{"rendered":"<p><div class=\"one_half\"><\/p>\n<div id=\"home_productos\">\n<div class=\"home_caja\">\n<h2>PRODUCTES<\/h2>\n<p>Una \u00e0mplia oferta de productes no teixits, ens permet oferir solucions t\u00e8cniques adaptades a les necessitats dels nostres clients.<\/p>\n<p style=\"text-align: right; margin-bottom: 0;\">\n<\/div>\n<\/div>\n<p><\/div> <div class=\"one_half last\"><\/p>\n<div class=\"home_apartado\" id=\"home_aplicaciones\">\n<div class=\"home_caja\">\n<h2>APLICACIONS<\/h2>\n<p>Amb teixit sense teixir trobi soluci\u00f3, o inventem junts una nova aplicaci\u00f3. El l\u00edmit de la seva utilitzaci\u00f3 est\u00e0 en la imaginaci\u00f3.<\/p>\n<p style=\"text-align: right; margin-bottom: 0;\">\n<\/div>\n<p><a href=\"https:\/\/tejidosintejer-notejido.es\/agricultura\/\"><img loading=\"lazy\" class=\"alignnone size-full wp-image-997\" alt=\"foto_aplicaciones\" src=\"https:\/\/tejidosintejer-notejido.es\/wp-content\/uploads\/foto_aplicaciones.jpg\" width=\"250\" height=\"250\" srcset=\"https:\/\/tejidosintejer-notejido.es\/wp-content\/uploads\/foto_aplicaciones.jpg 250w, https:\/\/tejidosintejer-notejido.es\/wp-content\/uploads\/foto_aplicaciones-150x150.jpg 150w\" sizes=\"(max-width: 250px) 100vw, 250px\" \/><\/a><\/p>\n<\/div>\n<div class=\"home_apartado\" id=\"home_empresa\">\n<div class=\"home_caja\">\n<h2>EMPRESA<\/h2>\n<p>Ens dediquem al subministrament de teixit sense teixir principalment per al sector industrial, assessorant a les empreses en cerca de noves solucions.<\/p>\n<p style=\"text-align: right; margin-bottom: 0;\">\n<\/div>\n<p><a href=\"https:\/\/tejidosintejer-notejido.es\/empresa\/\"><img loading=\"lazy\" class=\"alignnone size-full wp-image-998\" alt=\"foto_empresa\" src=\"https:\/\/tejidosintejer-notejido.es\/wp-content\/uploads\/foto_empresa.jpg\" width=\"250\" height=\"250\" srcset=\"https:\/\/tejidosintejer-notejido.es\/wp-content\/uploads\/foto_empresa.jpg 250w, https:\/\/tejidosintejer-notejido.es\/wp-content\/uploads\/foto_empresa-150x150.jpg 150w\" sizes=\"(max-width: 250px) 100vw, 250px\" \/><\/a><\/p>\n<\/div>\n<p><\/div><div class=\"clear\"><\/div> <div class=\"one_half\"><\/p>\n<div class=\"home_caja caja_servicio\" id=\"home_tsttejidosintejer\">\n<h2>TST = TEIXIT SENSE TEIXIR<\/h2>\n<p>El teixit sense teixir o no teixit \u00e9s aquell compost per fibres unides mitjan\u00e7ant processos de fabricaci\u00f3 t\u00e8rmics, qu\u00edmics o mec\u00e0nics.<\/p>\n<\/div>\n<p><\/div> <div class=\"one_half last\"><\/p>\n<div class=\"home_apartado\" id=\"home_contacto\">\n<div class=\"home_caja\">\n<h2>CONTACTE<\/h2>\n<p>Pol. Ind. IP7 \u2013 Av. Francia, 5<br \/>\n46890 Agullent (VALENCIA)<br \/>\nT. (+34) <a href=\"tel:961116256\">961 116 256<\/a><\/p>\n<p style=\"text-align: right; margin-bottom: 0;\">\n<\/div>\n<p><a href=\"https:\/\/tejidosintejer-notejido.es\/contacto\/\"><img loading=\"lazy\" class=\"alignnone size-full wp-image-999\" alt=\"foto_contacto\" src=\"https:\/\/tejidosintejer-notejido.es\/wp-content\/uploads\/foto_contacto.jpg\" width=\"250\" height=\"250\" srcset=\"https:\/\/tejidosintejer-notejido.es\/wp-content\/uploads\/foto_contacto.jpg 250w, https:\/\/tejidosintejer-notejido.es\/wp-content\/uploads\/foto_contacto-150x150.jpg 150w\" sizes=\"(max-width: 250px) 100vw, 250px\" \/><\/a><\/p>\n<\/div>\n<p><\/div><div class=\"clear\"><\/div><\/p>\n<!-- AddThis Advanced Settings generic via filter on the_content --><!-- AddThis Share Buttons generic via filter on the_content -->","protected":false},"excerpt":{"rendered":"<p><!-- AddThis Advanced Settings generic via filter on get_the_excerpt --><!-- AddThis Share Buttons generic via filter on get_the_excerpt --><\/p>\n","protected":false},"author":1,"featured_media":0,"parent":0,"menu_order":0,"comment_status":"closed","ping_status":"closed","template":"","meta":{"_mi_skip_tracking":false},"_links":{"self":[{"href":"https:\/\/tejidosintejer-notejido.es\/ca\/wp-json\/wp\/v2\/pages\/55"}],"collection":[{"href":"https:\/\/tejidosintejer-notejido.es\/ca\/wp-json\/wp\/v2\/pages"}],"about":[{"href":"https:\/\/tejidosintejer-notejido.es\/ca\/wp-json\/wp\/v2\/types\/page"}],"author":[{"embeddable":true,"href":"https:\/\/tejidosintejer-notejido.es\/ca\/wp-json\/wp\/v2\/users\/1"}],"replies":[{"embeddable":true,"href":"https:\/\/tejidosintejer-notejido.es\/ca\/wp-json\/wp\/v2\/comments?post=55"}],"version-history":[{"count":46,"href":"https:\/\/tejidosintejer-notejido.es\/ca\/wp-json\/wp\/v2\/pages\/55\/revisions"}],"predecessor-version":[{"id":1786,"href":"https:\/\/tejidosintejer-notejido.es\/ca\/wp-json\/wp\/v2\/pages\/55\/revisions\/1786"}],"wp:attachment":[{"href":"https:\/\/tejidosintejer-notejido.es\/ca\/wp-json\/wp\/v2\/media?parent=55"}],"curies":[{"name":"wp","href":"https:\/\/api.w.org\/{rel}","templated":true}]}}