{"id":362,"date":"2013-07-11T17:54:55","date_gmt":"2013-07-11T15:54:55","guid":{"rendered":"https:\/\/tejidosintejer-notejido.es\/?page_id=362"},"modified":"2014-10-06T19:52:20","modified_gmt":"2014-10-06T17:52:20","slug":"sanitario","status":"publish","type":"page","link":"https:\/\/tejidosintejer-notejido.es\/ca\/sanitario\/","title":{"rendered":"Sanitari"},"content":{"rendered":"<p><\/p>\n<div class=\"subnav-wrap\"><a style=\"margin-left: 0;\" href=\"#cultivos\">Hospitalari<\/a><span style=\"font-size: 20px;\"><span style=\"font-size: 20px;\">|<\/span><\/span><a href=\"#escuelas\">Geri\u00e0trics \/ Escoles infantils <\/a>| <a href=\"#higiene\">Higiene personal <\/a><\/div>\n<p><div class=\"one_third\"><\/div><a name=\"cultivos\"><\/a><\/p>\n<h3><span style=\"color: #d05f5b;\">Hospitalari:<\/span><\/h3>\n<p>Les peces sanit\u00e0ries tradicionals com les de cot\u00f3, poden ajudar m\u00e9s a una disseminaci\u00f3 de g\u00e8rmens i a infeccions creuades que a actuar com a barrera *antibacteriana, ja que t\u00e9 aproximadament un 60% de despreniment de *pelusa i en ser un teixit por\u00f3s permet el pas de nombrosos microorganismes com s\u00f3n els bacteris, virus, fongs, etc\u2026\u2028La roba m\u00e8dica de teixit no teixit de polipropil\u00e8 com el *spunbond o el *sms, ajuda a combatre aquestes possibles infeccions. A m\u00e9s, el teixit sense teixir de polipropil\u00e8 \u00e9s una excel\u00b7lent barrera *anti-bacteris, amb una efici\u00e8ncia de filtraci\u00f3 bacteriana superior al 90%.<\/p>\n<p>D&#8217;altra banda, despr\u00e9s de l&#8217;\u00fas de roba tradicional de cot\u00f3, aquesta ha de ser rentada a altes temperatures, desinfectada amb lleixius, planxada, doblegada, embutxacada, traslladada al centre i emmagatzemada fins que se li vagi a donar nou \u00fas. Tot un proc\u00e9s que encareix el servei en relaci\u00f3 al teixit sense teixir d&#8217;un sol \u00fas.\u2028 En *TST NO TEIXIT subministrem teixits no teixits per a la confecci\u00f3 de productes d&#8217;un sol \u00fas sanitaris, garantint una \u00f2ptima bioseguretat sobre la base de l&#8217;OMS. A causa de les excel\u00b7lents propietats que presenten, els no teixits d&#8217;un sol \u00fas estan presents en tots els camps que engloben la salut; ja que s\u00f3n *hipoalerg\u00e9nicos, antiest\u00e0tics, *transpirables, o repel\u00b7lents als l\u00edquids i fluids contaminats.<\/p>\n<p><\/div><div class=\"one_third\"><\/p>\n<h4>Bates \/ Capells\/ M\u00e0scares.<\/h4>\n<p><a class=\"enl-aplic-producto\" href=\"https:\/\/tejidosintejer-notejido.es\/portfolio\/tst-bond\/\">TST BOND<\/a> <a class=\"enl-aplic-producto\" href=\"https:\/\/tejidosintejer-notejido.es\/portfolio\/tst-sms\/\">TST SMS<\/a><br \/>\nEls centres sanitaris, dentistes, fisioterap\u00e8utics, hospitals, laboratoris m\u00e8dics, etc., s\u00f3n els que di\u00e0riament i des de fa anys utilitzen materials d&#8217;un sol \u00fas de teixit no teixit; ja que de forma independent o en combinaci\u00f3 amb altres materials, proporcionen una alta barrera de protecci\u00f3 contra infeccions i malalties.<\/p>\n<p>La tela no teixida TST BOND de composici\u00f3 polipropil\u00e8 100%, \u00e9s hidr\u00f2foba i no despeluza, per la qual cosa t\u00e9 aplicacions m\u00e8diques com a bates, m\u00e0scares, capells, cobreix sabates, cobreix barbes, cobreix coixins, llen\u00e7ols, rotllos de llitera\u2026\u2028La difer\u00e8ncia entre els teixits no teixits TST BOND i TST SMS \u00e9s que aquest \u00faltim garanteix una major protecci\u00f3 a causa de la capa interm\u00e8dia de la seva estructura trilaminar, la qual actua com a barrera bacteriana evitant la infecci\u00f3 creuada, bloquejant efectivament els g\u00e8rmens pat\u00f2gens dels fluids.<\/p>\n<p><img loading=\"lazy\" class=\"alignnone size-full wp-image-1217\" title=\"Sanitario. Batas, gorros, mascarillas\" alt=\"Sanitario. Batas, gorros, mascarillas\" src=\"https:\/\/tejidosintejer-notejido.es\/wp-content\/uploads\/sanitario_hospitalario.jpg\" width=\"309\" height=\"282\" srcset=\"https:\/\/tejidosintejer-notejido.es\/wp-content\/uploads\/sanitario_hospitalario.jpg 309w, https:\/\/tejidosintejer-notejido.es\/wp-content\/uploads\/sanitario_hospitalario-300x273.jpg 300w\" sizes=\"(max-width: 309px) 100vw, 309px\" \/><\/p>\n<p><\/div><div class=\"one_third last\"><\/p>\n<h4>Empapadors.<\/h4>\n<p><a class=\"enl-aplic-producto\" href=\"https:\/\/tejidosintejer-notejido.es\/portfolio\/tst-bond\/\">TST BOND<\/a><br \/>\nL\u00b4empapador \u00e9s un producte sanitari elaborat amb la finalitat de protegir a les persones majors contra la incontin\u00e8ncia urin\u00e0ria, femta fecal i secrecions durant canvis de roba, higiene personal i cures.<\/p>\n<p>La capa superior del travesser de l\u00b4empapador est\u00e0 manufacturada amb teixit no teixit TST BOND en acabat hidrof\u00edlic, la qual cosa permet filtrar l&#8217;orina a la seg\u00fcent capa ultra-absorbent, mantenint la pell seca i sense irritacions.<\/p>\n<h4>Llen\u00e7ols protectors.<\/h4>\n<p><a class=\"enl-aplic-producto\" href=\"https:\/\/tejidosintejer-notejido.es\/portfolio\/tst-laminado\/\">TST LAMINADO<\/a><br \/>\nEl teixit sense teixir TST LAMINAT es confecciona com a llen\u00e7ol de protecci\u00f3 per a llits d&#8217;hospital. La seva condici\u00f3 de material plastificat protegeix el matal\u00e0s impedint el pas de l\u00edquids o s\u00f2lids pulverulents.\u00a0\u2028Les funcions protectores del no teixit TST LAMINAT fan que aparegui en altres productes d&#8217;un sol \u00fas hospitalaris, com cobreix-m\u00e0nigues, davantals, bates o protectors facials.<\/p>\n<p><\/div><div class=\"clear\"><\/div><div class=\"one_third\"><a name=\"escuelas\"><\/a><\/p>\n<h3><span style=\"color: #d05f5b;\">Geri\u00e0trics \/ Escoles infantils:<br \/>\n<\/span><\/h3>\n<p>La higiene \u00e9s una part fonamental en les nostres vides per a la prevenci\u00f3 davant contagis i malalties. L&#8217;ambient en escoles infantils, centres de dia, centres de discapacitats, establiments geri\u00e0trics o resid\u00e8ncies, sol tenir uns nivells microbiol\u00f2gics alts, per la qual cosa \u00e9s molt recomanable la utilitzaci\u00f3 de productes higi\u00e8nics fabricats amb teixit no teixit.<\/p>\n<p>Refor\u00e7ar les mesures higi\u00e8nic-sanit\u00e0ries de seguretat i precauci\u00f3, utilitzant teles no teles d&#8217;un sol \u00fas de Spunbond, ajuda a combatre malalties i infeccions, mantenint un adequat desenvolupament educatiu, cultural i de salut mental dels usuaris dels centres.<\/p>\n<p><img loading=\"lazy\" class=\"alignnone size-full wp-image-1215\" title=\"Sanitario. Escuelas infantiles\" alt=\"Sanitario. Escuelas infantiles\" src=\"https:\/\/tejidosintejer-notejido.es\/wp-content\/uploads\/sanitario_escuelas_infantiles.jpg\" width=\"309\" height=\"282\" srcset=\"https:\/\/tejidosintejer-notejido.es\/wp-content\/uploads\/sanitario_escuelas_infantiles.jpg 309w, https:\/\/tejidosintejer-notejido.es\/wp-content\/uploads\/sanitario_escuelas_infantiles-300x273.jpg 300w\" sizes=\"(max-width: 309px) 100vw, 309px\" \/><\/p>\n<p><\/div><div class=\"one_third\"><\/p>\n<h4>Pitets \/ Babis.<\/h4>\n<p><a class=\"enl-aplic-producto\" href=\"https:\/\/tejidosintejer-notejido.es\/portfolio\/tst-bond\/\">TST BOND<\/a><br \/>\nEls babis i pitets que s&#8217;utilitzen tant pels m\u00e9s petits, com per a les persones majors, comporten desmanegats i cars processos de reutilitzaci\u00f3. Per evitar el rentat, estalviant temps i diners, utilitzarem aquests articles fabricats en el nostre teixit sense teixir d&#8217;un sol \u00fas TST BOND.\u2028El TNT o teixit no teixit \u00e9s hipoalerg\u00e8nic i antibacteri\u00e0, per la qual cosa est\u00e0 especialment indicat per a la seva utilitzaci\u00f3 com a pitets o babis.<\/p>\n<h4>Empapadors.<\/h4>\n<p><a class=\"enl-aplic-producto\" href=\"https:\/\/tejidosintejer-notejido.es\/portfolio\/tst-bond\/\">TST BOND<\/a><br \/>\nEls salva llits o empapadors s\u00f3n productes \u00e0mpliament demandats per la doble utilitat que tenen, d&#8217;una banda protegeixen a beb\u00e8s o persones enllitades de la humitat en processos de canvi de bolquer, canvi de roba o cond\u00edcia personal; d&#8217;altra banda impedeixen que llits, cadires o sof\u00e0s es taquin i desprenguin olors indesitjades.<\/p>\n<p>La capa superior de l\u00b4empapador est\u00e0 manufacturada amb TST BOND, teixit sense teixir amb acabat hidr\u00f2fil que permet filtrar l&#8217;orina a la capa absorbent, mantenint la pell seca i sense irritacions.<\/p>\n<p><\/div><div class=\"one_third last\"><\/p>\n<h4>Protectors de llit.<\/h4>\n<p><a class=\"enl-aplic-producto\" href=\"https:\/\/tejidosintejer-notejido.es\/portfolio\/tst-bond\/\">TST BOND<\/a> <a class=\"enl-aplic-producto\" href=\"https:\/\/tejidosintejer-notejido.es\/portfolio\/tst-laminado\/\">TST LAMINADO<\/a><br \/>\nEn llars d\u00b4infants es recomana la utilitzaci\u00f3 de protectors de llit plastificats, evitant aix\u00ed que l&#8217;orina traspassi. El rentat dels teixits tradicionals suposa un r\u00e0pid desgast dels mateixos, a m\u00e9s d&#8217;un elevat cost en relaci\u00f3 a l&#8217;ocupaci\u00f3 dels teixits sense teixir d&#8217;un sol \u00fas TST BOND o TST LAMINAT.<\/p>\n<p>Amb l&#8217;aplicaci\u00f3 del teixit no teixit TST LAMINAT aconseguim major impermeabilitat en relaci\u00f3 al TST BOND. L&#8217;aplicaci\u00f3 de qualsevol d&#8217;aquests dos no teixits d&#8217;un sol \u00fas evita els processos de rentat, assecat, planxat\u2026<\/p>\n<h4>Estovalles, davantals y capells.<\/h4>\n<p><a class=\"enl-aplic-producto\" href=\"https:\/\/tejidosintejer-notejido.es\/portfolio\/tst-bond\/\">TST BOND<\/a><br \/>\nEn els tallers de cuina d&#8217;escoles infantils i centres d&#8217;ancians, l&#8217;\u00fas de davantals i capells de polipropil\u00e8 100% spunbond contribueix en la pr\u00e0ctica d&#8217;h\u00e0bits higi\u00e8nics i saludables. Aquests productes fabricats amb teixit no teixit d&#8217;un sol \u00fas es caracteritzen per ser hemorrepelents, hipoalerg\u00e8nics i at\u00f2xics.<\/p>\n<h4>Borses.<\/h4>\n<p><a class=\"enl-aplic-producto\" href=\"https:\/\/tejidosintejer-notejido.es\/portfolio\/tst-bond\/\">TST BOND<\/a><br \/>\nPersonalitzi les seves borses escolars de berenar, borses de sabates, borses de roba de recanvi o motxilles amb el seu logotip corporatiu sobre tela sense teixir de polipropil\u00e8 100%. Les principals motivacions per a l&#8217;\u00fas de borses de teixit no teixit TST BOND en llar d\u00b4infants i escoles infantils s\u00f3n la seva resist\u00e8ncia, durabilitat i baix cost. Les borses de no teixit es poden reutilitzar durant un cicle escolar aproximadament<\/p>\n<p><\/div><div class=\"clear\"><\/div><div class=\"one_third\"><a name=\"higiene\"><\/a><\/p>\n<h3><span style=\"color: #d05f5b;\">Higiene personal:<\/span><\/h3>\n<p>La utilitzaci\u00f3 de teixit sense teixir en el camp de la higiene personal es fa indispensable a causa de propietats com l\u00b4alta capacitat d&#8217;absorci\u00f3, l\u00b4alta resist\u00e8ncia o gran suavitat. La seva condici\u00f3 de no teixit d&#8217;un sol \u00fas fa que sigui freq\u00fcentment emprat en el sector higi\u00e8nic.<\/p>\n<p><img loading=\"lazy\" class=\"alignnone size-full wp-image-1216\" title=\"Sanitario. Higiene personal\" alt=\"Sanitario. Higiene personal\" src=\"https:\/\/tejidosintejer-notejido.es\/wp-content\/uploads\/sanitario_higiene_personal.jpg\" width=\"309\" height=\"282\" srcset=\"https:\/\/tejidosintejer-notejido.es\/wp-content\/uploads\/sanitario_higiene_personal.jpg 309w, https:\/\/tejidosintejer-notejido.es\/wp-content\/uploads\/sanitario_higiene_personal-300x273.jpg 300w\" sizes=\"(max-width: 309px) 100vw, 309px\" \/><\/p>\n<p><\/div><div class=\"one_third\"><\/p>\n<h4>Tovalloletes humides.<\/h4>\n<p><a class=\"enl-aplic-producto\" href=\"https:\/\/tejidosintejer-notejido.es\/portfolio\/tst-lace\/\">TST LACE<\/a><br \/>\nLes tovalloletes humides descartables fabricades amb teixit sense teixir TST LACE o spunlace, s\u00f3n un component b\u00e0sic en la higiene personal, substituint o complementant el rentat amb aigua i sab\u00f3.\u2028El no teixit Spunlace \u00e9s excel\u00b7lent quant a resist\u00e8ncia i suavitat.\u00a0\u2028El nostre teixit sense teixir d&#8217;un sol \u00fas TST LACE \u00e9s \u00e0mpliament utilitzat en la neteja de beb\u00e8s i ancians, en higiene \u00edntima femenina, en retirada de cosm\u00e8tics, en neteja de mans en restaurants o com tovalloletes desodoritzants.<\/p>\n<p><\/div><div class=\"one_third last\"><\/p>\n<h4>Bolquers.<\/h4>\n<p><a class=\"enl-aplic-producto\" href=\"https:\/\/tejidosintejer-notejido.es\/portfolio\/tst-bond\/\">TST BOND<\/a> <a class=\"enl-aplic-producto\" href=\"https:\/\/tejidosintejer-notejido.es\/portfolio\/tst-sms\/\">TST SMS<\/a><br \/>\nEls bolquers s\u00f3n productes d&#8217;un sol \u00fas compostos per diferents teles no teixides i per materials especialment dissenyats per cuidar i mantenir la pell seca, protegint contra infeccions i escares.<\/p>\n<p>Els no-teixits de polipropil\u00e8 100% s\u00f3n recomanables per al contacte amb la pell, ja que s\u00f3n materials suaus, dermatol\u00f2gicament testats i no produeixen irritacions ni rascades.<\/p>\n<p>El teixit sense teixir \u00e9s emprat per a la fabricaci\u00f3 dels diferents components que conformen el bolquer. Aix\u00ed, trobarem els laterals que eviten fuites d&#8217;orina fabricats amb no teixit TST SMS, la part posterior del bolquer composta pels no teixits TST SMS i TST BOND, i la capa superior que entrar\u00e0 en contacte amb la pell es confecciona amb teixit sense teixir TST BOND hidr\u00f2fil. A m\u00e9s, el nucli intern del bolquer compost per cel\u00b7lulosa \u00e9s recobert per Spunbond hidrof\u00edlic, per la qual se li pot afegir en la seva part posterior una l\u00e0mina de no teixit TST SMS.<\/p>\n<p><\/div><div class=\"clear\"><\/div><div class=\"one_third\"><\/div><a name=\"bolsas\"><\/a><\/p>\n<!-- AddThis Advanced Settings generic via filter on the_content --><!-- AddThis Share Buttons generic via filter on the_content -->","protected":false},"excerpt":{"rendered":"<p>Ho sentim, aquest contingut nom\u00e9s est\u00e0 disponible en ES.<!-- AddThis Advanced Settings generic via filter on get_the_excerpt --><!-- AddThis Share Buttons generic via filter on get_the_excerpt --><\/p>\n","protected":false},"author":1,"featured_media":0,"parent":0,"menu_order":0,"comment_status":"closed","ping_status":"closed","template":"","meta":{"_mi_skip_tracking":false},"_links":{"self":[{"href":"https:\/\/tejidosintejer-notejido.es\/ca\/wp-json\/wp\/v2\/pages\/362"}],"collection":[{"href":"https:\/\/tejidosintejer-notejido.es\/ca\/wp-json\/wp\/v2\/pages"}],"about":[{"href":"https:\/\/tejidosintejer-notejido.es\/ca\/wp-json\/wp\/v2\/types\/page"}],"author":[{"embeddable":true,"href":"https:\/\/tejidosintejer-notejido.es\/ca\/wp-json\/wp\/v2\/users\/1"}],"replies":[{"embeddable":true,"href":"https:\/\/tejidosintejer-notejido.es\/ca\/wp-json\/wp\/v2\/comments?post=362"}],"version-history":[{"count":10,"href":"https:\/\/tejidosintejer-notejido.es\/ca\/wp-json\/wp\/v2\/pages\/362\/revisions"}],"predecessor-version":[{"id":1810,"href":"https:\/\/tejidosintejer-notejido.es\/ca\/wp-json\/wp\/v2\/pages\/362\/revisions\/1810"}],"wp:attachment":[{"href":"https:\/\/tejidosintejer-notejido.es\/ca\/wp-json\/wp\/v2\/media?parent=362"}],"curies":[{"name":"wp","href":"https:\/\/api.w.org\/{rel}","templated":true}]}}