{"id":31,"date":"2013-06-17T10:31:39","date_gmt":"2013-06-17T08:31:39","guid":{"rendered":"https:\/\/tejidosintejer-notejido.es\/?page_id=31"},"modified":"2014-10-12T12:45:26","modified_gmt":"2014-10-12T10:45:26","slug":"industria","status":"publish","type":"page","link":"https:\/\/tejidosintejer-notejido.es\/ca\/industria\/","title":{"rendered":"Ind\u00fastria"},"content":{"rendered":"<p><\/p>\n<div class=\"subnav-wrap\"><a style=\"margin-left: 0;\" href=\"#cultivos\">Automoci\u00f3<\/a> <span style=\"font-size: 20px;\">|<\/span> <a href=\"#muebles\">Moble i matal\u00e0s<\/a>| <a href=\"#calzado\">Cal\u00e7at i marroquineria<\/a>| <a href=\"#textil\">T\u00e8xtil seguretat<\/a><\/div>\n<p><div class=\"one_third\"><a name=\"cultivos\"><\/a><\/p>\n<h3><span style=\"color: #d05f5b;\">Automoci\u00f3:<\/span><\/h3>\n<p>La ind\u00fastria automotriu treballa cont\u00ednuament en la millora dels dissenys interiors i exteriors dels vehicles, buscant components m\u00e9s lleugers i eficients en la reducci\u00f3 del soroll; on <strong>els teixits no teixits<\/strong> troben el seu lloc.<br \/>\nQualitats com l&#8217;alta resist\u00e8ncia a tracci\u00f3, excel\u2022lent deformaci\u00f3, lleugeresa o l&#8217;estabilitat enfront d&#8217;agents qu\u00edmics, \u00e0cars i un altre tipus de subst\u00e0ncies, han propiciat que el teixit no teixit sigui un producte de garanties en el sector de l&#8217;automoci\u00f3.<\/p>\n<p><img loading=\"lazy\" class=\"alignnone size-full wp-image-1203\" title=\"Ind\u00f9stria. Automoci\u00f3\" alt=\"Ind\u00f9stria. Automoci\u00f3\" src=\"https:\/\/tejidosintejer-notejido.es\/wp-content\/uploads\/industria_automocion1.jpg\" width=\"309\" height=\"282\" srcset=\"https:\/\/tejidosintejer-notejido.es\/wp-content\/uploads\/industria_automocion1.jpg 309w, https:\/\/tejidosintejer-notejido.es\/wp-content\/uploads\/industria_automocion1-300x273.jpg 300w\" sizes=\"(max-width: 309px) 100vw, 309px\" \/><\/p>\n<p><\/div><div class=\"one_third\"><\/p>\n<h4>Revestiments.<\/h4>\n<p><a href=\"https:\/\/tejidosintejer-notejido.es\/ca\/portfolio\/tst-bond\/\">TST BOND<\/a><br \/>\nEl <strong>no teixit TST CHEM<\/strong> \u00e9s utilitzat com a recobriment posterior i intermedi del revestiment del sostre. Amb acabat ign\u00edfug s&#8217;aplicaria per recobrir peces interiors del cap\u00f3.<\/p>\n<h4>Refor\u00e7os.<\/h4>\n<p><a class=\"enl-aplic-producto\" href=\"https:\/\/tejidosintejer-notejido.es\/ca\/portfolio\/tst-bond\/\">TST BOND<\/a><br \/>\nDins de l&#8217;habitacle del cotxe \u00e9s habitual col\u2022locar refor\u00e7os de tela sense teixir TST BOND en diferents parts, com en els inferiors de les catifes, respatllers dels seients, en les safates del maleter o fins i tot en la part interna de la guantera.<\/p>\n<h4>Filtres.<\/h4>\n<p><a class=\"enl-aplic-producto\" href=\"https:\/\/tejidosintejer-notejido.es\/ca\/portfolio\/tst-bond\/\">TST BOND<\/a><br \/>\nEn el compartiment del motor trobem filtres d&#8217;oli fabricats de teixit sense teixir spunbond, amb la funci\u00f3 d&#8217;impedir el pas de part\u00edcules als fluids que circulen per l&#8217;interior del motor, allargant aix\u00ed la vida \u00fatil del mateix.<br \/>\nFabricats de no teixit trobem tamb\u00e9 filtres d&#8217;aire encarregats de retenir les part\u00edcules que en aquest cas pugui contenir l&#8217;aire que succiona el motor i que assegura una alta qualitat de l&#8217;aire que es respira a l&#8217;interior del vehicle.<br \/>\nTST BOND \u00e9s una tela no teixida que permet l&#8217;aplicaci\u00f3 d&#8217;un tractament ign\u00edfug.<\/p>\n<p><\/div><div class=\"one_third last\"><\/p>\n<h4>Fundes.<\/h4>\n<p><a class=\"enl-aplic-producto\" href=\"https:\/\/tejidosintejer-notejido.es\/ca\/portfolio\/tst-bond\/\">TST BOND<\/a><br \/>\nEl no teixit TST BOND es confecciona per a cobertes de seients, volants i catifetes, per protegir de la pols, brut\u00edcia o possibles taques ocasionades abans de l&#8217;acabat del vehicle, derivades del seu transport, o en romandre els vehicles en exposicions o tallers.<br \/>\nAix\u00ed mateix, el teixit sense teixir \u00e9s confeccionat per a fundes de vehicles, cobre-rodes i empaquetatges d&#8217;accessoris per a un transport i magatzematge net i segur.<\/p>\n<h4>Borses de residus.<\/h4>\n<p><a class=\"enl-aplic-producto\" href=\"https:\/\/tejidosintejer-notejido.es\/ca\/portfolio\/tst-bond\/\">TST BOND<\/a><br \/>\nUna bona forma de col\u2022laborar amb el medi ambient \u00e9s utilitzar borses de residus per a les palanques dels autom\u00f2bils, confeccionades de spunbond polipropil\u00e8 100%, i dissenyades per ser reutilitzades, gr\u00e0cies a la durabilitat que el no-teixit ofereix.<br \/>\nEl paperer \u00e9s un objecte publicitari que safaretjos, tallers mec\u00e0nics, estacions de servei i marques de cotxes distribueixen per promocionar la seva marca o empresa, ja que el teixit no teixit TST BOND permet ser brodat, estampat o serigrafiat.<\/p>\n<p><\/div><div class=\"clear\"><\/div><div class=\"one_third\"><a name=\"muebles\"><\/a><\/p>\n<h3><span style=\"color: #d05f5b;\">Moble i matal\u00e0s:<\/span><\/h3>\n<p>Propietats com hidrofobia i resist\u00e8ncia a l&#8217;abrasi\u00f3, al desgast i a l&#8217;esquin\u00e7ament, aix\u00ed com la facilitat per al soldat, cosit i encolat, permeten al teixit no teixit TST BOND ser un producte \u00e0mpliament utilitzat en les ind\u00fastries del moble, la tapisseria i el matal\u00e0s.<\/p>\n<p><img loading=\"lazy\" class=\"alignnone size-full wp-image-1205\" title=\"Ind\u00f9stria. Mobles i matal\u00e0s\" alt=\"Ind\u00f9stria. Mobles i matal\u00e0s\" src=\"https:\/\/tejidosintejer-notejido.es\/wp-content\/uploads\/industria_muelles_colchon.jpg\" width=\"309\" height=\"282\" srcset=\"https:\/\/tejidosintejer-notejido.es\/wp-content\/uploads\/industria_muelles_colchon.jpg 309w, https:\/\/tejidosintejer-notejido.es\/wp-content\/uploads\/industria_muelles_colchon-300x273.jpg 300w\" sizes=\"(max-width: 309px) 100vw, 309px\" \/><\/p>\n<p><\/div><div class=\"one_third\"><\/p>\n<h4>Revestiment<\/h4>\n<p><a class=\"enl-aplic-producto\" href=\"https:\/\/tejidosintejer-notejido.es\/ca\/portfolio\/tst-bond\/\">TST BOND<\/a><br \/>\nEl teixit sense teixir TST BOND \u00e9s emprat com coberta de ressort a la base i el respatller de cadires i sof\u00e0s, aix\u00ed com en la part posterior dels coixins que formen el propi sof\u00e0. Algunes de les qualitats m\u00e9s destacables d&#8217;aquest no teixit per a aquesta aplicaci\u00f3 s\u00f3n el seu bon comportament ign\u00edfug i anti-\u00e0cars. La varietat de colors i gramatges disponibles facilita l&#8217;elecci\u00f3 del no teixit en la fase de disseny del producte.<\/p>\n<h4>Guardapols i refor\u00e7<\/h4>\n<p><a class=\"enl-aplic-producto\" href=\"https:\/\/tejidosintejer-notejido.es\/ca\/portfolio\/tst-bond\/\">TST BOND<\/a><br \/>\nLa part inferior de butaques i sof\u00e0s \u00e9s segellada mitjan\u00e7ant el no teixit TST BOND per impedir que la pols es dipositi a l&#8217;interior. La bona resist\u00e8ncia a l&#8217;esquin\u00e7ament i el baix cost d&#8217;aquest no teixit fan que s&#8217;imposi a altres solucions de similars caracter\u00edstiques.<br \/>\nEl teixit sense teixir TST BOND tamb\u00e9 \u00e9s utilitzat com a refor\u00e7 en faldons i com a tira d&#8217;halar.<\/p>\n<h4>Molls ensacats<\/h4>\n<p><a href=\"https:\/\/tejidosintejer-notejido.es\/ca\/portfolio\/tst-bond\/\">TST BOND<\/a><br \/>\nEls matalassos de molls ensacats o embutxacats, utilitzen el teixit sense teixir TST BOND de forma individual per a cadascun dels molls amb la finalitat d&#8217;evitar el frec entre ells, anul\u2022lant el soroll que poguessin produir i allargant la vida \u00fatil del matal\u00e0s.<\/p>\n<p><\/div><div class=\"one_third last\"><\/p>\n<h4>Capa de separaci\u00f3<\/h4>\n<p><a class=\"enl-aplic-producto\" href=\"https:\/\/tejidosintejer-notejido.es\/ca\/portfolio\/tst-bond\/\">TST BOND<\/a><br \/>\nEl no teixit TST BOND \u00e9s utilitzat com a capa de separaci\u00f3 interna en matalassos, o en la part superior d&#8217;aquests com a revestiment. Aix\u00ed mateix, tamb\u00e9 \u00e9s emprat en altres elements com folre de platabanda, tela fald\u00f3, refor\u00e7 del capitonat, tapa falsa del matal\u00e0s o centre de rodapeu.<\/p>\n<h4>Funda de cox\u00ed<\/h4>\n<p><a class=\"enl-aplic-producto\" href=\"https:\/\/tejidosintejer-notejido.es\/ca\/portfolio\/tst-bond\/\">TST BOND<\/a><br \/>\nAlta resist\u00e8ncia a tracci\u00f3, hidrof\u00f2bia i baix cost, entre altres propietats, fan que el no teixit TST BOND sigui l&#8217;opci\u00f3 id\u00f2nia per confeccionar el folre de la c\u00e0psula del coix\u00ed. La seva condici\u00f3 hidr\u00f2foba impedeix que la suor corporal o el vessi d&#8217;algun l\u00edquid embruti l&#8217;interior del coix\u00ed, evitant les olors que aix\u00f2 pot provocar.<\/p>\n<h4>Suport per embuatat<\/h4>\n<p><a class=\"enl-aplic-producto\" href=\"https:\/\/tejidosintejer-notejido.es\/ca\/portfolio\/tst-bond\/\">TST BOND<\/a><br \/>\nLes caracter\u00edstiques resistents del no teixit TST BOND fan que la principal base d&#8217;embuatat per als matalassos.<\/p>\n<p><\/div><div class=\"clear\"><\/div><div class=\"one_third\"><a name=\"calzado\"><\/a><\/p>\n<h3><span style=\"color: #d05f5b;\">Cal\u00e7at i marroquineria:<\/span><\/h3>\n<p>La forta competitivitat que existeix tant en el sector del cal\u00e7at com en la marroquineria, provoca que es tendeixin a buscar materials que a un preu raonable aportin qualitat al producte. Aqu\u00ed \u00e9s on el teixit sense teixir TST BOND troba el seu lloc gr\u00e0cies a les excel\u2022lents qualitats que posseeix.<\/p>\n<p><img loading=\"lazy\" class=\"alignnone size-full wp-image-1204\" title=\"Ind\u00fastria. Cal\u00e7at i marroquineria\" alt=\"Ind\u00fastria. Cal\u00e7at i marroquineria\" src=\"https:\/\/tejidosintejer-notejido.es\/wp-content\/uploads\/industria_calzado-y-marroquineria.jpg\" width=\"309\" height=\"282\" srcset=\"https:\/\/tejidosintejer-notejido.es\/wp-content\/uploads\/industria_calzado-y-marroquineria.jpg 309w, https:\/\/tejidosintejer-notejido.es\/wp-content\/uploads\/industria_calzado-y-marroquineria-300x273.jpg 300w\" sizes=\"(max-width: 309px) 100vw, 309px\" \/><\/p>\n<p><\/div><div class=\"one_third\"><\/p>\n<h4>Folre interior<\/h4>\n<p><a href=\"https:\/\/tejidosintejer-notejido.es\/ca\/portfolio\/tst-bond\/\">TST BOND<\/a><br \/>\nEl no teixit TST BOND \u00e9s utilitzat com folre interior en bosses, maletes, carteres, agendes i cal\u00e7at. La textura del no teixit proporciona un aspecte elegant al folro, la qual cosa unit a propietats com la resist\u00e8ncia a tracci\u00f3, a l&#8217;esquin\u00e7ament i al desgast, provoca que sigui un material cada vegada m\u00e9s emprat.<\/p>\n<h4>Refor\u00e7os<\/h4>\n<p><a class=\"enl-aplic-producto\" href=\"https:\/\/tejidosintejer-notejido.es\/ca\/portfolio\/tst-bond\/\">TST BOND<\/a><br \/>\nDe nou la resist\u00e8ncia a tracci\u00f3 va a ser el factor determinant perqu\u00e8 el no teixit TST BOND sigui usat com a refor\u00e7 en el cal\u00e7at. La permeabilitat a l&#8217;aire que presenta el teixit sense teixir permet que el peu transpire, evitant la sudoraci\u00f3.<\/p>\n<p><\/div><div class=\"one_third last\"><\/p>\n<h4>Cobertes embalatge<\/h4>\n<p><a class=\"enl-aplic-producto\" href=\"https:\/\/tejidosintejer-notejido.es\/ca\">TST BOND<\/a><br \/>\nEl teixit no teixit TST BOND tamb\u00e9 \u00e9s utilitzat en la confecci\u00f3 de les borses d&#8217;embalatge del cal\u00e7at i les bosses, protegint-los davant rascades o cops, al mateix temps que proporciona una imatge cuidada i elegant.<\/p>\n<h4>Confecci\u00f3n de prendas<\/h4>\n<p><a class=\"enl-aplic-producto\" href=\"https:\/\/tejidosintejer-notejido.es\/portfolio\/tst-bond\/\">TST BOND<\/a><br \/>\nEl tejido sin tejer TST BOND es adecuado para la confecci\u00f3n de todo tipo de prendas, como petos identificativos para los ni\u00f1os, bolsas de merienda, bolsas de zapatos, baberos, delantales, caretas, disfraces\u2026.<\/p>\n<p>Las cualidades t\u00e9cnicas del tejido no tejido admiten que \u00e9ste sea lavado unas dos o tres veces, por lo que su reutilizaci\u00f3n es posible.<br \/>\n<\/div><div class=\"clear\"><\/div><div class=\"one_third\"><a name=\"textil\"><\/a><\/p>\n<h3><span style=\"color: #d05f5b;\">T\u00e8xtil seguretat:<\/span><\/h3>\n<p>S\u00f3n moltes les raons per les quals els teixits sense teixir s\u00f3n utilitzats en la confecci\u00f3 de peces i complements de seguretat, entre elles perqu\u00e8 s\u00f3n hipo-alerg\u00e8niques, hidr\u00f2fobes, tenen un baix nivell de flamabilidad, i s\u00f3n resistents a l&#8217;esquin\u00e7ament, abrasi\u00f3, \u00e0cids, bases, solvents org\u00e0nics i bacteris.<\/p>\n<p><img loading=\"lazy\" class=\"alignnone size-full wp-image-1206\" title=\"Ind\u00fastria. T\u00e8xtil seguretat\" alt=\"Ind\u00fastria. T\u00e8xtil seguretat\" src=\"https:\/\/tejidosintejer-notejido.es\/wp-content\/uploads\/Industria_textil-seguridad.jpg\" width=\"309\" height=\"282\" \/><\/p>\n<p><\/div><div class=\"one_third\"><\/p>\n<h4>Roba de protecci\u00f3<\/h4>\n<p><a class=\"enl-aplic-producto\" href=\"https:\/\/tejidosintejer-notejido.es\/ca\/portfolio\/tst-bond\/\">TST BOND<\/a> <a class=\"enl-aplic-producto\" href=\"https:\/\/tejidosintejer-notejido.es\/ca\/portfolio\/tst-laminado\/\">TST LAMINADO<\/a> <a class=\"enl-aplic-producto\" href=\"https:\/\/tejidosintejer-notejido.es\/ca\/portfolio\/tst-sms\/\">TST SMS <\/a><br \/>\nSuavitat per al confort del treballador i que no despr\u00e8n pelusa, s\u00f3n altres caracter\u00edstiques importants que presenten els no teixits TST SMS i TST BOND per ser els m\u00e9s utilitzats en la fabricaci\u00f3 de roba de protecci\u00f3.<br \/>\nSi les exig\u00e8ncies quant a seguretat s\u00f3n molt elevades utilitzarem el no teixit TST SMS enfront del no teixit TST BOND, el qual presenta una major permeabilitat a l&#8217;aire, que disminueix el grau de protecci\u00f3, encara que fa que la pe\u00e7a sigui m\u00e9s c\u00f2moda.<br \/>\nQuan la roba de protecci\u00f3 vagi a ser utilitzada en ambients molt contaminats, cal prestar especial atenci\u00f3 a les costures practicades sobre el no teixit TST SMS, i evitar que aquestes es realitzin mitjan\u00e7ant cosit, ja que per un efecte de succi\u00f3 les part\u00edcules contaminants podrien penetrar a l&#8217;interior de la pe\u00e7a.<\/p>\n<p><\/div><div class=\"one_third last\"><\/p>\n<h4>M\u00e0scares<\/h4>\n<p><a href=\"https:\/\/tejidosintejer-notejido.es\/ca\/portfolio\/tst-bond\/\">TST BOND <\/a> <a href=\"https:\/\/tejidosintejer-notejido.es\/ca\/portfolio\/tst-sms\/\">TST SMS<\/a><br \/>\nNostra gamma de productes no teixits TST BOND i TST SMS permeten adaptar les m\u00e0scares al nivell de protecci\u00f3 necessari, sent teixits que s&#8217;adapten f\u00e0cilment a la cara.<\/p>\n<h4>Protecci\u00f3 davant l&#8217;amiant<\/h4>\n<p><a class=\"enl-aplic-producto\" href=\"https:\/\/tejidosintejer-notejido.es\/ca\/portfolio\/tst-sms\/\">TST SMS<\/a><br \/>\nEl no teixit TST SMS \u00e9s la soluci\u00f3 m\u00e9s adequada per a la protecci\u00f3 front de part\u00edcules o subst\u00e0ncies altament contaminants, com \u00e9s el cas de l&#8217;amiant. A pesar que el teixit sense teixir TST SMS \u00e9s de per si mateix antiest\u00e0tic, cap la possibilitat de realitzar un tractament antiest\u00e0tic addicional per evitar l&#8217;adher\u00e8ncia de fibres o part\u00edcules que siguin molt perjudicials per a la salut.<\/p>\n<p><\/div><div class=\"clear\"><\/div><\/p>\n<!-- AddThis Advanced Settings generic via filter on the_content --><!-- AddThis Share Buttons generic via filter on the_content -->","protected":false},"excerpt":{"rendered":"<p>Automoci\u00f3 | Moble i matal\u00e0s| Cal\u00e7at i marroquineria| T\u00e8xtil seguretat<!-- AddThis Advanced Settings generic via filter on get_the_excerpt --><!-- AddThis Share Buttons generic via filter on get_the_excerpt --><\/p>\n","protected":false},"author":1,"featured_media":0,"parent":0,"menu_order":0,"comment_status":"closed","ping_status":"closed","template":"","meta":{"_mi_skip_tracking":false},"_links":{"self":[{"href":"https:\/\/tejidosintejer-notejido.es\/ca\/wp-json\/wp\/v2\/pages\/31"}],"collection":[{"href":"https:\/\/tejidosintejer-notejido.es\/ca\/wp-json\/wp\/v2\/pages"}],"about":[{"href":"https:\/\/tejidosintejer-notejido.es\/ca\/wp-json\/wp\/v2\/types\/page"}],"author":[{"embeddable":true,"href":"https:\/\/tejidosintejer-notejido.es\/ca\/wp-json\/wp\/v2\/users\/1"}],"replies":[{"embeddable":true,"href":"https:\/\/tejidosintejer-notejido.es\/ca\/wp-json\/wp\/v2\/comments?post=31"}],"version-history":[{"count":15,"href":"https:\/\/tejidosintejer-notejido.es\/ca\/wp-json\/wp\/v2\/pages\/31\/revisions"}],"predecessor-version":[{"id":1845,"href":"https:\/\/tejidosintejer-notejido.es\/ca\/wp-json\/wp\/v2\/pages\/31\/revisions\/1845"}],"wp:attachment":[{"href":"https:\/\/tejidosintejer-notejido.es\/ca\/wp-json\/wp\/v2\/media?parent=31"}],"curies":[{"name":"wp","href":"https:\/\/api.w.org\/{rel}","templated":true}]}}