{"id":28,"date":"2013-06-17T10:31:05","date_gmt":"2013-06-17T08:31:05","guid":{"rendered":"https:\/\/tejidosintejer-notejido.es\/?page_id=28"},"modified":"2014-10-12T18:29:59","modified_gmt":"2014-10-12T16:29:59","slug":"construccion","status":"publish","type":"page","link":"https:\/\/tejidosintejer-notejido.es\/ca\/construccion\/","title":{"rendered":"Construcci\u00f3"},"content":{"rendered":"<p><\/p>\n<div class=\"subnav-wrap\"><a style=\"margin-left: 0;\" href=\"#cultivos\">Edificaci\u00f3<\/a><span style=\"font-size: 20px;\">|<\/span><\/div>\n<p><div class=\"one_third\"><\/div><a name=\"cultivos\"><\/a><\/p>\n<h3><span style=\"color: #d05f5b;\">Edificaci\u00f3:<\/span><\/h3>\n<p>El <strong>teixit no teixit TST BV<\/strong> posseeix unes excel\u00b7lents propietats mec\u00e0niques i de permeabilitat a l&#8217;aigua, la qual cosa li permet complir amb les exig\u00e8ncies de barrera de vapor i control d&#8217;humitats del Codi T\u00e8cnic de l&#8217;Edificaci\u00f3.\u2028Segons estableix el Document B\u00e0sic d&#8217;Estalvi d&#8217;Energia del CTE, aquelles edificacions que protegeixin el seu envolupant amb una barrera de vapor, estaran exemptes del c\u00e0lcul de condensacions.<\/p>\n<p><img loading=\"lazy\" class=\"alignnone size-full wp-image-1199\" title=\"Construcci\u00f3. Edificaci\u00f3\" alt=\"Construcci\u00f3. Edificaci\u00f3\" src=\"https:\/\/tejidosintejer-notejido.es\/wp-content\/uploads\/construccion_edificaci\u00f3n.jpg\" width=\"309\" height=\"282\" srcset=\"https:\/\/tejidosintejer-notejido.es\/wp-content\/uploads\/construccion_edificaci\u00f3n.jpg 309w, https:\/\/tejidosintejer-notejido.es\/wp-content\/uploads\/construccion_edificaci\u00f3n-300x273.jpg 300w\" sizes=\"(max-width: 309px) 100vw, 309px\" \/><\/p>\n<p><\/div><div class=\"one_third\"><\/p>\n<h4>Barrera de vapor.<\/h4>\n<p style=\"text-align: left;\"><a class=\"enl-aplic-producto\" href=\"https:\/\/tejidosintejer-notejido.es\/ca\/portfolio\/tst-bv\/\">TST BV<\/a><br \/>\nLa barrera de vapor de<strong> teixit sense teixir TST BV<\/strong> \u00e9s un element constructiu utilitzat per evitar el risc de condensacions superficials i intersticials a les zones fredes de tancaments i cobertes.\u2028Les barreres de vapor no s\u00f3n un element completament impermeable al vapor d&#8217;aigua, s\u00f3n de permeabilitat baixa. Es considera barrera de vapor qualsevol l\u00e0mina que ofereixi una resist\u00e8ncia al vapor d&#8217;aigua superior a 0,1 MN s\/g\u2028La col\u00b7locaci\u00f3 del no teixit TST BV com a barrera de vapor ha de ser realitzada en la cara interior de l&#8217;a\u00efllament en climes freds, mentre que en climes c\u00e0lids es disposar\u00e0 en la part exterior.<\/p>\n<p><strong>Col\u00b7locaci\u00f3 de la barrera de vapor TST BV<\/strong><br \/>\nCoberta en Clima C\u00e0lid<\/p>\n<p><img loading=\"lazy\" class=\"alignnone size-full wp-image-1196\" title=\"Construcci\u00f3. Barrera de vapor\" alt=\"Construcci\u00f3. Barrera de vapor\" src=\"https:\/\/tejidosintejer-notejido.es\/wp-content\/uploads\/construccion_barrera_vapor1.jpg\" width=\"309\" height=\"282\" srcset=\"https:\/\/tejidosintejer-notejido.es\/wp-content\/uploads\/construccion_barrera_vapor1.jpg 309w, https:\/\/tejidosintejer-notejido.es\/wp-content\/uploads\/construccion_barrera_vapor1-300x273.jpg 300w\" sizes=\"(max-width: 309px) 100vw, 309px\" \/><\/p>\n<p style=\"text-align: left;\">Fa\u00e7ana en Clima C\u00e0lid<\/p>\n<p><img loading=\"lazy\" class=\"alignnone size-full wp-image-1197\" title=\"Construcci\u00f3. Barrera de vapor\" alt=\"Construcci\u00f3. Barrera de vapor\" src=\"https:\/\/tejidosintejer-notejido.es\/wp-content\/uploads\/construccion_barrera_vapor2.jpg\" width=\"309\" height=\"282\" srcset=\"https:\/\/tejidosintejer-notejido.es\/wp-content\/uploads\/construccion_barrera_vapor2.jpg 309w, https:\/\/tejidosintejer-notejido.es\/wp-content\/uploads\/construccion_barrera_vapor2-300x273.jpg 300w\" sizes=\"(max-width: 309px) 100vw, 309px\" \/><\/p>\n<p><\/div><div class=\"one_third last\"><\/p>\n<h4>Impermeabilitzaci\u00f3 de soleres.<\/h4>\n<p><a class=\"enl-aplic-producto\" href=\"https:\/\/tejidosintejer-notejido.es\/ca\/portfolio\/tst-bv\/\">TST BV<\/a><br \/>\nEn soleres i fonamentacions col\u00b7loquem el no teixit TST BV per evitar que a causa del fen\u00f2men de capil\u00b7laritat, l&#8217;aigua que prov\u00e9 del terreny ascendeixi i provoqui humitats.<\/p>\n<p>Col\u00b7locaci\u00f3 Barrera Antihumetat TST BV en Soleres<\/p>\n<p><img loading=\"lazy\" class=\"alignnone size-full wp-image-1200\" title=\"Construcci\u00f3. Impermeabilitzaci\u00f3 de soleres\" alt=\"Construcci\u00f3. Impermeabilitzaci\u00f3 de soleres\" src=\"https:\/\/tejidosintejer-notejido.es\/wp-content\/uploads\/construccion_impermeabilizacion.jpg\" width=\"309\" height=\"282\" \/><\/p>\n<h4>Reformes.<\/h4>\n<p><a class=\"enl-aplic-producto\" href=\"https:\/\/tejidosintejer-notejido.es\/ca\/portfolio\/tst-protec\/\">TST PROTEC<\/a><br \/>\nDurant una reforma o reparaci\u00f3, el s\u00f2l i en ocasions altres superf\u00edcies o elements d&#8217;un immoble, s\u00f3n vulnerables davant els molts oficis de la construcci\u00f3 que intervenen en el proc\u00e9s. La utilitzaci\u00f3 del teixit sense teixir TST PROTEC en s\u00f2ls, parets, sostres, portes, marcs o mobles, garanteix la seva conservaci\u00f3 en bon estat davant accions com ralladures, vessi de l\u00edquids, cops, pols i brut\u00edcia.\u2028El no teixit TST PROTEC \u00e9s autoadhesiu, impermeable i totalment estanc a la pols; pel que podr\u00e0 ser col\u00b7locat sense necessitat de retirar quadres de les parets ni llibres de les prestatgeries.<\/p>\n<p><\/div><div class=\"clear\"><\/div><div class=\"one_third\"><\/div><a name=\"bolsas\"><\/a><\/p>\n<!-- AddThis Advanced Settings generic via filter on the_content --><!-- AddThis Share Buttons generic via filter on the_content -->","protected":false},"excerpt":{"rendered":"<p>Ho sentim, aquest contingut nom\u00e9s est\u00e0 disponible en ES.<!-- AddThis Advanced Settings generic via filter on get_the_excerpt --><!-- AddThis Share Buttons generic via filter on get_the_excerpt --><\/p>\n","protected":false},"author":1,"featured_media":0,"parent":0,"menu_order":0,"comment_status":"closed","ping_status":"closed","template":"","meta":{"_mi_skip_tracking":false},"_links":{"self":[{"href":"https:\/\/tejidosintejer-notejido.es\/ca\/wp-json\/wp\/v2\/pages\/28"}],"collection":[{"href":"https:\/\/tejidosintejer-notejido.es\/ca\/wp-json\/wp\/v2\/pages"}],"about":[{"href":"https:\/\/tejidosintejer-notejido.es\/ca\/wp-json\/wp\/v2\/types\/page"}],"author":[{"embeddable":true,"href":"https:\/\/tejidosintejer-notejido.es\/ca\/wp-json\/wp\/v2\/users\/1"}],"replies":[{"embeddable":true,"href":"https:\/\/tejidosintejer-notejido.es\/ca\/wp-json\/wp\/v2\/comments?post=28"}],"version-history":[{"count":16,"href":"https:\/\/tejidosintejer-notejido.es\/ca\/wp-json\/wp\/v2\/pages\/28\/revisions"}],"predecessor-version":[{"id":618,"href":"https:\/\/tejidosintejer-notejido.es\/ca\/wp-json\/wp\/v2\/pages\/28\/revisions\/618"}],"wp:attachment":[{"href":"https:\/\/tejidosintejer-notejido.es\/ca\/wp-json\/wp\/v2\/media?parent=28"}],"curies":[{"name":"wp","href":"https:\/\/api.w.org\/{rel}","templated":true}]}}