{"id":23,"date":"2013-06-17T10:30:39","date_gmt":"2013-06-17T08:30:39","guid":{"rendered":"https:\/\/tejidosintejer-notejido.es\/?page_id=23"},"modified":"2014-10-12T18:26:07","modified_gmt":"2014-10-12T16:26:07","slug":"comercial","status":"publish","type":"page","link":"https:\/\/tejidosintejer-notejido.es\/ca\/comercial\/","title":{"rendered":"Comercial"},"content":{"rendered":"<p><\/p>\n<div class=\"subnav-wrap\"><a style=\"margin-left: 0;\" href=\"#cultivos\">Botigues \/ Publicitat<\/a> <span style=\"font-size: 20px;\">|<\/span> <a href=\"#bolsas\">Merceries<\/a> <span style=\"font-size: 20px;\">|<\/span> <a href=\"#floristerias\">Floristeries<\/a><\/div>\n<p><div class=\"one_third\"><\/div><a name=\"cultivos\"><\/a><\/p>\n<h3><span style=\"color: #d05f5b;\">Botigues \/ Publicitat:<\/span><\/h3>\n<p>Qualitat, eleg\u00e0ncia, i baix cost s\u00f3n els factors m\u00e9s determinants que han convertit al teixit no teixit, i concretament al TST BOND, en un dels materials m\u00e9s utilitzats en la confecci\u00f3 de borses publicit\u00e0ries per a fleques, rebosteries, comer\u00e7os, bugaderies, sabates\u2026. a m\u00e9s d&#8217;una infinitat de productes publicitaris.<br \/>\nEl m\u00e9s destacat del no teixit de polipropil\u00e8 100% \u00e9s que \u00e9s un producte sostenible, ja que es pot reutilitzar infinitat de vegades i a m\u00e9s \u00e9s reciclable.<\/p>\n<p><img loading=\"lazy\" class=\"alignnone size-full wp-image-1195\" title=\"Comercial. Tendes i publicitat\" alt=\"Comercial. Tendes i publicitat\" src=\"https:\/\/tejidosintejer-notejido.es\/wp-content\/uploads\/comercial_tiendas_-publicidad.jpg\" width=\"309\" height=\"282\" srcset=\"https:\/\/tejidosintejer-notejido.es\/wp-content\/uploads\/comercial_tiendas_-publicidad.jpg 309w, https:\/\/tejidosintejer-notejido.es\/wp-content\/uploads\/comercial_tiendas_-publicidad-300x273.jpg 300w\" sizes=\"(max-width: 309px) 100vw, 309px\" \/><\/p>\n<p><\/div><div class=\"one_third\"><\/p>\n<h4>Borses publicit\u00e0ries.<\/h4>\n<p><a class=\"enl-aplic-producto\" href=\"https:\/\/tejidosintejer-notejido.es\/ca\/portfolio\/tst-bond\/\">TST BOND <\/a> <a class=\"enl-aplic-producto\" href=\"https:\/\/tejidosintejer-notejido.es\/ca\/portfolio\/tst-laminado\/\">TST LAMINADO<\/a><br \/>\nEl teixit no teixit TST BOND permet l&#8217;estampat i la serigrafia, donant una imatge distingida i atractiva per al seu negoci. Es tracta d&#8217;un no teixit reciclable, per la qual cosa est\u00e0 considerat com el substitut ideal de les tradicionals bosses de pl\u00e0stic. A m\u00e9s, l&#8217;alta resist\u00e8ncia a tracci\u00f3 del teixit sense teixir permet allargar la vida de la borsa.<br \/>\nEl nostre no teixit o friselina \u00e9s molt utilitzat per a borses publicit\u00e0ries, com a borses de pa, borses de compra, borses de sabates, borses de residus per als cotxes\u2026..<\/p>\n<h4>Fonguis porta vestis.<\/h4>\n<p><a class=\"enl-aplic-producto\" href=\"https:\/\/tejidosintejer-notejido.es\/ca\/portfolio\/tst-bond\/\">TST BOND <\/a> <a class=\"enl-aplic-producto\" href=\"https:\/\/tejidosintejer-notejido.es\/ca\/portfolio\/tst-laminado\/\">TST LAMINADO<\/a><br \/>\nGrans marques del m\u00f3n de la moda s&#8217;uneixen a la utilitzaci\u00f3 del teixit no teixit TST BOND per a la confecci\u00f3 de les seves fonguis porta vestits, confiant en l&#8217;eleg\u00e0ncia i distinci\u00f3 que el no teixit transmet als seus clients. \u00c9s la millor promoci\u00f3 que pot fer en el seu negoci.<br \/>\nLes fonguis portavestits confeccionades amb no teixit de spunbond es caracteritzen per ser transpirables i no deixar passar la pols, protegint aix\u00ed mateix dels \u00e0cars.<\/p>\n<p><\/div><div class=\"one_third last\"><\/p>\n<h4>Aparadors.<\/h4>\n<p><a class=\"enl-aplic-producto\" href=\"https:\/\/tejidosintejer-notejido.es\/ca\/portfolio\/tst-bond\/\">TST BOND<\/a> <a class=\"enl-aplic-producto\" href=\"https:\/\/tejidosintejer-notejido.es\/ca\/portfolio\/tst-chem\/\">TST CHEM <\/a> <a class=\"enl-aplic-producto\" href=\"https:\/\/tejidosintejer-notejido.es\/ca\/portfolio\/tst-decor\/\">TST DECOR<\/a><br \/>\nTant grans magatzems com a petits comer\u00e7os empren els nostres no teixits TST BOND, TST CHEM i TST DECOR com a fons de decorat en els seus aparadors.<br \/>\nEls nostres teixits no teixits TNT s\u00f3n una de les principals eleccions dels aparadoristes, ja que ofereixen una gran versatilitat en els decorats, com per exemple combinacions entre teles opaques i vels transparents. Els dissenys i l&#8217;\u00e0mplia varietat de colors de la tela sense teixir, permeten realitzar infinites combinacions, adaptant els decorats a les diferents estacions de l&#8217;any.<\/p>\n<p><\/div><div class=\"clear\"><\/div><div class=\"one_third\"><a name=\"bolsas\"><\/a><\/p>\n<h3><span style=\"color: #d05f5b;\">Merceries:<\/span><\/h3>\n<p>Comer\u00e7os com les merceries o les ferreteries serveixen petites quantitats de teixit sense teixir TST BOND, apropant el producte als particulars, els qui acabaran utilitzant aquesta tela no teixida, tant en llis com en estampat, per a multitud d&#8217;aplicacions.<\/p>\n<p><img loading=\"lazy\" class=\"alignnone size-full wp-image-1194\" title=\"Comercial. Merceries\" alt=\"Comercial. Merceries\" src=\"https:\/\/tejidosintejer-notejido.es\/wp-content\/uploads\/comercial_mercerias.jpg\" width=\"309\" height=\"282\" srcset=\"https:\/\/tejidosintejer-notejido.es\/wp-content\/uploads\/comercial_mercerias.jpg 309w, https:\/\/tejidosintejer-notejido.es\/wp-content\/uploads\/comercial_mercerias-300x273.jpg 300w\" sizes=\"(max-width: 309px) 100vw, 309px\" \/><\/p>\n<p><\/div><div class=\"one_third\"><\/p>\n<h4>Patchwork<\/h4>\n<p><a class=\"enl-aplic-producto\" href=\"https:\/\/tejidosintejer-notejido.es\/ca\/portfolio\/tst-bond\/\">TST BOND<\/a> <a class=\"enl-aplic-producto\" href=\"https:\/\/tejidosintejer-notejido.es\/ca\/portfolio\/tst-decor\/\">TST DECOR<\/a><br \/>\nEn el camp de l&#8217;artesania t\u00e8xtil, els teixits no teixits TST BOND i TST DECOR s\u00f3n utilitzats com a fragments que s&#8217;uneixen a altres teles. Textures caracter\u00edstiques confereixen als no teixits un aspecte que els diferencia d&#8217;un altre tipus de teles. Podr\u00e0 realitzar les seves pr\u00f2pies creacions utilitzant els nostres productes en borses, cobertors, pitets, ninots, coixins&#8230;<\/p>\n<h4>Entreteles<\/h4>\n<p><a class=\"enl-aplic-producto\" href=\"https:\/\/tejidosintejer-notejido.es\/ca\/portfolio\/tst-bond\/\">TST BOND<\/a><br \/>\nEl no teixit TST BOND s&#8217;utilitza com a refor\u00e7 en la confecci\u00f3 de peces de vestir, tals com a vestits, camises, jaquetes, disfresses\u2026. , com a bases per a brodats, muscleres o sostenidors. Els nostres no teixits milloren i mantenen la imatge, al mateix temps que donen consist\u00e8ncia a les peces.<\/p>\n<p><\/div><div class=\"one_third last\"><\/p>\n<h4>Estovalles<\/h4>\n<p><a class=\"enl-aplic-producto\" href=\"https:\/\/tejidosintejer-notejido.es\/portfolio\/tst-bond\/\">TST BOND <\/a><a class=\"enl-aplic-producto\" href=\"https:\/\/tejidosintejer-notejido.es\/portfolio\/tst-decor\/\">TST DECOR<\/a><br \/>\nDecorar protegint la taula \u00e9s possible gr\u00e0cies als no teixits TST BOND i TST DECOR. Teixits de tall f\u00e0cil i amb els quals podr\u00e0 realitzar estovalles, camins, cobreix estovalles i estoles, molt pr\u00e0ctics per a la celebraci\u00f3 de festes, sopars o esdeveniments, aconseguint un toc d&#8217;eleg\u00e0ncia a un cost redu\u00eft. El teixit sense teixir \u00e9s un material hidr\u00f2fob pel que repel\u00b7leix els l\u00edquids.<\/p>\n<h4>Embalatges<\/h4>\n<p><a href=\"https:\/\/tejidosintejer-notejido.es\/ca\/portfolio\/tst-bond\/\">TST BOND<\/a> <a href=\"https:\/\/tejidosintejer-notejido.es\/ca\/portfolio\/tst-decor\/\">TST DECOR<\/a><br \/>\nAmb els nostres no-teixits TST DECOR, TST CHEM i TST BOND pot cuidar la presentaci\u00f3 de cada detall en enlla\u00e7os, batejos, comunions, etc, Personalitzi i decori al seu gust cada regal fent-ho especial.<br \/>\nPlasmi les seves originals idees d&#8217;embalatge amb els nostres teixits no teixits, realitzant embolcalls de qualsevol tipus per a objectes de marxandatge com bosses, caixes, cintes, etc.<\/p>\n<p><\/div><div class=\"clear\"><\/div><div class=\"one_third\"><a name=\"floristerias\"><\/a><\/p>\n<h3><span style=\"color: #d05f5b;\">Floristeries:<\/span><\/h3>\n<p>La intensitat i varietat en colors dels nostres no teixits, aix\u00ed com les seves diferents textures, fan que estiguin sent molt utilitzats com a ornament en rams de flors i centres, en decoracions d&#8217;esgl\u00e9sies, jardins i restaurants per a la celebraci\u00f3 d&#8217;enlla\u00e7os, festes i esdeveniments.<\/p>\n<p><img loading=\"lazy\" class=\"alignnone size-full wp-image-1193\" title=\"Comercial. Floristeries\" alt=\"Comercial. Floristeries\" src=\"https:\/\/tejidosintejer-notejido.es\/wp-content\/uploads\/comercial_floristerias.jpg\" width=\"309\" height=\"282\" srcset=\"https:\/\/tejidosintejer-notejido.es\/wp-content\/uploads\/comercial_floristerias.jpg 309w, https:\/\/tejidosintejer-notejido.es\/wp-content\/uploads\/comercial_floristerias-300x273.jpg 300w\" sizes=\"(max-width: 309px) 100vw, 309px\" \/><\/p>\n<p><\/div><div class=\"one_third\"><\/p>\n<h4>Rams de flores i centres<\/h4>\n<p><a class=\"enl-aplic-producto\" href=\"https:\/\/tejidosintejer-notejido.es\/ca\/portfolio\/tst-decor\/\">TST DECOR <\/a> <a class=\"enl-aplic-producto\" href=\"https:\/\/tejidosintejer-notejido.es\/ca\">TST CHEM<\/a><br \/>\nEn ocasions especials, els rams de flors estan considerats com un regal amb sentiment. Embolicar flors fresques amb la nostra varietat de teles no teixides TST DECOR i TST CHEM ajuda a transmetre emocions. A m\u00e9s faciliten solucions segons l&#8217;\u00e8poca de l&#8217;any o gust del consumidor.<br \/>\nEs poden realitzar arranjaments de decoraci\u00f3 floral amb no teixits d&#8217;aparen\u00e7a tela, permetent modelar al seu gust i omplir-los de creativitat.<\/p>\n<p><\/div><div class=\"one_third last\"><\/p>\n<h4>Adorns<\/h4>\n<p><a class=\"enl-aplic-producto\" href=\"https:\/\/tejidosintejer-notejido.es\/ca\/portfolio\/tst-decor\/\">TST DECOR <\/a> <a class=\"enl-aplic-producto\" href=\"https:\/\/tejidosintejer-notejido.es\/ca\/portfolio\/tst-bond\/\">TST BOND<\/a><br \/>\nDescobreixi les possibilitats que ofereix el no teixit de polipropil\u00e8 per a la decoraci\u00f3 en cerim\u00f2nies, festes o esdeveniments. Els articles m\u00e9s utilitzats s\u00f3n les lla\u00e7ades per a cadires, estovalles o decorats.<br \/>\nAdorni espais interiors i exteriors amb vel de TST, aprofitant l&#8217;\u00e0mplia gamma de colors disponibles, podr\u00e0 combinar amb tonalitats r\u00fastiques, cridaneres, elegants\u2026<br \/>\n<\/div><div class=\"clear\"><\/div><div class=\"one_third\"><\/div><a name=\"bolsas\"><\/a><\/p>\n<!-- AddThis Advanced Settings generic via filter on the_content --><!-- AddThis Share Buttons generic via filter on the_content -->","protected":false},"excerpt":{"rendered":"<p>Ho sentim, aquest contingut nom\u00e9s est\u00e0 disponible en ES.<!-- AddThis Advanced Settings generic via filter on get_the_excerpt --><!-- AddThis Share Buttons generic via filter on get_the_excerpt --><\/p>\n","protected":false},"author":1,"featured_media":0,"parent":0,"menu_order":0,"comment_status":"closed","ping_status":"closed","template":"","meta":{"_mi_skip_tracking":false},"_links":{"self":[{"href":"https:\/\/tejidosintejer-notejido.es\/ca\/wp-json\/wp\/v2\/pages\/23"}],"collection":[{"href":"https:\/\/tejidosintejer-notejido.es\/ca\/wp-json\/wp\/v2\/pages"}],"about":[{"href":"https:\/\/tejidosintejer-notejido.es\/ca\/wp-json\/wp\/v2\/types\/page"}],"author":[{"embeddable":true,"href":"https:\/\/tejidosintejer-notejido.es\/ca\/wp-json\/wp\/v2\/users\/1"}],"replies":[{"embeddable":true,"href":"https:\/\/tejidosintejer-notejido.es\/ca\/wp-json\/wp\/v2\/comments?post=23"}],"version-history":[{"count":11,"href":"https:\/\/tejidosintejer-notejido.es\/ca\/wp-json\/wp\/v2\/pages\/23\/revisions"}],"predecessor-version":[{"id":1848,"href":"https:\/\/tejidosintejer-notejido.es\/ca\/wp-json\/wp\/v2\/pages\/23\/revisions\/1848"}],"wp:attachment":[{"href":"https:\/\/tejidosintejer-notejido.es\/ca\/wp-json\/wp\/v2\/media?parent=23"}],"curies":[{"name":"wp","href":"https:\/\/api.w.org\/{rel}","templated":true}]}}