{"id":2152,"date":"2023-09-18T18:19:04","date_gmt":"2023-09-18T16:19:04","guid":{"rendered":"https:\/\/tejidosintejer-notejido.es\/?page_id=2152"},"modified":"2025-01-15T13:07:11","modified_gmt":"2025-01-15T12:07:11","slug":"mas-informacion","status":"publish","type":"page","link":"https:\/\/tejidosintejer-notejido.es\/ca\/mas-informacion\/","title":{"rendered":"M\u00e1s informaci\u00f3n"},"content":{"rendered":"\n<p>El proyecto INNCAD\/2021\/92 realizado por TST No Tejido, S.L., con t\u00edtulo DESARROLLO DE NUEVAS MASCARILLAS AUTOFILTRANTES CON ALTA EFICIENCIA VIRICIDA PARA LA PREVENCI\u00d3N DE LA EXPOSICI\u00d3N A PAT\u00d3GENOS GRAVES tiene como objetivo principal el <strong>desarrollo de una nueva gama de mascarillas autofiltrantes (FFP) de alta capacidad de ajuste y alta eficacia bactericida y\/o virucida frente a virus y bacterias multirresistentes<\/strong>.<\/p>\n\n\n\n<p>Como finalidad principal y con car\u00e1cter estrat\u00e9gico para la empresa, el proyecto pretende dotar a los tejidos no tejidos (TNT) de propiedades antimicrobianas, considerando propiedades viricidas y bactericidas, a partir de una nueva soluci\u00f3n tecnol\u00f3gica altamente innovadora basada en el uso de nanomateriales (NMs) y encapsulados, as\u00ed como optimizar la conformaci\u00f3n de las mascarillas para mejorar sus propiedades de ajuste al rostro, velando en ambos casos por la eficacia de filtraci\u00f3n y requerimientos normativos de seguridad aplicables a este tipo de productos.<\/p>\n\n\n\n<p>Las mascarillas desarrolladas en el marco del proyecto aportan una nueva soluci\u00f3n tecnol\u00f3gica altamente innovadora que permitir\u00e1 alcanzar un alto nivel de seguridad frente a pat\u00f3genos en forma de bioaerosol y part\u00edculas, mejorando las opciones de mascarillas que actualmente se encuentran presentes en el mercado, cuyo ajuste al rostro y capacidad virucida no queda garantizada.<\/p>\n\n\n\n<p>Los objetivos espec\u00edficos que se han alcanzado en el marco del proyecto son los siguientes:<\/p>\n\n\n\n<p>\u2022 Optimizaci\u00f3n de valores de fuga total al interior (TIL) y valores de penetraci\u00f3n de part\u00edculas con tama\u00f1o comprendido entre 0.3 y 300 \u00b5m.<\/p>\n\n\n\n<p>\u2022 Optimizaci\u00f3n de la superficie de los materiales de tejido no tejido para la mejora de la captaci\u00f3n de bioaerosoles.<\/p>\n\n\n\n<p>\u2022 Desarrollo de nuevos compuestos activos con alta eficacia bactericida y\/o viricida mediante el uso novedoso de tres tecnolog\u00edas de naturaleza distinta: nanopart\u00edculas met\u00e1licas biofuncionalizadas para la liberaci\u00f3n lenta de iones met\u00e1licos y sistemas encapsulados sostenibles que contienen el activo biocida en el interior y permiten su liberaci\u00f3n controlada de manera segura;<\/p>\n\n\n\n<p>\u2022 Datos experimentales de la eficacia de filtraci\u00f3n frente a aerosoles en el rango de 60 nm a 150 nm mediante metodolog\u00edas de an\u00e1lisis avanzadas desarrolladas en base a los requisitos de la norma ISO 21083-1:2018, donde se requiere el uso de instrumentaci\u00f3n de alta precisi\u00f3n como los contadores de part\u00edculas por condensaci\u00f3n (CPCs) y sistemas de determinaci\u00f3n del tama\u00f1o de part\u00edculas mediante la medida de movilidad el\u00e9ctrica (DMA).<\/p>\n\n\n\n<p>La consecuci\u00f3n de los objetivos definidos supone un impacto directo en la cadena de valor del sector de los equipos de protecci\u00f3n individual, abordando a todos los operadores que deben garantizar el cumplimiento de los criterios en materia seguridad, desde productores de materias primas hasta los productores y distribuidores de mascarillas del tipo FFP2.<\/p>\n\n\n\n<figure class=\"wp-block-image size-large\"><a href=\"https:\/\/tejidosintejer-notejido.es\/wp-content\/uploads\/avi-blanco.png\"><img loading=\"lazy\" width=\"1024\" height=\"318\" src=\"https:\/\/tejidosintejer-notejido.es\/wp-content\/uploads\/avi-blanco-1024x318.png\" alt=\"\" class=\"wp-image-2158\" srcset=\"https:\/\/tejidosintejer-notejido.es\/wp-content\/uploads\/avi-blanco-1024x318.png 1024w, https:\/\/tejidosintejer-notejido.es\/wp-content\/uploads\/avi-blanco-300x93.png 300w, https:\/\/tejidosintejer-notejido.es\/wp-content\/uploads\/avi-blanco-768x238.png 768w, https:\/\/tejidosintejer-notejido.es\/wp-content\/uploads\/avi-blanco-940x292.png 940w, https:\/\/tejidosintejer-notejido.es\/wp-content\/uploads\/avi-blanco.png 1299w\" sizes=\"(max-width: 1024px) 100vw, 1024px\" \/><\/a><\/figure>\n\n\n\n<p>Este proyecto ha recibido una subvenci\u00f3n de 87.362,87\u20ac gracias al apoyo econ\u00f3mico de la Agencia Valenciana d la Innovaci\u00f3n (AVI).<\/p>\n<!-- AddThis Advanced Settings generic via filter on the_content --><!-- AddThis Share Buttons generic via filter on the_content -->","protected":false},"excerpt":{"rendered":"<p>El proyecto INNCAD\/2021\/92 realizado por TST No Tejido, S.L., con t\u00edtulo DESARROLLO DE NUEVAS MASCARILLAS AUTOFILTRANTES CON ALTA EFICIENCIA VIRICIDA PARA LA PREVENCI\u00d3N DE LA EXPOSICI\u00d3N A PAT\u00d3GENOS GRAVES tiene como objetivo principal el desarrollo de una nueva gama de mascarillas autofiltrantes (FFP) de alta capacidad de ajuste y alta eficacia bactericida y\/o virucida frente a virus y bacterias multirresistentes. Como finalidad principal y con car\u00e1cter estrat\u00e9gico para la empresa, &hellip;<a class=\"excerpt\" href=\"https:\/\/tejidosintejer-notejido.es\/ca\/mas-informacion\/\">Read More<\/a><!-- AddThis Advanced Settings generic via filter on get_the_excerpt --><!-- AddThis Share Buttons generic via filter on get_the_excerpt --><\/p>\n","protected":false},"author":1,"featured_media":0,"parent":0,"menu_order":0,"comment_status":"closed","ping_status":"closed","template":"","meta":{"_mi_skip_tracking":false},"_links":{"self":[{"href":"https:\/\/tejidosintejer-notejido.es\/ca\/wp-json\/wp\/v2\/pages\/2152"}],"collection":[{"href":"https:\/\/tejidosintejer-notejido.es\/ca\/wp-json\/wp\/v2\/pages"}],"about":[{"href":"https:\/\/tejidosintejer-notejido.es\/ca\/wp-json\/wp\/v2\/types\/page"}],"author":[{"embeddable":true,"href":"https:\/\/tejidosintejer-notejido.es\/ca\/wp-json\/wp\/v2\/users\/1"}],"replies":[{"embeddable":true,"href":"https:\/\/tejidosintejer-notejido.es\/ca\/wp-json\/wp\/v2\/comments?post=2152"}],"version-history":[{"count":4,"href":"https:\/\/tejidosintejer-notejido.es\/ca\/wp-json\/wp\/v2\/pages\/2152\/revisions"}],"predecessor-version":[{"id":2221,"href":"https:\/\/tejidosintejer-notejido.es\/ca\/wp-json\/wp\/v2\/pages\/2152\/revisions\/2221"}],"wp:attachment":[{"href":"https:\/\/tejidosintejer-notejido.es\/ca\/wp-json\/wp\/v2\/media?parent=2152"}],"curies":[{"name":"wp","href":"https:\/\/api.w.org\/{rel}","templated":true}]}}