{"id":2,"date":"2013-06-14T11:29:32","date_gmt":"2013-06-14T09:29:32","guid":{"rendered":"https:\/\/tejidosintejer-notejido.es\/?page_id=2"},"modified":"2021-09-21T16:16:08","modified_gmt":"2021-09-21T14:16:08","slug":"empresa","status":"publish","type":"page","link":"https:\/\/tejidosintejer-notejido.es\/ca\/empresa\/","title":{"rendered":"Empresa"},"content":{"rendered":"<p><div class=\"one_third\"><br \/>\nT<span style=\"color: #ffffff;\">ST \u00e9s una empresa espanyola que comercialitza teixit sense teixir per a diverses aplicacions, desenvolupant al costat dels seus col\u00b7laboradors solucions adaptades a les necessitats dels clients.<\/span><\/p>\n<p><span style=\"color: #ffffff;\">Des dels seus inicis, TST s&#8217;ha preocupat per garantir un servei r\u00e0pid i de qualitat, sent el punt d&#8217;uni\u00f3 entre fabricant, acabador i client final.<\/span><\/p>\n<p><span style=\"color: #ffffff;\">TST concentra els seus esfor\u00e7os en el sector industrial, assessorant a les empreses en la recerca de noves solucions, i comprometent-se a proporcionar servei dins dels terminis acordats. Per a aix\u00f2, compta amb professionals especialitzats en el sector de fins a 12 anys d&#8217;experi\u00e8ncia.<\/span><\/p>\n<p><\/div><\/p>\n<div class=\"one_third\"><br \/>\n<span style=\"color: #ffffff;\">Tant els prove\u00efdors com les mat\u00e8ries primeres que empr\u00e9n s\u00f3n d&#8217;alta qualitat. Disposa de no teixits t\u00e8cnics que s&#8217;adapten als requeriments m\u00e9s exigents en sectors com l\u00b4automoci\u00f3, construcci\u00f3, higiene, embalatge o alimentaci\u00f3.<\/span><\/p>\n<p><span style=\"color: #ffffff;\">Compta d\u00b4estoc en un gran magatzem situat a Agullent (Val\u00e8ncia), des d&#8217;on es distribueix tant a nivell nacional com internacional.<\/span><\/p>\n<p style=\"text-align: left;\"><\/div>\n<p style=\"text-align: left;\"><div class=\"one_third last\"><\/p>\n<p style=\"text-align: left;\"><a href=\"https:\/\/tejidosintejer-notejido.es\/wp-content\/uploads\/EMPRESA.jpg\" data-rel=\"prettyPhoto[this_page]\" title=\"\"><img loading=\"lazy\" class=\"alignnone size-full wp-image-1353\" src=\"https:\/\/tejidosintejer-notejido.es\/wp-content\/uploads\/EMPRESA.jpg\" alt=\"tst empresa\" width=\"309\" height=\"282\" srcset=\"https:\/\/tejidosintejer-notejido.es\/wp-content\/uploads\/EMPRESA.jpg 309w, https:\/\/tejidosintejer-notejido.es\/wp-content\/uploads\/EMPRESA-300x273.jpg 300w\" sizes=\"(max-width: 309px) 100vw, 309px\" \/><\/a><\/p>\n<p><\/div><div class=\"clear\"><\/div><\/p>\n<!-- AddThis Advanced Settings generic via filter on the_content --><!-- AddThis Share Buttons generic via filter on the_content -->","protected":false},"excerpt":{"rendered":"<p><!-- AddThis Advanced Settings generic via filter on get_the_excerpt --><!-- AddThis Share Buttons generic via filter on get_the_excerpt --><\/p>\n","protected":false},"author":1,"featured_media":0,"parent":0,"menu_order":0,"comment_status":"closed","ping_status":"closed","template":"","meta":{"_mi_skip_tracking":false},"_links":{"self":[{"href":"https:\/\/tejidosintejer-notejido.es\/ca\/wp-json\/wp\/v2\/pages\/2"}],"collection":[{"href":"https:\/\/tejidosintejer-notejido.es\/ca\/wp-json\/wp\/v2\/pages"}],"about":[{"href":"https:\/\/tejidosintejer-notejido.es\/ca\/wp-json\/wp\/v2\/types\/page"}],"author":[{"embeddable":true,"href":"https:\/\/tejidosintejer-notejido.es\/ca\/wp-json\/wp\/v2\/users\/1"}],"replies":[{"embeddable":true,"href":"https:\/\/tejidosintejer-notejido.es\/ca\/wp-json\/wp\/v2\/comments?post=2"}],"version-history":[{"count":42,"href":"https:\/\/tejidosintejer-notejido.es\/ca\/wp-json\/wp\/v2\/pages\/2\/revisions"}],"predecessor-version":[{"id":2121,"href":"https:\/\/tejidosintejer-notejido.es\/ca\/wp-json\/wp\/v2\/pages\/2\/revisions\/2121"}],"wp:attachment":[{"href":"https:\/\/tejidosintejer-notejido.es\/ca\/wp-json\/wp\/v2\/media?parent=2"}],"curies":[{"name":"wp","href":"https:\/\/api.w.org\/{rel}","templated":true}]}}