{"id":1096,"date":"2013-10-17T09:13:39","date_gmt":"2013-10-17T07:13:39","guid":{"rendered":"https:\/\/tejidosintejer-notejido.es\/?page_id=1096"},"modified":"2014-10-12T18:43:12","modified_gmt":"2014-10-12T16:43:12","slug":"ocio","status":"publish","type":"page","link":"https:\/\/tejidosintejer-notejido.es\/ca\/ocio\/","title":{"rendered":"Oci"},"content":{"rendered":"<p><\/p>\n<div class=\"subnav-wrap\"><a style=\"margin-left: 0;\" href=\"#cultivos\">Esdeveniments i Festejos<\/a> <span style=\"font-size: 20px;\">|<\/span> <a href=\"#bolsas\">Museus i galeries d\u00b4Art<\/a> | <a href=\"#colegios\">Col.legis y llars d\u00b4infants<\/a><\/div>\n<p><div class=\"one_third\"><a name=\"cultivos\"><\/a><\/p>\n<h3><span style=\"color: #d05f5b;\">Esdeveniments i festejos:<\/span><\/h3>\n<p>Gran varietat de colorit, aix\u00ed com eleg\u00e0ncia i baix cost, fan que les nostres teles sense teixir siguin molt utilitzades com a elements decoratius d&#8217;ambientaci\u00f3\u00a0 per a esdeveniments esportius, culturals, musicals o gastron\u00f2mics, aix\u00ed com en festejos populars, passarel\u00b7les o fires. Organismes p\u00fablics, col\u00b7legis, empreses privades, teatres, associacions i organitzacions utilitzen els nostres teixits no teixits com a suport per a la impressi\u00f3 publicit\u00e0ria.<\/p>\n<p><img loading=\"lazy\" class=\"alignnone size-full wp-image-1212\" title=\"Oci. Esdeveniments i festejos\" alt=\"Oci. Esdeveniments i festejos\" src=\"https:\/\/tejidosintejer-notejido.es\/wp-content\/uploads\/ocio_eventos_-festejos.jpg\" width=\"309\" height=\"282\" srcset=\"https:\/\/tejidosintejer-notejido.es\/wp-content\/uploads\/ocio_eventos_-festejos.jpg 309w, https:\/\/tejidosintejer-notejido.es\/wp-content\/uploads\/ocio_eventos_-festejos-300x273.jpg 300w\" sizes=\"(max-width: 309px) 100vw, 309px\" \/><\/p>\n<p><\/div><div class=\"one_third\"><\/p>\n<h4>Cobriment.<\/h4>\n<p><a class=\"enl-aplic-producto\" href=\"https:\/\/tejidosintejer-notejido.es\/ca\/portfolio\/tst-bond\/\">TST BOND<\/a><br \/>\nEl teixit sense teixir TST BOND \u00e9s utilitzat com a element de cubrici\u00f3n per tapar coses que no es desitgen visibles, com per exemple tanques, carrosses o els baixos d&#8217;una taula. Tamb\u00e9 \u00e9s emprat com a estovalles de taula d&#8217;un sol \u00fas.<br \/>\nEn esdeveniments esportius, el teixit no teixit precortado permet la creaci\u00f3 de mosaics, aix\u00ed com disposar-ho en grans bandes a manera de bandera, o com a base per a grans r\u00e8tols i pancartes.<\/p>\n<h4>Decoraci\u00f3.<\/h4>\n<p><a class=\"enl-aplic-producto\" href=\"https:\/\/tejidosintejer-notejido.es\/ca\/portfolio\/tst-decor\/\">TST DECOR<\/a><br \/>\nL&#8217;\u00fas de les teles no teixides per a decoraci\u00f3 li permetr\u00e0 adornar sostres, revestir parets, cadires, taules, carpes, carrosses, etc..\u00a0 Disposem de no-teixits de diferents composicions, colors i aparen\u00e7a.<br \/>\nComposicions de TST de polipropil\u00e8, viscosa i poli\u00e8ster, ofereixen diferents possibilitats creatives.<\/p>\n<p><\/div><div class=\"one_third last\"><\/div><div class=\"clear\"><\/div><\/p>\n<h4>Disfresses.<\/h4>\n<p><a class=\"enl-aplic-producto\" href=\"https:\/\/tejidosintejer-notejido.es\/ca\/portfolio\/tst-bond\/\">TST BOND<\/a><br \/>\nEl teixit sense teixir <strong>TST BOND<\/strong> \u00e9s econ\u00f2mic, no t\u00f2xic i resistent a l&#8217;esquin\u00e7ament. Est\u00e0 disponible en un \u00e0mplia gamma de colors i gramatges, per la qual cosa \u00e9s ideal per a la fabricaci\u00f3 de disfresses en col\u00b7legis, guarderies, teatres, carnestoltes, festes o aniversaris.<br \/>\nEl nostre no teixit \u00e9s apropiat per a l&#8217;elaboraci\u00f3 de disfresses i complements , ja que el polipropil\u00e8 \u00e9s f\u00e0cil de tallar, i es cus sense dificultat.<\/p>\n<p><img loading=\"lazy\" class=\"alignnone size-full wp-image-1211\" title=\"Oci. Disfresses\" alt=\"Oci. Disfresses\" src=\"https:\/\/tejidosintejer-notejido.es\/wp-content\/uploads\/ocio_disfraces.jpg\" width=\"309\" height=\"282\" srcset=\"https:\/\/tejidosintejer-notejido.es\/wp-content\/uploads\/ocio_disfraces.jpg 309w, https:\/\/tejidosintejer-notejido.es\/wp-content\/uploads\/ocio_disfraces-300x273.jpg 300w\" sizes=\"(max-width: 309px) 100vw, 309px\" \/><\/p>\n<p><\/div><div class=\"clear\"><\/div><div class=\"one_third\"><a name=\"bolsas\"><\/a><\/p>\n<h3><span style=\"color: #d05f5b;\">Museus i galeries d\u00b4art:<\/span><\/h3>\n<p><a class=\"enl-aplic-producto\" href=\"https:\/\/tejidosintejer-notejido.es\/ca\/portfolio\/tst-protec\/\">TST PROTEC<\/a><br \/>\nTST PROTEC \u00e9s un no teixit utilitzat com a embalatge de protecci\u00f3 durant el transport tant terrestre com aeri d&#8217;obres d&#8217;art; aix\u00f2 \u00e9s a causa que presenta grans propietats com la resist\u00e8ncia a la penetraci\u00f3 i a l&#8217;esquin\u00e7ament, hidrofobia per a protecci\u00f3 enfront de l&#8217;aigua o altres subst\u00e0ncies l\u00edquides, protecci\u00f3 enfront la llum solar, transpirable per evitar possibles condensacions, etc. El seu tractament ign\u00edfug li permet complir amb les m\u00e9s estrictes exig\u00e8ncies per al transport aeri.<\/p>\n<p><img loading=\"lazy\" class=\"alignnone size-full wp-image-1213\" title=\"Oci. Museus y galeries\" alt=\"Oci. Museus y galeries\" src=\"https:\/\/tejidosintejer-notejido.es\/wp-content\/uploads\/ocio_museos_-galerias.jpg\" width=\"309\" height=\"282\" srcset=\"https:\/\/tejidosintejer-notejido.es\/wp-content\/uploads\/ocio_museos_-galerias.jpg 309w, https:\/\/tejidosintejer-notejido.es\/wp-content\/uploads\/ocio_museos_-galerias-300x273.jpg 300w\" sizes=\"(max-width: 309px) 100vw, 309px\" \/><\/p>\n<p><\/div><div class=\"one_third\"><\/p>\n<h4>Embalatge quadres<\/h4>\n<p><a class=\"enl-aplic-producto\" href=\"https:\/\/tejidosintejer-notejido.es\/ca\/portfolio\/tst-protec\/\">TST PROTEC<\/a><br \/>\nEl no teixit \u00e9s un material lleuger i molt suau, ideal per a la protecci\u00f3 de quadres contemporanis que no tenen marc.<br \/>\nQuan volem enrotllar dos o m\u00e9s obres de grans dimensions, hem d&#8217;utilitzar el teixit sense teixir TST PROTEC com a capa interm\u00e8dia de protecci\u00f3, evitant possibles friccions entre una l\u00e0mina i altra.<br \/>\nEl no teixit TST PROTEC permet els tractaments ign\u00edfug i antiest\u00e0tic, per la qual cosa \u00e9s un producte que s&#8217;ajusta als requeriments m\u00e9s exigents del client.<\/p>\n<p><\/div><div class=\"one_third last\"><\/p>\n<h4>Funda protectora escultures<\/h4>\n<p><a class=\"enl-aplic-producto\" href=\"https:\/\/tejidosintejer-notejido.es\/ca\/portfolio\/tst-protec\/\">TST PROTEC<\/a><br \/>\nEl no teixit <strong>TST PROTEC<\/strong> es manipula amb facilitat i permet diferents opcions d&#8217;uni\u00f3, com cosit, termofusi\u00f3 o ultras\u00f2, per la qual cosa \u00e9s indicat per a la confecci\u00f3 a mesura de fundes protectores per a les escultures. El nostre teixit sense teixir li garanteix la millor conservaci\u00f3 de les obres durant els trasllats.<\/p>\n<p><\/div><div class=\"clear\"><\/div><div class=\"one_third\"><a name=\"colegios\"><\/a><\/p>\n<h3><span style=\"color: #d05f5b;\">Col.legis i llars d\u00b4infants:<\/span><\/h3>\n<p>L&#8217;elevat cost de les cartolines fa que el no teixit TST BOND, tamb\u00e9 conegut com friselina, sigui cada vegada m\u00e9s utilitzat per a manualitats en llars d\u00b4infants, col\u00b7legis i escoles infantils. Els nostres no teixits s&#8217;ajusten a tasques b\u00e0siques com dibuixar, retallar, cosir o plegar, que requereixen activitats com\u00a0 manualitats, decorats o confecci\u00f3 de peces de roba.<\/p>\n<p><img loading=\"lazy\" class=\"alignnone size-full wp-image-1208\" title=\"Oci. Col\u00b7legis i llars d'infants\" alt=\"Oci. Col\u00b7legis i llars d'infants\" src=\"https:\/\/tejidosintejer-notejido.es\/wp-content\/uploads\/ocio_colegios_guarderias.jpg\" width=\"309\" height=\"282\" srcset=\"https:\/\/tejidosintejer-notejido.es\/wp-content\/uploads\/ocio_colegios_guarderias.jpg 309w, https:\/\/tejidosintejer-notejido.es\/wp-content\/uploads\/ocio_colegios_guarderias-300x273.jpg 300w\" sizes=\"(max-width: 309px) 100vw, 309px\" \/><\/p>\n<p><\/div><div class=\"one_third\"><\/p>\n<h4>Manualitats<\/h4>\n<p><a class=\"enl-aplic-producto\" href=\"https:\/\/tejidosintejer-notejido.es\/ca\/portfolio\/tst-bond\/\">TST BOND<\/a><br \/>\nLes manualitats fomenten el desenvolupament creatiu, art\u00edstic i emocional dels nens, ja que els permeten plasmar idees, emocions o sentiments. La utilitzaci\u00f3 del nostre no teixit TST BOND ajuda a imaginar noves formes de materialitzar idees.<br \/>\nTST BOND \u00e9s un producte no teixit que presenta gran diversitat de colors, per la qual cosa en la majoria dels casos pot substituir a la cartolina.<\/p>\n<h4>Confecci\u00f3 de peces<\/h4>\n<p><a class=\"enl-aplic-producto\" href=\"https:\/\/tejidosintejer-notejido.es\/ca\/portfolio\/tst-bond\/\">TST BOND<\/a><br \/>\nEl teixit sense teixir TST BOND \u00e9s adequat per a la confecci\u00f3 de tot tipus de peces, com a petos identificatius per als nens, borses de berenar, borses de sabates, pitets, davantals, m\u00e0sares, disfresses\u2026.<br \/>\nLes qualitats t\u00e8cniques del teixit no teixit admeten que aquest sigui rentat unes dues o tres vegades, per la qual cosa la seva reutilitzaci\u00f3 \u00e9s possible.<\/p>\n<p><\/div><div class=\"one_third last\"><\/p>\n<h4>Murals i decorats<\/h4>\n<p><a class=\"enl-aplic-producto\" href=\"https:\/\/tejidosintejer-notejido.es\/ca\/portfolio\/tst-bond\/\">TST BOND<\/a><br \/>\nEl gran format del nostre teixit sense teixir fa que sigui especialment indicat per a la composici\u00f3 de murals o decorats. La realitzaci\u00f3 d&#8217;aquest tipus d&#8217;activitats, generalment en grup, fomenta la relaci\u00f3 social entre els nens.<br \/>\nEl no teixit de friselina \u00e9s emprat per decorats en festes de finalitzaci\u00f3 de curs, teatres, carnestoltes, i altres activitats l\u00fadiques.<\/p>\n<p><img loading=\"lazy\" class=\"alignnone size-full wp-image-1210\" title=\"Oci. Murals i decorats\" alt=\"Oci. Murals i decorats\" src=\"https:\/\/tejidosintejer-notejido.es\/wp-content\/uploads\/ocio_colegios_guarderias_murales.jpg\" width=\"309\" height=\"282\" srcset=\"https:\/\/tejidosintejer-notejido.es\/wp-content\/uploads\/ocio_colegios_guarderias_murales.jpg 309w, https:\/\/tejidosintejer-notejido.es\/wp-content\/uploads\/ocio_colegios_guarderias_murales-300x273.jpg 300w\" sizes=\"(max-width: 309px) 100vw, 309px\" \/><\/p>\n<p><\/div><div class=\"clear\"><\/div><\/p>\n<!-- AddThis Advanced Settings generic via filter on the_content --><!-- AddThis Share Buttons generic via filter on the_content -->","protected":false},"excerpt":{"rendered":"<p>Ho sentim, aquest contingut nom\u00e9s est\u00e0 disponible en ES, EN i FR.<!-- AddThis Advanced Settings generic via filter on get_the_excerpt --><!-- AddThis Share Buttons generic via filter on get_the_excerpt --><\/p>\n","protected":false},"author":1,"featured_media":0,"parent":0,"menu_order":0,"comment_status":"closed","ping_status":"closed","template":"","meta":{"_mi_skip_tracking":false},"_links":{"self":[{"href":"https:\/\/tejidosintejer-notejido.es\/ca\/wp-json\/wp\/v2\/pages\/1096"}],"collection":[{"href":"https:\/\/tejidosintejer-notejido.es\/ca\/wp-json\/wp\/v2\/pages"}],"about":[{"href":"https:\/\/tejidosintejer-notejido.es\/ca\/wp-json\/wp\/v2\/types\/page"}],"author":[{"embeddable":true,"href":"https:\/\/tejidosintejer-notejido.es\/ca\/wp-json\/wp\/v2\/users\/1"}],"replies":[{"embeddable":true,"href":"https:\/\/tejidosintejer-notejido.es\/ca\/wp-json\/wp\/v2\/comments?post=1096"}],"version-history":[{"count":4,"href":"https:\/\/tejidosintejer-notejido.es\/ca\/wp-json\/wp\/v2\/pages\/1096\/revisions"}],"predecessor-version":[{"id":1121,"href":"https:\/\/tejidosintejer-notejido.es\/ca\/wp-json\/wp\/v2\/pages\/1096\/revisions\/1121"}],"wp:attachment":[{"href":"https:\/\/tejidosintejer-notejido.es\/ca\/wp-json\/wp\/v2\/media?parent=1096"}],"curies":[{"name":"wp","href":"https:\/\/api.w.org\/{rel}","templated":true}]}}