{"id":1090,"date":"2013-10-17T09:07:55","date_gmt":"2013-10-17T07:07:55","guid":{"rendered":"https:\/\/tejidosintejer-notejido.es\/?page_id=1090"},"modified":"2015-03-31T16:26:33","modified_gmt":"2015-03-31T14:26:33","slug":"agricultura","status":"publish","type":"page","link":"https:\/\/tejidosintejer-notejido.es\/ca\/agricultura\/","title":{"rendered":"Agricultura"},"content":{"rendered":"<p><\/span><\/p>\n<p><span style=\"color: #ffffff;\"><div class=\"one_third\"><\/span><\/p>\n<div class=\"subnav-wrap\"><span style=\"color: #ffffff;\"><a style=\"margin-left: 0px; color: #ffffff;\" href=\"#cultivos\">Cultius exterior<\/a> <span style=\"font-size: 20px;\">|<\/span> <a style=\"color: #ffffff;\" href=\"#bolsas\">Cultius interior<\/a><\/span><\/div>\n<p><span style=\"color: #ffffff;\"><\/div><div class=\"one_third\"> <\/div><div class=\"one_third last\"><\/div><div class=\"clear\"><\/div><div class=\"one_third\"><a style=\"color: #ffffff;\" name=\"cultivos\"><\/a><\/span><\/p>\n<h3><span style=\"color: #ffffff;\">Cultius exterior:<\/span><\/h3>\n<p><span style=\"color: #ffffff;\">En grans \u00e0rees, com a camps de cultiu de vegetals, herbacis, jardins i zones verdes, els no-teixits ajuden en el creixement de fruits i plantes, i augmenten la producci\u00f3. La <strong>manta t\u00e8rmica<\/strong> de <strong>teixit sense teixir TST UV <\/strong> cont\u00e9 un tractament estabilitzat als raigs ultraviolat que crea una barrera clim\u00e0tica, permetent un augment de temperatura respecte a l&#8217;exterior d&#8217;entre 3 i 5 graus. En l&#8217;agricultura, el <strong>teixit sense teixir TST UV<\/strong> \u00e9s un producte que aporta un gran valor afegit, ja que ajuda a estalviar temps i diners enfront de les plagues i gelades. <img loading=\"lazy\" class=\"alignnone size-full wp-image-1226\" title=\"Agricultura. Cultivos exterior\" src=\"https:\/\/tejidosintejer-notejido.es\/wp-content\/uploads\/agricultura_cultivos_exterior1.jpg\" alt=\"Agricultura. Cultivos exterior\" width=\"309\" height=\"282\" srcset=\"https:\/\/tejidosintejer-notejido.es\/wp-content\/uploads\/agricultura_cultivos_exterior1.jpg 309w, https:\/\/tejidosintejer-notejido.es\/wp-content\/uploads\/agricultura_cultivos_exterior1-300x273.jpg 300w\" sizes=\"(max-width: 309px) 100vw, 309px\" \/> <\/div><div class=\"one_third\"><\/span><\/p>\n<h4><span style=\"color: #ffffff;\">Cultius en terra.<\/span><\/h4>\n<p><span style=\"color: #ffffff;\"><a class=\"enl-aplic-producto\" style=\"color: #ffffff;\" href=\"https:\/\/tejidosintejer-notejido.es\/ca\/portfolio\/tst-uv\/\">TST UV<\/a> El nostre vel <strong>t\u00e8rmic de no teixit TST UV<\/strong> est\u00e0 preparat per augmentar la temperatura de l&#8217;horta de fruites i hortalisses. Es tracta d&#8217;una malla t\u00e8rmica que protegeix contra agents externs com s\u00f3n el vent, el fred, el gebre, la mosca blanca i els insectes; minimitzant els danys ocasionats per la calamarsa, sobretot en cultius sensibles com s\u00f3n els enciams, els espinacs, les s\u00edndries, la remolatxa, el mel\u00f3, etc. El <strong>teixit sense teixir TST UV<\/strong> \u00e9s un producte micro-por\u00f3s, transl\u00facid i permeable a l&#8217;aigua, per la qual cosa s&#8217;aprofita el 100% de les pluges. La manta t\u00e8rmica incrementa la producci\u00f3, afavoreix un creixement \u00f2ptim i comporta una major precocitat en la recol\u00b7lecci\u00f3 de cultius.<\/span><\/p>\n<h4><span style=\"color: #ffffff;\">Cultius d&#8217;arbres.<\/span><\/h4>\n<p><span style=\"color: #ffffff;\"><a class=\"enl-aplic-producto\" style=\"color: #ffffff;\" href=\"https:\/\/tejidosintejer-notejido.es\/ca\/portfolio\/tst-uv\/\">TST UV<\/a> A partir de la malla t\u00e8rmica de <strong>no-teixit de polipropil\u00e8 TST UV<\/strong> s&#8217;elaboren borses o petits sacs de diferents mesures adaptats a les necessitats del fruit, segons sigui per cl\u00fasters de ra\u00efm, pr\u00e9ssecs, bananes, guan\u00e0banes, etc. Aquestes borses t\u00e8rmiques preparades per a\u00efllar i protegir el fruit d&#8217;insectes i plagues, contribueixen a minimitzar els efectes meteorol\u00f2gics, la qual cosa repercuteix en unes excepcionals qualitats del fruit, com a major quantitat d&#8217;aromes, sucres i una saludable maduraci\u00f3. L&#8217;embossat manual eleva els costos de producci\u00f3 a causa del temps emprat a la m\u00e0 d&#8217;obra, encara que existeix la possibilitat de reutilitzar-les per abaratir costos. En qualsevol cas, la seva utilitzaci\u00f3 repercuteix favorablement tant productiva com econ\u00f2micament. <\/div><div class=\"one_third last\"><\/span><\/p>\n<h4><span style=\"color: #ffffff;\">Protecci\u00f3 gespa.<\/span><\/h4>\n<p><span style=\"color: #ffffff;\"><a class=\"enl-aplic-producto\" style=\"color: #ffffff;\" href=\"https:\/\/tejidosintejer-notejido.es\/ca\/portfolio\/tst-uv\/\">TST UV<\/a> Amb motiu de garantir les millors condicions del terreny de joc, protegint-ho enfront de les gelades, cada vegada s\u00f3n m\u00e9s clubs els que confien en les qualitats t\u00e8cniques del no teixit t\u00e8rmic TST UV. Durant la ressembra, aquest vel t\u00e8rmic protegeix enfront de plagues de fongs i millora la densitat del camp, accelerant el proc\u00e9s de germinaci\u00f3 de les llavors i evitant a m\u00e9s el cost de tenir aus rapinyaires per espantar les colomes. A m\u00e9s, s&#8217;eviten possibles condensacions sobre el teixit no teixit gr\u00e0cies a la seva ventilaci\u00f3 natural.<\/span><\/p>\n<h4><span style=\"color: #ffffff;\">Lluita contra herba en jardins.<\/span><\/h4>\n<p><span style=\"color: #ffffff;\"><a class=\"enl-aplic-producto\" style=\"color: #ffffff;\" href=\"https:\/\/tejidosintejer-notejido.es\/ca\/portfolio\/tst-bond\/\">TST BOND<\/a> En color fosc, el <strong>no-teixit anti-herba de polipropil\u00e8<\/strong> evita el creixement de la mala herba no desitjada, ja que evita el pas de la llum solar. Amb l&#8217;objectiu d&#8217;obtenir una major durabilitat del no teixit, aplicarem el tractament ultraviolat. En jardineria, el <strong>teixit sense teixir anti-herba<\/strong> se sol col\u2022locar com embuatat baix graves, \u00e0rids, marmolinas o escorces. El nostre <strong>teixit sense teixir TST BOND<\/strong> \u00e9s aplicat tant per jardiners professionals en actuacions paisatg\u00edstiques, com per particulars en usos dom\u00e8stics, ja que permet economitzar evitant els treballs de deshierbe.<\/span><\/p>\n<h4><span style=\"color: #ffffff;\">Antigebre en jardins.<\/span><\/h4>\n<p><span style=\"color: #ffffff;\"><a class=\"enl-aplic-producto\" style=\"color: #ffffff;\" href=\"https:\/\/tejidosintejer-notejido.es\/ca\/portfolio\/tst-uv\/\">TST UV<\/a> Durant l&#8217;hivern, esp\u00e8cies febles com l\u00b4\u00e0loe vera o el llimoner queden exposades a les condicions meteorol\u00f2giques m\u00e9s adverses. La millor forma de protegir arbres, arbust o flors durant aquesta \u00e8poca de l&#8217;any \u00e9s recobrint-los amb <strong>vel t\u00e8rmic<\/strong> TST UV. El nostre <strong>no-teixit d&#8217;acci\u00f3 pantalla t\u00e8rmica UV<\/strong> controla les gelades i els vents freds, t\u00e9 funci\u00f3 anti gebre i est\u00e0 preparat per suportar forts canvis de temperatura. Aquest abric no teixit \u00e9s transpirable i deixa passar la pluja, per la qual cosa la oxigenaci\u00f3 interior \u00e9s constant.<\/div><div class=\"clear\"><\/div><div class=\"one_third\"><a style=\"color: #ffffff;\" name=\"bolsas\"><\/a><\/span><\/p>\n<h3><span style=\"color: #ffffff;\">Cultius interior:<\/span><\/h3>\n<p><span style=\"color: #ffffff;\">La temperatura afecta directament al proc\u00e9s de fotos\u00edntesi, tant en la seva durada, com en la seva intensitat, influint tamb\u00e9 en la transpiraci\u00f3 i en l&#8217;absorci\u00f3 de l&#8217;energia solar. El nostre <strong>vel t\u00e8rmic de polipropil\u00e8 TST UV <\/strong>augmenta la temperatura de les plantes, contribuint en la funci\u00f3 de la fotos\u00edntesi. Permeabilitat a llum solar, protecci\u00f3 davant plagues, insectes i gelades, o r\u00e0pida floraci\u00f3, s\u00f3n alguns dels beneficis que s&#8217;obtenen amb la manta t\u00e8rmica. <img loading=\"lazy\" class=\"alignnone size-full wp-image-1228\" title=\"Agricultura. Cultivos interior\" src=\"https:\/\/tejidosintejer-notejido.es\/wp-content\/uploads\/agricultura_cultivos_interior2.jpg\" alt=\"Agricultura. Cultivos interior\" width=\"309\" height=\"282\" srcset=\"https:\/\/tejidosintejer-notejido.es\/wp-content\/uploads\/agricultura_cultivos_interior2.jpg 309w, https:\/\/tejidosintejer-notejido.es\/wp-content\/uploads\/agricultura_cultivos_interior2-300x273.jpg 300w\" sizes=\"(max-width: 309px) 100vw, 309px\" \/> <\/div><div class=\"one_third\"><\/span><\/p>\n<h4><span style=\"color: #ffffff;\">Vivers<\/span><\/h4>\n<p><span style=\"color: #ffffff;\"><a class=\"enl-aplic-producto\" style=\"top: 7px; color: #ffffff;\" href=\"https:\/\/tejidosintejer-notejido.es\/ca\/portfolio\/tst-uv\/\">TST UV<\/a> En \u00e8poca hivernal, la manta t\u00e8rmica de <strong>no teixit TST UV<\/strong> s&#8217;utilitza en vivers amb el prop\u00f2sit de crear un microclima per al control t\u00e8rmic i biol\u00f2gic de les plantes. L&#8217;abric t\u00e8rmic \u00e9s lleuger, permeable a l&#8217;aire, a l&#8217;aigua i a la llum, permet avan\u00e7ar les floracions de les plantes ornamentals, i ampliar la varietat d&#8217;esp\u00e8cies i \u00e8poques de cultiu. La utilitzaci\u00f3 del <strong>teixit no teixit UV<\/strong> rendibilitza la producci\u00f3, la precocitat, el pes i la concentraci\u00f3 de la collita. <\/div><div class=\"one_third last\"><\/span><\/p>\n<h4><span style=\"color: #ffffff;\">Hivernacles<\/span><\/h4>\n<p><span style=\"color: #ffffff;\"><a class=\"enl-aplic-producto\" style=\"top: 7px; color: #ffffff;\" href=\"https:\/\/tejidosintejer-notejido.es\/ca\/portfolio\/tst-uv\/\">TST UV<\/a> Mentre que un ambient d&#8217;hivernacle afavoreix el creixement de tom\u00e0quets, pebrots, alberg\u00ednies i altres vegetals, les altes temperatures i la humitat provoquen la propagaci\u00f3 d&#8217;insectes i malalties, per la qual cosa es recomana la seva protecci\u00f3 mitjan\u00e7ant <strong>vel t\u00e8rmic de polipropil\u00e8 TST UV<\/strong>. Al mateix temps, aquesta manta t\u00e8rmica permet controlar les temperatures m\u00e9s intenses, la humitat i la llum. El teixit sense teixir de polipropil\u00e8 UV provoca un augment quant a quantitat i qualitat de la producci\u00f3..<\/div><div class=\"clear\"><\/div><\/span><\/p>\n<p><\/p>\n<!-- AddThis Advanced Settings generic via filter on the_content --><!-- AddThis Share Buttons generic via filter on the_content -->","protected":false},"excerpt":{"rendered":"<p><!-- AddThis Advanced Settings generic via filter on get_the_excerpt --><!-- AddThis Share Buttons generic via filter on get_the_excerpt --><\/p>\n","protected":false},"author":1,"featured_media":0,"parent":0,"menu_order":0,"comment_status":"closed","ping_status":"closed","template":"","meta":{"_mi_skip_tracking":false},"_links":{"self":[{"href":"https:\/\/tejidosintejer-notejido.es\/ca\/wp-json\/wp\/v2\/pages\/1090"}],"collection":[{"href":"https:\/\/tejidosintejer-notejido.es\/ca\/wp-json\/wp\/v2\/pages"}],"about":[{"href":"https:\/\/tejidosintejer-notejido.es\/ca\/wp-json\/wp\/v2\/types\/page"}],"author":[{"embeddable":true,"href":"https:\/\/tejidosintejer-notejido.es\/ca\/wp-json\/wp\/v2\/users\/1"}],"replies":[{"embeddable":true,"href":"https:\/\/tejidosintejer-notejido.es\/ca\/wp-json\/wp\/v2\/comments?post=1090"}],"version-history":[{"count":14,"href":"https:\/\/tejidosintejer-notejido.es\/ca\/wp-json\/wp\/v2\/pages\/1090\/revisions"}],"predecessor-version":[{"id":2001,"href":"https:\/\/tejidosintejer-notejido.es\/ca\/wp-json\/wp\/v2\/pages\/1090\/revisions\/2001"}],"wp:attachment":[{"href":"https:\/\/tejidosintejer-notejido.es\/ca\/wp-json\/wp\/v2\/media?parent=1090"}],"curies":[{"name":"wp","href":"https:\/\/api.w.org\/{rel}","templated":true}]}}